{"id":32464,"date":"2020-10-23T01:55:21","date_gmt":"2020-10-23T01:55:21","guid":{"rendered":"https:\/\/easyselfies.com\/o-nas\/"},"modified":"2025-11-28T20:53:13","modified_gmt":"2025-11-28T20:53:13","slug":"o-nas","status":"publish","type":"page","link":"https:\/\/easyselfies.com\/cs\/o-nas\/","title":{"rendered":"O n\u00e1s"},"content":{"rendered":"<h2>P\u0159em\u011bn\u00edme tv\u016fj n\u00e1pad na<br \/>\nrealitu<\/h2>\n<p>Ka\u017ed\u00fd skv\u011bl\u00fd produkt vznik\u00e1 z jednoduch\u00e9ho, lidsk\u00e9ho probl\u00e9mu. Pro EasySelfies to byl probl\u00e9m rodinn\u00e9 dovolen\u00e9, kter\u00e1 m\u00e1lem nevy\u0161la.<\/p>\n<p>N\u00e1\u0161 zakladatel, James Frank, byl na dlouho o\u010dek\u00e1van\u00e9m v\u00fdlet\u011b s celou rodinou. Scen\u00e9rie byla \u00fachvatn\u00e1, okam\u017eiky byly k nezaplacen\u00ed, ale fotky? Ty byly katastrofa.<\/p>\n<p>P\u0159edstav si to: ruka jeho \u017eeny nebyla dost dlouh\u00e1 na skupinov\u00e9 selfie. Jeho dcera z\u00e1pasila s levnou, vratkou selfie ty\u010d\u00ed. Telefon jeho syna byl nebezpe\u010dn\u011b vyv\u00e1\u017een na kameni pro \u010dasovanou fotku. Jeho otec nemohl p\u0159ij\u00edt na spr\u00e1vn\u00fd \u00fahel a jeho matka na fotk\u00e1ch chyb\u011bla \u00fapln\u011b.<\/p>\n<p>V tom okam\u017eiku, obklopen lidmi, kter\u00e9 miloval nejv\u00edce, si James uv\u011bdomil, \u017ee se jim neda\u0159\u00ed zachytit vzpom\u00ednky, kv\u016fli kter\u00fdm p\u0159ijeli. Vid\u011bl univerz\u00e1ln\u00ed probl\u00e9m: <strong>spr\u00e1vn\u00e1 technologie pro dokonal\u00e9, bezstarostn\u00e9 fotky prost\u011b pro b\u011b\u017en\u00e9 lidi neexistovala.<\/strong><\/p>\n<p>\t\t\t\t\t\t\t\t\t\t\t\t\t\t\t<img decoding=\"async\" width=\"159\" height=\"65\" src=\"https:\/\/easyselfies.com\/wp-content\/uploads\/2020\/10\/img1-about.png\" alt=\"Smartic\">\t\t\t\t\t\t\t\t\t\t\t\t\t\t\t<\/p>\n<p><strong>James Frank<\/strong> \/ CEO<\/p>\n<p>\t\t\t\t\t\t\t\t\t\t\t\t\t\t\t<img fetchpriority=\"high\" decoding=\"async\" width=\"768\" height=\"1152\" src=\"https:\/\/easyselfies.com\/wp-content\/uploads\/2025\/11\/20251109_1644_Selfie-Stick-Packaging_remix_01k9mdnx1keg29whratrmsmrfd-768x1152.webp\" alt=\"\" srcset=\"https:\/\/easyselfies.com\/wp-content\/uploads\/2025\/11\/20251109_1644_Selfie-Stick-Packaging_remix_01k9mdnx1keg29whratrmsmrfd-768x1152.webp 768w, https:\/\/easyselfies.com\/wp-content\/uploads\/2025\/11\/20251109_1644_Selfie-Stick-Packaging_remix_01k9mdnx1keg29whratrmsmrfd-200x300.webp 200w, https:\/\/easyselfies.com\/wp-content\/uploads\/2025\/11\/20251109_1644_Selfie-Stick-Packaging_remix_01k9mdnx1keg29whratrmsmrfd-683x1024.webp 683w, https:\/\/easyselfies.com\/wp-content\/uploads\/2025\/11\/20251109_1644_Selfie-Stick-Packaging_remix_01k9mdnx1keg29whratrmsmrfd-400x600.webp 400w, https:\/\/easyselfies.com\/wp-content\/uploads\/2025\/11\/20251109_1644_Selfie-Stick-Packaging_remix_01k9mdnx1keg29whratrmsmrfd.webp 1024w\" sizes=\"(max-width: 768px) 100vw, 768px\">\t\t\t\t\t\t\t\t\t\t\t\t\t\t\t<\/p>\n<h3>\n  Doprava zdarma<br \/>\n\t\t\t\t\t<\/h3>\n<h3>\n  Bezpe\u010dn\u00e9 platby<br \/>\n\t\t\t\t\t<\/h3>\n<h3>\n  Vysok\u00e9 standardy<br \/>\n\t\t\t\t\t<\/h3>\n","protected":false},"excerpt":{"rendered":"<p>P\u0159em\u011bn\u00edme tv\u016fj n\u00e1pad na realitu Ka\u017ed\u00fd skv\u011bl\u00fd produkt vznik\u00e1 z jednoduch\u00e9ho, lidsk\u00e9ho probl\u00e9mu. Pro EasySelfies to byl probl\u00e9m rodinn\u00e9 dovolen\u00e9, kter\u00e1 m\u00e1lem nevy\u0161la. N\u00e1\u0161 zakladatel, James Frank, byl na dlouho o\u010dek\u00e1van\u00e9m v\u00fdlet\u011b s celou rodinou. Scen\u00e9rie byla \u00fachvatn\u00e1, okam\u017eiky byly k nezaplacen\u00ed, ale fotky? Ty byly katastrofa. P\u0159edstav si to: ruka jeho \u017eeny nebyla dost [&hellip;]<\/p>\n","protected":false},"author":1,"featured_media":0,"parent":0,"menu_order":0,"comment_status":"closed","ping_status":"closed","template":"elementor_header_footer","meta":{"footnotes":""},"class_list":["post-32464","page","type-page","status-publish","hentry"],"_links":{"self":[{"href":"https:\/\/easyselfies.com\/cs\/wp-json\/wp\/v2\/pages\/32464","targetHints":{"allow":["GET"]}}],"collection":[{"href":"https:\/\/easyselfies.com\/cs\/wp-json\/wp\/v2\/pages"}],"about":[{"href":"https:\/\/easyselfies.com\/cs\/wp-json\/wp\/v2\/types\/page"}],"author":[{"embeddable":true,"href":"https:\/\/easyselfies.com\/cs\/wp-json\/wp\/v2\/users\/1"}],"replies":[{"embeddable":true,"href":"https:\/\/easyselfies.com\/cs\/wp-json\/wp\/v2\/comments?post=32464"}],"version-history":[{"count":1,"href":"https:\/\/easyselfies.com\/cs\/wp-json\/wp\/v2\/pages\/32464\/revisions"}],"predecessor-version":[{"id":32467,"href":"https:\/\/easyselfies.com\/cs\/wp-json\/wp\/v2\/pages\/32464\/revisions\/32467"}],"wp:attachment":[{"href":"https:\/\/easyselfies.com\/cs\/wp-json\/wp\/v2\/media?parent=32464"}],"curies":[{"name":"wp","href":"https:\/\/api.w.org\/{rel}","templated":true}]}}