{"id":32568,"date":"2025-04-18T13:21:26","date_gmt":"2025-04-18T13:21:26","guid":{"rendered":"https:\/\/easyselfies.com\/zasady-ochrany-osobnich-udaju\/"},"modified":"2025-11-28T21:44:47","modified_gmt":"2025-11-28T21:44:47","slug":"zasady-ochrany-osobnich-udaju","status":"publish","type":"page","link":"https:\/\/easyselfies.com\/cs\/zasady-ochrany-osobnich-udaju\/","title":{"rendered":"Z\u00e1sady ochrany osobn\u00edch \u00fadaj\u016f"},"content":{"rendered":"\t\t<div data-elementor-type=\"wp-page\" data-elementor-id=\"32568\" class=\"elementor elementor-32568 elementor-3\" data-elementor-post-type=\"page\">\n\t\t\t\t<div class=\"elementor-element elementor-element-196904b2 e-flex e-con-boxed e-con e-parent\" data-id=\"196904b2\" data-element_type=\"container\">\n\t\t\t\t\t<div class=\"e-con-inner\">\n\t\t\t\t<div class=\"elementor-element elementor-element-7e7e243b elementor-widget elementor-widget-text-editor\" data-id=\"7e7e243b\" data-element_type=\"widget\" data-widget_type=\"text-editor.default\">\n\t\t\t\t<div class=\"elementor-widget-container\">\n\t\t\t\t\t\t\t\t\t\n<h3><strong>Z\u00e1sady ochrany osobn\u00edch \u00fadaj\u016f pro <a href=\"https:\/\/easyselfies.com\/cs\/\" target=\"_blank\" rel=\"noopener noreferrer\">EasySelfies.com<\/a><\/strong><\/h3>\n<p class=\"ds-markdown-paragraph\"><strong>Posledn\u00ed aktualizace:<\/strong> May 24, 2024<\/p>\n<p class=\"ds-markdown-paragraph\"><strong>1. \u00davod<\/strong><\/p>\n<p class=\"ds-markdown-paragraph\">V\u00edtejte na <a href=\"https:\/\/easyselfies.com\/cs\/\" target=\"_blank\" rel=\"noopener noreferrer\">EasySelfies.com<\/a> (\u201emy\u201c, \u201ena\u0161e\u201c nebo \u201en\u00e1s\u201c). Zavazujeme se chr\u00e1nit va\u0161e soukrom\u00ed a nakl\u00e1dat s va\u0161imi \u00fadaji transparentn\u011b a pe\u010dliv\u011b. Tyto Z\u00e1sady ochrany osobn\u00edch \u00fadaj\u016f vysv\u011btluj\u00ed, jak shroma\u017e\u010fujeme, pou\u017e\u00edv\u00e1me a chr\u00e1n\u00edme va\u0161e osobn\u00ed \u00fadaje, kdy\u017e nav\u0161t\u00edv\u00edte na\u0161e webov\u00e9 str\u00e1nky a zakoup\u00edte si na\u0161e produkty.  <\/p>\n<p class=\"ds-markdown-paragraph\">Pou\u017eit\u00edm <a href=\"https:\/\/easyselfies.com\/cs\/\" target=\"_blank\" rel=\"noopener noreferrer\">EasySelfies.com<\/a>, souhlas\u00edte s postupy popsan\u00fdmi v t\u011bchto z\u00e1sad\u00e1ch.<\/p>\n<p class=\"ds-markdown-paragraph\"><strong>2. Informace, kter\u00e9 shroma\u017e\u010fujeme<\/strong><\/p>\n<p class=\"ds-markdown-paragraph\">Shroma\u017e\u010fujeme informace, kter\u00e9 jsou nezbytn\u00e9 k vy\u0159\u00edzen\u00ed va\u0161ich objedn\u00e1vek a k zaji\u0161t\u011bn\u00ed bezprobl\u00e9mov\u00e9ho z\u00e1kaznick\u00e9ho z\u00e1\u017eitku. Pat\u0159\u00ed sem: <\/p>\n<ul>\n<li>\n<p class=\"ds-markdown-paragraph\"><strong>Osobn\u00ed identifik\u00e1tory:<\/strong> Va\u0161e jm\u00e9no, dodac\u00ed adresa, e-mailov\u00e1 adresa a telefonn\u00ed \u010d\u00edslo.<\/p>\n<\/li>\n<li>\n<p class=\"ds-markdown-paragraph\"><strong>Informace o platb\u011b:<\/strong> \u00dadaje o va\u0161\u00ed kreditn\u00ed\/debetn\u00ed kart\u011b. Upozor\u0148ujeme, \u017ee v\u0161echny platby zpracov\u00e1vaj\u00ed na\u0161i zabezpe\u010den\u00ed platebn\u00ed zpracovatel\u00e9 t\u0159et\u00edch stran. Na na\u0161ich serverech neukl\u00e1d\u00e1me \u00fapln\u00e9 \u00fadaje o va\u0161\u00ed kart\u011b.  <\/p>\n<\/li>\n<li>\n<p class=\"ds-markdown-paragraph\"><strong>Informace o objedn\u00e1vce:<\/strong> Podrobnosti o produktech, kter\u00e9 si zakoup\u00edte, a historii va\u0161ich transakc\u00ed.<\/p>\n<\/li>\n<li>\n<p class=\"ds-markdown-paragraph\"><strong>Communication Data:<\/strong> Any correspondence we have with you, including customer support inquiries.<\/p>\n<\/li>\n<li>\n<p class=\"ds-markdown-paragraph\"><strong>Technick\u00e1 data:<\/strong> Va\u0161e IP adresa, typ prohl\u00ed\u017ee\u010de a informace o va\u0161\u00ed n\u00e1v\u0161t\u011bv\u011b na\u0161ich webov\u00fdch str\u00e1nek (shroma\u017e\u010fovan\u00e9 prost\u0159ednictv\u00edm soubor\u016f cookie a podobn\u00fdch technologi\u00ed), kter\u00e9 n\u00e1m pom\u00e1haj\u00ed vylep\u0161it funk\u010dnost na\u0161ich str\u00e1nek.<\/p>\n<\/li>\n<\/ul>\n<p class=\"ds-markdown-paragraph\"><strong>3. Pro\u010d shroma\u017e\u010fujeme va\u0161e informace (pr\u00e1vn\u00ed z\u00e1klad)<\/strong><\/p>\n<p class=\"ds-markdown-paragraph\">Va\u0161e osobn\u00ed \u00fadaje shroma\u017e\u010fujeme a pou\u017e\u00edv\u00e1me pro n\u00e1sleduj\u00edc\u00ed legitimn\u00ed obchodn\u00ed \u00fa\u010dely:<\/p>\n<ul>\n<li>\n<p class=\"ds-markdown-paragraph\"><strong>Pro spln\u011bn\u00ed va\u0161\u00ed objedn\u00e1vky:<\/strong> Va\u0161e jm\u00e9no, adresu a kontaktn\u00ed \u00fadaje pot\u0159ebujeme ke zpracov\u00e1n\u00ed va\u0161\u00ed platby, doru\u010den\u00ed produktu a zas\u00edl\u00e1n\u00ed potvrzen\u00ed objedn\u00e1vek a ozn\u00e1men\u00ed o odesl\u00e1n\u00ed. Toto je smluvn\u00ed nutnost. <\/p>\n<\/li>\n<li>\n<p class=\"ds-markdown-paragraph\"><strong>Pro komunikaci s v\u00e1mi:<\/strong> V\u00e1\u0161 e-mail a telefonn\u00ed \u010d\u00edslo pou\u017e\u00edv\u00e1me k poskytov\u00e1n\u00ed z\u00e1kaznick\u00e9 podpory, zodpov\u00edd\u00e1n\u00ed va\u0161ich dotaz\u016f a upozor\u0148ov\u00e1n\u00ed na d\u016fle\u017eit\u00e9 aktualizace t\u00fdkaj\u00edc\u00ed se va\u0161\u00ed objedn\u00e1vky.<\/p>\n<\/li>\n<li>\n<p class=\"ds-markdown-paragraph\"><strong>Chcete-li zlep\u0161it na\u0161e webov\u00e9 str\u00e1nky:<\/strong> Analyzujeme technick\u00e1 data a data o u\u017e\u00edv\u00e1n\u00ed, abychom pochopili, jak si na\u0161e webov\u00e9 str\u00e1nky vedou a jak m\u016f\u017eeme vylep\u0161it v\u00e1\u0161 z\u00e1\u017eitek z jejich pou\u017e\u00edv\u00e1n\u00ed.<\/p>\n<\/li>\n<\/ul>\n<p class=\"ds-markdown-paragraph\"><strong>4. Jak sd\u00edl\u00edme va\u0161e informace<\/strong><\/p>\n<p class=\"ds-markdown-paragraph\">V\u00e1\u017e\u00edme si va\u0161\u00ed d\u016fv\u011bry a neprod\u00e1v\u00e1me ani nepronaj\u00edm\u00e1me va\u0161e osobn\u00ed \u00fadaje t\u0159et\u00edm stran\u00e1m. Va\u0161e \u00fadaje sd\u00edl\u00edme pouze s d\u016fv\u011bryhodn\u00fdmi partnery, kte\u0159\u00ed n\u00e1m pom\u00e1haj\u00ed s provozem na\u0161ich webov\u00fdch str\u00e1nek a podnik\u00e1n\u00edm, a to v souladu s p\u0159\u00edsn\u00fdmi dohodami o ml\u010denlivosti: <\/p>\n<ul>\n<li>\n<p class=\"ds-markdown-paragraph\"><strong>P\u0159epravn\u00ed partne\u0159i:<\/strong> Va\u0161e jm\u00e9no a dodac\u00ed adresu sd\u00edl\u00edme s doru\u010dovac\u00edmi slu\u017ebami (nap\u0159. FedEx, DHL, celost\u00e1tn\u00ed po\u0161tovn\u00ed slu\u017eby), abychom v\u00e1m mohli produkt doru\u010dit.<\/p>\n<\/li>\n<li>\n<p class=\"ds-markdown-paragraph\"><strong>Zpracovatel\u00e9 plateb:<\/strong> Sd\u00edl\u00edme transak\u010dn\u00ed data se zabezpe\u010den\u00fdmi platebn\u00edmi branami za \u00fa\u010delem zpracov\u00e1n\u00ed va\u0161ich plateb.<\/p>\n<\/li>\n<li>\n<p class=\"ds-markdown-paragraph\"><strong>Poskytovatel\u00e9 slu\u017eeb:<\/strong> Pro webhosting, analytiku a z\u00e1kaznickou podporu m\u016f\u017eeme vyu\u017e\u00edvat slu\u017eby t\u0159et\u00edch stran.<\/p>\n<\/li>\n<\/ul>\n<p class=\"ds-markdown-paragraph\"><strong>5. Uchov\u00e1v\u00e1n\u00ed \u00fadaj\u016f<\/strong><\/p>\n<p class=\"ds-markdown-paragraph\">Va\u0161e osobn\u00ed \u00fadaje budeme uchov\u00e1vat pouze po dobu nezbytn\u011b nutnou pro \u00fa\u010dely stanoven\u00e9 v t\u011bchto z\u00e1sad\u00e1ch nebo po dobu nezbytn\u011b nutnou k pln\u011bn\u00ed na\u0161ich z\u00e1konn\u00fdch povinnost\u00ed, \u0159e\u0161en\u00ed spor\u016f a vym\u00e1h\u00e1n\u00ed na\u0161ich smluv. Informace o objedn\u00e1vk\u00e1ch obvykle uchov\u00e1v\u00e1me pro da\u0148ov\u00e9 a z\u00e1ru\u010dn\u00ed \u00fa\u010dely po dobu minim\u00e1ln\u011b 4 let. <\/p>\n<p class=\"ds-markdown-paragraph\"><strong>6. Va\u0161e pr\u00e1va na ochranu osobn\u00edch \u00fadaj\u016f<\/strong><\/p>\n<p class=\"ds-markdown-paragraph\">V z\u00e1vislosti na va\u0161\u00ed poloze m\u016f\u017eete m\u00edt ohledn\u011b sv\u00fdch osobn\u00edch \u00fadaj\u016f n\u00e1sleduj\u00edc\u00ed pr\u00e1va:<\/p>\n<ul>\n<li>\n<p class=\"ds-markdown-paragraph\"><strong>Pr\u00e1vo na p\u0159\u00edstup:<\/strong> M\u016f\u017eete si vy\u017e\u00e1dat kopii osobn\u00edch \u00fadaj\u016f, kter\u00e9 o v\u00e1s uchov\u00e1v\u00e1me.<\/p>\n<\/li>\n<li>\n<p class=\"ds-markdown-paragraph\"><strong>Pr\u00e1vo na opravu:<\/strong> M\u016f\u017eete n\u00e1s po\u017e\u00e1dat o opravu nep\u0159esn\u00fdch nebo ne\u00fapln\u00fdch \u00fadaj\u016f.<\/p>\n<\/li>\n<li>\n<p class=\"ds-markdown-paragraph\"><strong>Pr\u00e1vo na v\u00fdmaz:<\/strong> M\u016f\u017eete po\u017e\u00e1dat o v\u00fdmaz va\u0161ich osobn\u00edch \u00fadaj\u016f, s v\u00fdhradou ur\u010dit\u00fdch z\u00e1konn\u00fdch omezen\u00ed.<\/p>\n<\/li>\n<li>\n<p class=\"ds-markdown-paragraph\"><strong>Pr\u00e1vo vzn\u00e9st n\u00e1mitku:<\/strong> M\u016f\u017eete vzn\u00e9st n\u00e1mitky proti ur\u010dit\u00fdm typ\u016fm zpracov\u00e1n\u00ed, jako je nap\u0159\u00edklad p\u0159\u00edm\u00fd marketing.<\/p>\n<\/li>\n<\/ul>\n<p class=\"ds-markdown-paragraph\">Chcete-li uplatnit kter\u00e9koli z t\u011bchto pr\u00e1v, kontaktujte n\u00e1s pros\u00edm na adrese info@easyselfies.com.<br><br><\/p>\n<p class=\"ds-markdown-paragraph\"><strong>7. Soubory cookie<\/strong><\/p>\n<p class=\"ds-markdown-paragraph\">Na\u0161e webov\u00e9 str\u00e1nky pou\u017e\u00edvaj\u00ed soubory cookie, aby v\u00e1s odli\u0161ily od ostatn\u00edch u\u017eivatel\u016f. To n\u00e1m pom\u00e1h\u00e1 poskytovat v\u00e1m p\u0159\u00edjemn\u00fd z\u00e1\u017eitek z prohl\u00ed\u017een\u00ed na\u0161ich str\u00e1nek a tak\u00e9 n\u00e1m to umo\u017e\u0148uje na\u0161e str\u00e1nky vylep\u0161ovat. Sv\u016fj prohl\u00ed\u017ee\u010d m\u016f\u017eete nastavit tak, aby odm\u00edtal v\u0161echny nebo n\u011bkter\u00e9 soubory cookie prohl\u00ed\u017ee\u010de, ale to m\u016f\u017ee ovlivnit v\u00e1\u0161 u\u017eivatelsk\u00fd z\u00e1\u017eitek.  <\/p>\n<p class=\"ds-markdown-paragraph\"><strong>8. Zm\u011bny t\u011bchto z\u00e1sad ochrany osobn\u00edch \u00fadaj\u016f<\/strong><\/p>\n<p class=\"ds-markdown-paragraph\">Tyto z\u00e1sady m\u016f\u017eeme \u010das od \u010dasu aktualizovat. Nejnov\u011bj\u0161\u00ed verze bude v\u017edy zve\u0159ejn\u011bna na t\u00e9to str\u00e1nce s aktualizovan\u00fdm datem \u201ePosledn\u00ed aktualizace\u201c. Doporu\u010dujeme v\u00e1m, abyste si tyto z\u00e1sady pravideln\u011b prohl\u00ed\u017eeli.  <\/p>\n<p class=\"ds-markdown-paragraph\"><strong>9. Kontaktujte n\u00e1s<\/strong><\/p>\n<p class=\"ds-markdown-paragraph\">Pokud m\u00e1te jak\u00e9koli dotazy t\u00fdkaj\u00edc\u00ed se t\u011bchto Z\u00e1sad ochrany osobn\u00edch \u00fadaj\u016f nebo zp\u016fsobu, jak\u00fdm nakl\u00e1d\u00e1me s va\u0161imi \u00fadaji, kontaktujte n\u00e1s pros\u00edm:<\/p>\n<p class=\"ds-markdown-paragraph\"><strong>Email:<\/strong> info@easyselfies.com<br><strong>Website:<\/strong> <a href=\"https:\/\/easyselfies.com\/cs\/kontaktuj-nas\/\" target=\"_blank\" rel=\"noopener noreferrer\">https:\/\/easyselfies.com\/contact<\/a><\/p>\t\t\t\t\t\t\t\t<\/div>\n\t\t\t\t<\/div>\n\t\t\t\t\t<\/div>\n\t\t\t\t<\/div>\n\t\t\t\t<\/div>\n\t\t","protected":false},"excerpt":{"rendered":"<p>Z\u00e1sady ochrany osobn\u00edch \u00fadaj\u016f pro EasySelfies.com Posledn\u00ed aktualizace: May 24, 2024 1. \u00davod V\u00edtejte na EasySelfies.com (\u201emy\u201c, \u201ena\u0161e\u201c nebo \u201en\u00e1s\u201c). Zavazujeme se chr\u00e1nit va\u0161e soukrom\u00ed a nakl\u00e1dat s va\u0161imi \u00fadaji transparentn\u011b a pe\u010dliv\u011b. Tyto Z\u00e1sady ochrany osobn\u00edch \u00fadaj\u016f vysv\u011btluj\u00ed, jak shroma\u017e\u010fujeme, pou\u017e\u00edv\u00e1me a chr\u00e1n\u00edme va\u0161e osobn\u00ed \u00fadaje, kdy\u017e nav\u0161t\u00edv\u00edte na\u0161e webov\u00e9 str\u00e1nky a zakoup\u00edte si [&hellip;]<\/p>\n","protected":false},"author":1,"featured_media":0,"parent":0,"menu_order":0,"comment_status":"closed","ping_status":"closed","template":"","meta":{"footnotes":""},"class_list":["post-32568","page","type-page","status-publish","hentry"],"_links":{"self":[{"href":"https:\/\/easyselfies.com\/cs\/wp-json\/wp\/v2\/pages\/32568","targetHints":{"allow":["GET"]}}],"collection":[{"href":"https:\/\/easyselfies.com\/cs\/wp-json\/wp\/v2\/pages"}],"about":[{"href":"https:\/\/easyselfies.com\/cs\/wp-json\/wp\/v2\/types\/page"}],"author":[{"embeddable":true,"href":"https:\/\/easyselfies.com\/cs\/wp-json\/wp\/v2\/users\/1"}],"replies":[{"embeddable":true,"href":"https:\/\/easyselfies.com\/cs\/wp-json\/wp\/v2\/comments?post=32568"}],"version-history":[{"count":3,"href":"https:\/\/easyselfies.com\/cs\/wp-json\/wp\/v2\/pages\/32568\/revisions"}],"predecessor-version":[{"id":32571,"href":"https:\/\/easyselfies.com\/cs\/wp-json\/wp\/v2\/pages\/32568\/revisions\/32571"}],"wp:attachment":[{"href":"https:\/\/easyselfies.com\/cs\/wp-json\/wp\/v2\/media?parent=32568"}],"curies":[{"name":"wp","href":"https:\/\/api.w.org\/{rel}","templated":true}]}}