{"id":32573,"date":"2025-11-15T14:54:55","date_gmt":"2025-11-15T14:54:55","guid":{"rendered":"https:\/\/easyselfies.com\/zkontrolovat-objednavku\/"},"modified":"2025-12-01T22:46:59","modified_gmt":"2025-12-01T22:46:59","slug":"zkontrolovat-objednavku","status":"publish","type":"page","link":"https:\/\/easyselfies.com\/cs\/zkontrolovat-objednavku\/","title":{"rendered":"zkontrolovat objedn\u00e1vku"},"content":{"rendered":"\t\t<div data-elementor-type=\"wp-page\" data-elementor-id=\"32573\" class=\"elementor elementor-32573 elementor-31912\" data-elementor-post-type=\"page\">\n\t\t\t\t\t\t<div class=\"elementor-section elementor-top-section elementor-element elementor-element-2c0a740 elementor-section-stretched elementor-section-height-min-height elementor-section-content-middle elementor-section-boxed elementor-section-height-default elementor-section-items-middle\" data-id=\"2c0a740\" data-element_type=\"section\" data-settings=\"{&quot;stretch_section&quot;:&quot;section-stretched&quot;,&quot;background_background&quot;:&quot;classic&quot;}\">\n\t\t\t\t\t\t<div class=\"elementor-container elementor-column-gap-no\">\n\t\t\t\t\t<div class=\"elementor-column elementor-col-50 elementor-top-column elementor-element elementor-element-965bcba\" data-id=\"965bcba\" data-element_type=\"column\">\n\t\t\t<div class=\"elementor-widget-wrap elementor-element-populated\">\n\t\t\t\t\t\t<div class=\"elementor-element elementor-element-7879878 elementor-widget__width-initial elementor-widget elementor-widget-image\" data-id=\"7879878\" data-element_type=\"widget\" data-widget_type=\"image.default\">\n\t\t\t\t<div class=\"elementor-widget-container\">\n\t\t\t\t\t\t\t\t\t\t\t\t\t\t\t<img fetchpriority=\"high\" decoding=\"async\" width=\"980\" height=\"980\" src=\"https:\/\/easyselfies.com\/wp-content\/uploads\/2025\/11\/ece2579c-c204-487f-8171-a0d0d7bc474e-Picsart-BackgroundRemover-1-1024x1024.webp\" class=\"attachment-large size-large wp-image-32572\" alt=\"Profesion\u00e1ln\u00ed selfie ty\u010d s nastaviteln\u00fdmi \u00fahly\" srcset=\"https:\/\/easyselfies.com\/wp-content\/uploads\/2025\/11\/ece2579c-c204-487f-8171-a0d0d7bc474e-Picsart-BackgroundRemover-1-1024x1024.webp 1024w, https:\/\/easyselfies.com\/wp-content\/uploads\/2025\/11\/ece2579c-c204-487f-8171-a0d0d7bc474e-Picsart-BackgroundRemover-1-300x300.webp 300w, https:\/\/easyselfies.com\/wp-content\/uploads\/2025\/11\/ece2579c-c204-487f-8171-a0d0d7bc474e-Picsart-BackgroundRemover-1-150x150.webp 150w, https:\/\/easyselfies.com\/wp-content\/uploads\/2025\/11\/ece2579c-c204-487f-8171-a0d0d7bc474e-Picsart-BackgroundRemover-1-768x768.webp 768w, https:\/\/easyselfies.com\/wp-content\/uploads\/2025\/11\/ece2579c-c204-487f-8171-a0d0d7bc474e-Picsart-BackgroundRemover-1-1536x1536.webp 1536w, https:\/\/easyselfies.com\/wp-content\/uploads\/2025\/11\/ece2579c-c204-487f-8171-a0d0d7bc474e-Picsart-BackgroundRemover-1.webp 2048w\" sizes=\"(max-width: 980px) 100vw, 980px\" \/>\t\t\t\t\t\t\t\t\t\t\t\t\t\t\t<\/div>\n\t\t\t\t<\/div>\n\t\t\t\t\t<\/div>\n\t\t<\/div>\n\t\t\t\t<div class=\"elementor-column elementor-col-50 elementor-top-column elementor-element elementor-element-c6754a5\" data-id=\"c6754a5\" data-element_type=\"column\">\n\t\t\t<div class=\"elementor-widget-wrap elementor-element-populated\">\n\t\t\t\t\t\t<div class=\"elementor-element elementor-element-2053973 elementor-widget elementor-widget-image\" data-id=\"2053973\" data-element_type=\"widget\" data-widget_type=\"image.default\">\n\t\t\t\t<div class=\"elementor-widget-container\">\n\t\t\t\t\t\t\t\t\t\t\t\t\t\t\t<img decoding=\"async\" src=\"https:\/\/easyselfies.com\/wp-content\/uploads\/2025\/11\/Untitled-design.webp\" title=\"\" alt=\"\" loading=\"lazy\" \/>\t\t\t\t\t\t\t\t\t\t\t\t\t\t\t<\/div>\n\t\t\t\t<\/div>\n\t\t\t\t<div class=\"elementor-element elementor-element-105635e elementor-widget elementor-widget-heading\" data-id=\"105635e\" data-element_type=\"widget\" data-widget_type=\"heading.default\">\n\t\t\t\t<div class=\"elementor-widget-container\">\n\t\t\t\t\t<h2 class=\"elementor-heading-title elementor-size-default\">Chce\u0161 p\u0159idat k objedn\u00e1vce vodot\u011bsn\u00fd obal jako d\u00e1rek?<\/h2>\t\t\t\t<\/div>\n\t\t\t\t<\/div>\n\t\t\t\t<div class=\"elementor-element elementor-element-f568178 elementor-widget elementor-widget-spacer\" data-id=\"f568178\" data-element_type=\"widget\" data-widget_type=\"spacer.default\">\n\t\t\t\t<div class=\"elementor-widget-container\">\n\t\t\t\t\t\t\t<div class=\"elementor-spacer\">\n\t\t\t<div class=\"elementor-spacer-inner\"><\/div>\n\t\t<\/div>\n\t\t\t\t\t\t<\/div>\n\t\t\t\t<\/div>\n\t\t\t\t<div class=\"elementor-element elementor-element-1549d5e elementor-align-justify elementor-widget-mobile__width-inherit elementor-mobile-align-justify elementor-widget__width-initial elementor-widget elementor-widget-button\" data-id=\"1549d5e\" data-element_type=\"widget\" data-settings=\"{&quot;_animation&quot;:&quot;none&quot;}\" data-widget_type=\"button.default\">\n\t\t\t\t<div class=\"elementor-widget-container\">\n\t\t\t\t\t\t\t\t\t<div class=\"elementor-button-wrapper\">\n\t\t\t\t\t<a class=\"elementor-button elementor-button-link elementor-size-sm\" href=\"https:\/\/easyselfies.com\/cs\/potvrdit-objednavku-s-taskou\/\">\n\t\t\t\t\t\t<span class=\"elementor-button-content-wrapper\">\n\t\t\t\t\t\t\t\t\t<span class=\"elementor-button-text\">ano, pros\u00edm!<\/span>\n\t\t\t\t\t<\/span>\n\t\t\t\t\t<\/a>\n\t\t\t\t<\/div>\n\t\t\t\t\t\t\t\t<\/div>\n\t\t\t\t<\/div>\n\t\t\t\t<div class=\"elementor-element elementor-element-1bd73df elementor-widget elementor-widget-spacer\" data-id=\"1bd73df\" data-element_type=\"widget\" data-widget_type=\"spacer.default\">\n\t\t\t\t<div class=\"elementor-widget-container\">\n\t\t\t\t\t\t\t<div class=\"elementor-spacer\">\n\t\t\t<div class=\"elementor-spacer-inner\"><\/div>\n\t\t<\/div>\n\t\t\t\t\t\t<\/div>\n\t\t\t\t<\/div>\n\t\t\t\t<div class=\"elementor-element elementor-element-81610b2 elementor-align-justify elementor-widget-mobile__width-inherit elementor-mobile-align-justify elementor-widget__width-initial elementor-widget elementor-widget-button\" data-id=\"81610b2\" data-element_type=\"widget\" data-settings=\"{&quot;_animation&quot;:&quot;none&quot;}\" data-widget_type=\"button.default\">\n\t\t\t\t<div class=\"elementor-widget-container\">\n\t\t\t\t\t\t\t\t\t<div class=\"elementor-button-wrapper\">\n\t\t\t\t\t<a class=\"elementor-button elementor-button-link elementor-size-sm\" href=\"https:\/\/easyselfies.com\/cs\/potvrdit-objednavku\/\">\n\t\t\t\t\t\t<span class=\"elementor-button-content-wrapper\">\n\t\t\t\t\t\t\t\t\t<span class=\"elementor-button-text\">Ne, d\u011bkuji!<\/span>\n\t\t\t\t\t<\/span>\n\t\t\t\t\t<\/a>\n\t\t\t\t<\/div>\n\t\t\t\t\t\t\t\t<\/div>\n\t\t\t\t<\/div>\n\t\t\t\t<div class=\"elementor-element elementor-element-4a667f5 elementor-widget elementor-widget-spacer\" data-id=\"4a667f5\" data-element_type=\"widget\" data-widget_type=\"spacer.default\">\n\t\t\t\t<div class=\"elementor-widget-container\">\n\t\t\t\t\t\t\t<div class=\"elementor-spacer\">\n\t\t\t<div class=\"elementor-spacer-inner\"><\/div>\n\t\t<\/div>\n\t\t\t\t\t\t<\/div>\n\t\t\t\t<\/div>\n\t\t<div class=\"elementor-element elementor-element-12438e9 e-con-full e-flex e-con e-child\" data-id=\"12438e9\" data-element_type=\"container\">\n\t\t\t\t<div class=\"elementor-element elementor-element-18c55c8 elementor-position-left elementor-widget__width-initial elementor-widget-mobile__width-initial elementor-view-default elementor-mobile-position-top elementor-invisible elementor-widget elementor-widget-icon-box\" data-id=\"18c55c8\" data-element_type=\"widget\" data-settings=\"{&quot;_animation&quot;:&quot;fadeIn&quot;}\" data-widget_type=\"icon-box.default\">\n\t\t\t\t<div class=\"elementor-widget-container\">\n\t\t\t\t\t\t\t<div class=\"elementor-icon-box-wrapper\">\n\n\t\t\t\t\t\t<div class=\"elementor-icon-box-icon\">\n\t\t\t\t<span  class=\"elementor-icon\">\n\t\t\t\t<i aria-hidden=\"true\" class=\"smartic-icon- smartic-icon-heart-rate\"><\/i>\t\t\t\t<\/span>\n\t\t\t<\/div>\n\t\t\t\n\t\t\t\t\t\t<div class=\"elementor-icon-box-content\">\n\n\t\t\t\t\t\t\t\t\t<h3 class=\"elementor-icon-box-title\">\n\t\t\t\t\t\t<span  >\n\t\t\t\t\t\t\tV\u00edce ne\u017e 84 000 spokojen\u00fdch z\u00e1kazn\u00edk\u016f\t\t\t\t\t\t<\/span>\n\t\t\t\t\t<\/h3>\n\t\t\t\t\n\t\t\t\t\n\t\t\t<\/div>\n\t\t\t\n\t\t<\/div>\n\t\t\t\t\t\t<\/div>\n\t\t\t\t<\/div>\n\t\t\t\t<div class=\"elementor-element elementor-element-dcc321a elementor-position-left elementor-widget__width-initial elementor-widget-mobile__width-initial elementor-view-default elementor-mobile-position-top elementor-invisible elementor-widget elementor-widget-icon-box\" data-id=\"dcc321a\" data-element_type=\"widget\" data-settings=\"{&quot;_animation&quot;:&quot;fadeIn&quot;}\" data-widget_type=\"icon-box.default\">\n\t\t\t\t<div class=\"elementor-widget-container\">\n\t\t\t\t\t\t\t<div class=\"elementor-icon-box-wrapper\">\n\n\t\t\t\t\t\t<div class=\"elementor-icon-box-icon\">\n\t\t\t\t<span  class=\"elementor-icon\">\n\t\t\t\t<i aria-hidden=\"true\" class=\"smartic-icon- smartic-icon-return-box-1\"><\/i>\t\t\t\t<\/span>\n\t\t\t<\/div>\n\t\t\t\n\t\t\t\t\t\t<div class=\"elementor-icon-box-content\">\n\n\t\t\t\t\t\t\t\t\t<h3 class=\"elementor-icon-box-title\">\n\t\t\t\t\t\t<span  >\n\t\t\t\t\t\t\t30denn\u00ed z\u00e1ruka vr\u00e1cen\u00ed pen\u011bz\t\t\t\t\t\t<\/span>\n\t\t\t\t\t<\/h3>\n\t\t\t\t\n\t\t\t\t\n\t\t\t<\/div>\n\t\t\t\n\t\t<\/div>\n\t\t\t\t\t\t<\/div>\n\t\t\t\t<\/div>\n\t\t\t\t<div class=\"elementor-element elementor-element-a9514ad elementor-position-left elementor-widget__width-initial elementor-widget-mobile__width-initial elementor-view-default elementor-mobile-position-top elementor-invisible elementor-widget elementor-widget-icon-box\" data-id=\"a9514ad\" data-element_type=\"widget\" data-settings=\"{&quot;_animation&quot;:&quot;fadeIn&quot;}\" data-widget_type=\"icon-box.default\">\n\t\t\t\t<div class=\"elementor-widget-container\">\n\t\t\t\t\t\t\t<div class=\"elementor-icon-box-wrapper\">\n\n\t\t\t\t\t\t<div class=\"elementor-icon-box-icon\">\n\t\t\t\t<span  class=\"elementor-icon\">\n\t\t\t\t<i aria-hidden=\"true\" class=\"smartic-icon- smartic-icon-support-2\"><\/i>\t\t\t\t<\/span>\n\t\t\t<\/div>\n\t\t\t\n\t\t\t\t\t\t<div class=\"elementor-icon-box-content\">\n\n\t\t\t\t\t\t\t\t\t<h3 class=\"elementor-icon-box-title\">\n\t\t\t\t\t\t<span  >\n\t\t\t\t\t\t\tZ\u00e1kaznick\u00e1 podpora 24\/7\t\t\t\t\t\t<\/span>\n\t\t\t\t\t<\/h3>\n\t\t\t\t\n\t\t\t\t\n\t\t\t<\/div>\n\t\t\t\n\t\t<\/div>\n\t\t\t\t\t\t<\/div>\n\t\t\t\t<\/div>\n\t\t\t\t<\/div>\n\t\t\t\t\t<\/div>\n\t\t<\/div>\n\t\t\t\t\t<\/div>\n\t\t<\/div>\n\t\t\t\t<\/div>\n\t\t","protected":false},"excerpt":{"rendered":"<p>Chce\u0161 p\u0159idat k objedn\u00e1vce vodot\u011bsn\u00fd obal jako d\u00e1rek? ano, pros\u00edm! Ne, d\u011bkuji! V\u00edce ne\u017e 84 000 spokojen\u00fdch z\u00e1kazn\u00edk\u016f 30denn\u00ed z\u00e1ruka vr\u00e1cen\u00ed pen\u011bz Z\u00e1kaznick\u00e1 podpora 24\/7<\/p>\n","protected":false},"author":1,"featured_media":0,"parent":0,"menu_order":0,"comment_status":"closed","ping_status":"closed","template":"","meta":{"footnotes":""},"class_list":["post-32573","page","type-page","status-publish","hentry"],"_links":{"self":[{"href":"https:\/\/easyselfies.com\/cs\/wp-json\/wp\/v2\/pages\/32573","targetHints":{"allow":["GET"]}}],"collection":[{"href":"https:\/\/easyselfies.com\/cs\/wp-json\/wp\/v2\/pages"}],"about":[{"href":"https:\/\/easyselfies.com\/cs\/wp-json\/wp\/v2\/types\/page"}],"author":[{"embeddable":true,"href":"https:\/\/easyselfies.com\/cs\/wp-json\/wp\/v2\/users\/1"}],"replies":[{"embeddable":true,"href":"https:\/\/easyselfies.com\/cs\/wp-json\/wp\/v2\/comments?post=32573"}],"version-history":[{"count":2,"href":"https:\/\/easyselfies.com\/cs\/wp-json\/wp\/v2\/pages\/32573\/revisions"}],"predecessor-version":[{"id":33372,"href":"https:\/\/easyselfies.com\/cs\/wp-json\/wp\/v2\/pages\/32573\/revisions\/33372"}],"wp:attachment":[{"href":"https:\/\/easyselfies.com\/cs\/wp-json\/wp\/v2\/media?parent=32573"}],"curies":[{"name":"wp","href":"https:\/\/api.w.org\/{rel}","templated":true}]}}