{"id":32607,"date":"2025-11-11T16:17:37","date_gmt":"2025-11-11T16:17:37","guid":{"rendered":"https:\/\/easyselfies.com\/podminky-prodeje\/"},"modified":"2025-11-28T22:24:57","modified_gmt":"2025-11-28T22:24:57","slug":"podminky-prodeje","status":"publish","type":"page","link":"https:\/\/easyselfies.com\/cs\/podminky-prodeje\/","title":{"rendered":"Podm\u00ednky prodeje"},"content":{"rendered":"\t\t<div data-elementor-type=\"wp-page\" data-elementor-id=\"32607\" class=\"elementor elementor-32607 elementor-31172\" data-elementor-post-type=\"page\">\n\t\t\t\t<div class=\"elementor-element elementor-element-5fb7590 e-flex e-con-boxed e-con e-parent\" data-id=\"5fb7590\" data-element_type=\"container\">\n\t\t\t\t\t<div class=\"e-con-inner\">\n\t\t<div class=\"elementor-element elementor-element-369baf4 e-con-full e-flex e-con e-child\" data-id=\"369baf4\" data-element_type=\"container\">\n\t\t\t\t<div class=\"elementor-element elementor-element-301d7f9 elementor-widget elementor-widget-text-editor\" data-id=\"301d7f9\" data-element_type=\"widget\" data-widget_type=\"text-editor.default\">\n\t\t\t\t<div class=\"elementor-widget-container\">\n\t\t\t\t\t\t\t\t\t<h3><strong>Podm\u00ednky prodeje\u2013 <a href=\"https:\/\/easyselfies.com\/cs\/\" target=\"_blank\" rel=\"noopener noreferrer\">EasySelfies.com<\/a><\/strong><\/h3><p class=\"ds-markdown-paragraph\"><strong>Posledn\u00ed aktualizace:<\/strong> May 24, 2024<\/p><p class=\"ds-markdown-paragraph\"><strong>1. Souhlas s podm\u00ednkami<\/strong><br>Zad\u00e1n\u00edm objedn\u00e1vky u <a href=\"https:\/\/easyselfies.com\/cs\/\" target=\"_blank\" rel=\"noopener noreferrer\">EasySelfies.com<\/a> (\u201emy\u201c, \u201en\u00e1s\u201c nebo \u201ena\u0161e\u201c) souhlas\u00edte s t\u00edm, \u017ee budete v\u00e1z\u00e1ni t\u011bmito prodejn\u00edmi podm\u00ednkami a na\u0161imi Z\u00e1sadami ochrany osobn\u00edch \u00fadaj\u016f. P\u0159ed odesl\u00e1n\u00edm objedn\u00e1vky si pros\u00edm pe\u010dliv\u011b p\u0159e\u010dt\u011bte tyto podm\u00ednky. <\/p><p class=\"ds-markdown-paragraph\"><strong>2. Produkty a ceny<\/strong><\/p><ul><li><p class=\"ds-markdown-paragraph\">V\u0161echny produkty jsou k dispozici v z\u00e1vislosti na dostupnosti.<\/p><\/li><li><p class=\"ds-markdown-paragraph\">Vyhrazujeme si pr\u00e1vo omezit mno\u017estv\u00ed.<\/p><\/li><li><p class=\"ds-markdown-paragraph\">Ceny jsou uvedeny v eurech (\u20ac) a zahrnuj\u00ed p\u0159\u00edslu\u0161n\u00e9 dan\u011b.<\/p><\/li><li><p class=\"ds-markdown-paragraph\">Vyhrazujeme si pr\u00e1vo kdykoli upravit ceny, nicm\u00e9n\u011b ji\u017e zadan\u00e9 objedn\u00e1vky budou uzn\u00e1ny za cenu uvedenou v dob\u011b n\u00e1kupu.<\/p><\/li><li><p class=\"ds-markdown-paragraph\">Obr\u00e1zky produkt\u016f slou\u017e\u00ed pouze pro ilustra\u010dn\u00ed \u00fa\u010dely; skute\u010dn\u00e9 produkty se mohou m\u00edrn\u011b li\u0161it.<\/p><\/li><\/ul><p class=\"ds-markdown-paragraph\"><strong>3. Proces objedn\u00e1vky<\/strong><\/p><ul><li><p class=\"ds-markdown-paragraph\">Objedn\u00e1vka je p\u0159ijata v okam\u017eiku, kdy v\u00e1m za\u0161leme potvrzovac\u00ed e-mail.<\/p><\/li><li><p class=\"ds-markdown-paragraph\">Vyhrazujeme si pr\u00e1vo zru\u0161it jakoukoli objedn\u00e1vku p\u0159ed odesl\u00e1n\u00edm.<\/p><\/li><li><p class=\"ds-markdown-paragraph\">Mus\u00edte poskytnout p\u0159esn\u00e9 a \u00fapln\u00e9 informace o doprav\u011b.<\/p><\/li><li><p class=\"ds-markdown-paragraph\">Objedn\u00e1vky mohou b\u00fdt podrobeny screeningu a ov\u011b\u0159ov\u00e1n\u00ed z hlediska podvod\u016f.<\/p><\/li><\/ul><p class=\"ds-markdown-paragraph\"><strong>4. Platebn\u00ed podm\u00ednky<\/strong><\/p><ul><li><p class=\"ds-markdown-paragraph\">P\u0159ij\u00edm\u00e1me hlavn\u00ed kreditn\u00ed a debetn\u00ed karty.<\/p><\/li><li><p class=\"ds-markdown-paragraph\">Platba je zpracov\u00e1v\u00e1na bezpe\u010dn\u011b prost\u0159ednictv\u00edm platebn\u00edch procesor\u016f kompatibiln\u00edch s PCI.<\/p><\/li><li><p class=\"ds-markdown-paragraph\">Va\u0161e karta bude str\u017eena p\u0159i zad\u00e1n\u00ed objedn\u00e1vky.<\/p><\/li><li><p class=\"ds-markdown-paragraph\">Pokud platbu nelze zpracovat, va\u0161e objedn\u00e1vka nebude vy\u0159\u00edzena.<\/p><\/li><\/ul><p class=\"ds-markdown-paragraph\"><strong>5. Doprava a doru\u010den\u00ed<\/strong><\/p><ul><li><p class=\"ds-markdown-paragraph\">Zas\u00edl\u00e1me do cel\u00e9ho sv\u011bta.<\/p><\/li><li><p class=\"ds-markdown-paragraph\">Dodac\u00ed lh\u016fty jsou odhady a nejsou zaru\u010deny.<\/p><\/li><li><p class=\"ds-markdown-paragraph\">Riziko ztr\u00e1ty p\u0159ech\u00e1z\u00ed na v\u00e1s okam\u017eikem dod\u00e1n\u00ed.<\/p><\/li><li><p class=\"ds-markdown-paragraph\">Za uveden\u00ed spr\u00e1vn\u00e9 dodac\u00ed adresy jste zodpov\u011bdn\u00ed vy. Neneseme odpov\u011bdnost za bal\u00edky ztracen\u00e9 nebo zpo\u017ed\u011bn\u00e9 z d\u016fvodu nespr\u00e1vn\u00e9 adresy poskytnut\u00e9 z\u00e1kazn\u00edkem. <\/p><\/li><\/ul><p class=\"ds-markdown-paragraph\"><strong>6. Vr\u00e1cen\u00ed zbo\u017e\u00ed a refundace<\/strong><\/p><ul><li><p class=\"ds-markdown-paragraph\">Nab\u00edz\u00edme 30denn\u00ed z\u00e1ruku vr\u00e1cen\u00ed pen\u011bz. Pokud z jak\u00e9hokoli d\u016fvodu nejste s n\u00e1kupem spokojeni, m\u016f\u017eete jej do 30 dn\u016f od doru\u010den\u00ed vr\u00e1tit a obdr\u017e\u00edte plnou n\u00e1hradu. <\/p><\/li><li><p class=\"ds-markdown-paragraph\">Produkt mus\u00ed b\u00fdt vr\u00e1cen v origin\u00e1ln\u00edm obalu a mus\u00ed obsahovat v\u0161echny origin\u00e1ln\u00ed d\u00edly a p\u0159\u00edslu\u0161enstv\u00ed.<\/p><\/li><li><p class=\"ds-markdown-paragraph\">V\u00fdrobek nesm\u00ed b\u00fdt po\u0161kozen\u00fd, rozbit\u00fd ani na n\u011bm nesm\u00ed chyb\u011bt \u017e\u00e1dn\u00e9 \u010d\u00e1sti nad r\u00e1mec toho, co je nezbytn\u00e9 pro p\u0159im\u011b\u0159enou kontrolu.<\/p><\/li><li><p class=\"ds-markdown-paragraph\">Vr\u00e1cen\u00ed pen\u011bz bude provedeno na p\u016fvodn\u00ed platebn\u00ed metodu.<\/p><\/li><li><p class=\"ds-markdown-paragraph\">Z\u00e1kazn\u00edci jsou zodpov\u011bdn\u00ed za n\u00e1klady na zp\u00e1te\u010dn\u00ed dopravu, pokud vr\u00e1cen\u00ed nen\u00ed zp\u016fsobeno vadou nebo chybou na na\u0161\u00ed stran\u011b.<\/p><\/li><\/ul><p class=\"ds-markdown-paragraph\"><strong>7. Z\u00e1ruka a odpov\u011bdnost<\/strong><\/p><ul><li><p class=\"ds-markdown-paragraph\">Produkty jsou dod\u00e1v\u00e1ny s p\u0159\u00edslu\u0161n\u00fdmi z\u00e1rukami v\u00fdrobce.<\/p><\/li><li><p class=\"ds-markdown-paragraph\">Na\u0161e odpov\u011bdnost je omezena na kupn\u00ed cenu produktu.<\/p><\/li><li><p class=\"ds-markdown-paragraph\">Neneseme odpov\u011bdnost za nep\u0159\u00edm\u00e9 ani n\u00e1sledn\u00e9 \u0161kody.<\/p><\/li><li><p class=\"ds-markdown-paragraph\">N\u011bkter\u00e9 jurisdikce nemus\u00ed povolovat omezen\u00ed odpov\u011bdnosti, tak\u017ee se v\u00e1s to nemus\u00ed t\u00fdkat.<\/p><\/li><\/ul><p class=\"ds-markdown-paragraph\"><strong>8. Du\u0161evn\u00ed vlastnictv\u00ed<\/strong><\/p><ul><li><p class=\"ds-markdown-paragraph\">Ve\u0161ker\u00fd obsah na t\u011bchto str\u00e1nk\u00e1ch, v\u010detn\u011b designu produkt\u016f a log, je na\u0161\u00edm majetkem.<\/p><\/li><li><p class=\"ds-markdown-paragraph\">Na\u0161e du\u0161evn\u00ed vlastnictv\u00ed nesm\u00edte pou\u017e\u00edvat bez p\u00edsemn\u00e9ho souhlasu.<\/p><\/li><\/ul><p class=\"ds-markdown-paragraph\"><strong>9.Zak\u00e1zan\u00e9 pou\u017eit\u00ed<\/strong><br>Na\u0161e produkty nesm\u00edte pou\u017e\u00edvat k:<\/p><ul><li><p class=\"ds-markdown-paragraph\">Jak\u00fdkoli nez\u00e1konn\u00fd \u00fa\u010del.<\/p><\/li><li><p class=\"ds-markdown-paragraph\">Komer\u010dn\u00ed dal\u0161\u00ed prodej bez povolen\u00ed.<\/p><\/li><li><p class=\"ds-markdown-paragraph\">Jak\u00fdkoli \u00fa\u010del, kter\u00fd by mohl po\u0161kodit na\u0161i pov\u011bst.<\/p><\/li><\/ul><p class=\"ds-markdown-paragraph\"><strong>10.Rozhodn\u00e9 pr\u00e1vo<\/strong><br>Tyto podm\u00ednky se \u0159\u00edd\u00ed z\u00e1kony Anglie a Walesu.<\/p><p class=\"ds-markdown-paragraph\"><strong>11. Zm\u011bny podm\u00ednek<\/strong><br>Vyhrazujeme si pr\u00e1vo kdykoli aktualizovat tyto podm\u00ednky. Aktu\u00e1ln\u00ed podm\u00ednky budou v\u017edy zve\u0159ejn\u011bny na na\u0161ich webov\u00fdch str\u00e1nk\u00e1ch. <\/p><p class=\"ds-markdown-paragraph\"><strong>12. Kontaktn\u00ed informace<\/strong><br>V p\u0159\u00edpad\u011b dotaz\u016f k t\u011bmto prodejn\u00edm podm\u00ednk\u00e1m:<br><strong>Email:<\/strong> info@easyselfies.com<br><strong>Sna\u017e\u00edme se odpov\u011bd\u011bt do 2 pracovn\u00edch dn\u016f.<\/strong><\/p>\t\t\t\t\t\t\t\t<\/div>\n\t\t\t\t<\/div>\n\t\t\t\t<\/div>\n\t\t\t\t\t<\/div>\n\t\t\t\t<\/div>\n\t\t\t\t<\/div>\n\t\t","protected":false},"excerpt":{"rendered":"<p>Podm\u00ednky prodeje\u2013 EasySelfies.com Posledn\u00ed aktualizace: May 24, 2024 1. Souhlas s podm\u00ednkamiZad\u00e1n\u00edm objedn\u00e1vky u EasySelfies.com (\u201emy\u201c, \u201en\u00e1s\u201c nebo \u201ena\u0161e\u201c) souhlas\u00edte s t\u00edm, \u017ee budete v\u00e1z\u00e1ni t\u011bmito prodejn\u00edmi podm\u00ednkami a na\u0161imi Z\u00e1sadami ochrany osobn\u00edch \u00fadaj\u016f. P\u0159ed odesl\u00e1n\u00edm objedn\u00e1vky si pros\u00edm pe\u010dliv\u011b p\u0159e\u010dt\u011bte tyto podm\u00ednky. 2. Produkty a ceny V\u0161echny produkty jsou k dispozici v z\u00e1vislosti na [&hellip;]<\/p>\n","protected":false},"author":1,"featured_media":0,"parent":0,"menu_order":0,"comment_status":"closed","ping_status":"closed","template":"","meta":{"footnotes":""},"class_list":["post-32607","page","type-page","status-publish","hentry"],"_links":{"self":[{"href":"https:\/\/easyselfies.com\/cs\/wp-json\/wp\/v2\/pages\/32607","targetHints":{"allow":["GET"]}}],"collection":[{"href":"https:\/\/easyselfies.com\/cs\/wp-json\/wp\/v2\/pages"}],"about":[{"href":"https:\/\/easyselfies.com\/cs\/wp-json\/wp\/v2\/types\/page"}],"author":[{"embeddable":true,"href":"https:\/\/easyselfies.com\/cs\/wp-json\/wp\/v2\/users\/1"}],"replies":[{"embeddable":true,"href":"https:\/\/easyselfies.com\/cs\/wp-json\/wp\/v2\/comments?post=32607"}],"version-history":[{"count":1,"href":"https:\/\/easyselfies.com\/cs\/wp-json\/wp\/v2\/pages\/32607\/revisions"}],"predecessor-version":[{"id":32608,"href":"https:\/\/easyselfies.com\/cs\/wp-json\/wp\/v2\/pages\/32607\/revisions\/32608"}],"wp:attachment":[{"href":"https:\/\/easyselfies.com\/cs\/wp-json\/wp\/v2\/media?parent=32607"}],"curies":[{"name":"wp","href":"https:\/\/api.w.org\/{rel}","templated":true}]}}