{"id":32653,"date":"2025-11-11T16:10:32","date_gmt":"2025-11-11T16:10:32","guid":{"rendered":"https:\/\/easyselfies.com\/zasady-vraceni-a-refundace\/"},"modified":"2025-11-28T22:31:39","modified_gmt":"2025-11-28T22:31:39","slug":"zasady-vraceni-a-refundace","status":"publish","type":"page","link":"https:\/\/easyselfies.com\/cs\/zasady-vraceni-a-refundace\/","title":{"rendered":"Z\u00e1sady vr\u00e1cen\u00ed a refundace"},"content":{"rendered":"\t\t<div data-elementor-type=\"wp-page\" data-elementor-id=\"32653\" class=\"elementor elementor-32653 elementor-14\" data-elementor-post-type=\"page\">\n\t\t\t\t<div class=\"elementor-element elementor-element-798a3c65 e-flex e-con-boxed e-con e-parent\" data-id=\"798a3c65\" data-element_type=\"container\">\n\t\t\t\t\t<div class=\"e-con-inner\">\n\t\t\t\t<div class=\"elementor-element elementor-element-278711f elementor-widget elementor-widget-text-editor\" data-id=\"278711f\" data-element_type=\"widget\" data-widget_type=\"text-editor.default\">\n\t\t\t\t<div class=\"elementor-widget-container\">\n\t\t\t\t\t\t\t\t\t<h3><strong>Z\u00e1sady vr\u00e1cen\u00ed a refundace pro <a href=\"https:\/\/easyselfies.com\/cs\/\" target=\"_blank\" rel=\"noopener noreferrer\">EasySelfies.com<\/a><\/strong><\/h3><p class=\"ds-markdown-paragraph\"><strong>Posledn\u00ed aktualizace:<\/strong> May 24, 2024<\/p><p class=\"ds-markdown-paragraph\"><strong>1. Na\u0161e 30denn\u00ed z\u00e1ruka vr\u00e1cen\u00ed pen\u011bz<\/strong><br>Nab\u00edz\u00edme 30denn\u00ed z\u00e1ruku vr\u00e1cen\u00ed pen\u011bz od data doru\u010den\u00ed. Pokud nejsi z jak\u00e9hokoli d\u016fvodu spokojen se sv\u00fdm SelfieShow stativem, m\u016f\u017ee\u0161 ho vr\u00e1tit a z\u00edskat plnou refundaci ceny produktu.<\/p><p class=\"ds-markdown-paragraph\"><strong>2. Sledov\u00e1n\u00ed objedn\u00e1vky<\/strong><br>Jakmile bude tv\u00e1 platba potvrzena a objedn\u00e1vka odesl\u00e1na, po\u0161leme ti potvrzovac\u00ed e-mail s k\u00f3dem pro sledov\u00e1n\u00ed. Tento k\u00f3d ti umo\u017en\u00ed sledovat stav doru\u010den\u00ed tv\u00e9ho bal\u00ed\u010dku.<\/p><p class=\"ds-markdown-paragraph\"><strong>3. Podm\u00ednky vr\u00e1cen\u00ed<\/strong><br>Aby byl produkt zp\u016fsobil\u00fd k vr\u00e1cen\u00ed, mus\u00ed b\u00fdt:<\/p><ul><li><p class=\"ds-markdown-paragraph\">Vr\u00e1cen do 30 dn\u016f od doru\u010den\u00ed.<\/p><\/li><li><p class=\"ds-markdown-paragraph\">V p\u016fvodn\u00edm obalu a obsahovat v\u0161echny p\u016fvodn\u00ed \u010d\u00e1sti a p\u0159\u00edslu\u0161enstv\u00ed.<\/p><\/li><li><p class=\"ds-markdown-paragraph\">Produkt m\u016f\u017ee b\u00fdt pou\u017eit\u00fd, ale nesm\u00ed b\u00fdt po\u0161kozen\u00fd, rozbit\u00fd nebo s chyb\u011bj\u00edc\u00edmi \u010d\u00e1stmi.<\/p><\/li><\/ul><p class=\"ds-markdown-paragraph\"><strong>4. Jak zah\u00e1jit vr\u00e1cen\u00ed<\/strong><br>Postupuj podle t\u011bchto krok\u016f:<\/p><ol start=\"1\"><li><p class=\"ds-markdown-paragraph\">Kontaktuj n\u00e1\u0161 z\u00e1kaznick\u00fd servis na <strong>returns@easyselfies.com<\/strong> a po\u017e\u00e1dej o \u010d\u00edslo autorizace vr\u00e1cen\u00ed a p\u0159edplacen\u00fd \u0161t\u00edtek pro zp\u011btn\u00e9 odesl\u00e1n\u00ed.<\/p><\/li><li><p class=\"ds-markdown-paragraph\">Zabali produkt bezpe\u010dn\u011b do p\u016fvodn\u00edho obalu.<\/p><\/li><li><p class=\"ds-markdown-paragraph\">Uve\u010f \u010d\u00edslo autorizace vr\u00e1cen\u00ed viditeln\u011b na vn\u011bj\u0161\u00ed stran\u011b bal\u00ed\u010dku.<\/p><\/li><li><p class=\"ds-markdown-paragraph\">Pou\u017eij p\u0159ilo\u017een\u00fd \u0161t\u00edtek k odesl\u00e1n\u00ed bal\u00ed\u010dku zp\u011bt do na\u0161eho centra pro vr\u00e1cen\u00ed na:<br>[Zde mus\u00ed b\u00fdt vlo\u017eena tv\u00e1 fyzick\u00e1 adresa pro vr\u00e1cen\u00ed]<\/p><\/li><\/ol><p class=\"ds-markdown-paragraph\"><strong>5. Zpracov\u00e1n\u00ed refundace<\/strong><\/p><ul><li><p class=\"ds-markdown-paragraph\">Jakmile obdr\u017e\u00edme a zkontrolujeme tv\u016fj vr\u00e1cen\u00fd produkt, upozorn\u00edme t\u011b na schv\u00e1len\u00ed nebo zam\u00edtnut\u00ed refundace.<\/p><\/li><li><p class=\"ds-markdown-paragraph\">Pokud bude schv\u00e1lena, tv\u00e1 refundace bude zpracov\u00e1na na p\u016fvodn\u00ed zp\u016fsob platby do 5-7 pracovn\u00edch dn\u016f.<\/p><\/li><li><p class=\"ds-markdown-paragraph\">Upozor\u0148ujeme, \u017ee p\u016fvodn\u00ed n\u00e1klady na dopravu se nerefunduj\u00ed.<\/p><\/li><\/ul><p class=\"ds-markdown-paragraph\"><strong>6. Po\u0161kozen\u00e9 nebo vadn\u00e9 produkty<\/strong><br>Pokud obdr\u017e\u00ed\u0161 po\u0161kozen\u00fd nebo vadn\u00fd produkt:<\/p><ul><li><p class=\"ds-markdown-paragraph\">Kontaktuj n\u00e1s okam\u017eit\u011b na <strong>support@easyselfies.com<\/strong><\/p><\/li><li><p class=\"ds-markdown-paragraph\">Uve\u010f \u010d\u00edslo sv\u00e9 objedn\u00e1vky a fotky po\u0161kozen\u00e9ho\/vadn\u00e9ho produktu<\/p><\/li><li><p class=\"ds-markdown-paragraph\">Promptn\u011b po\u0161leme n\u00e1hradu bez dal\u0161\u00edch n\u00e1klad\u016f nebo poskytneme plnou refundaci<\/p><\/li><\/ul><p class=\"ds-markdown-paragraph\"><strong>7. N\u00e1klady na zp\u011btn\u00e9 odesl\u00e1n\u00ed<\/strong><br>Poskytujeme p\u0159edplacen\u00e9 \u0161t\u00edtky pro zp\u011btn\u00e9 odesl\u00e1n\u00ed pro v\u0161echna vr\u00e1cen\u00ed v r\u00e1mci na\u0161\u00ed 30denn\u00ed z\u00e1ruky vr\u00e1cen\u00ed pen\u011bz. Zp\u011btn\u00e9 odesl\u00e1n\u00ed je pro z\u00e1kazn\u00edka zdarma.<\/p><p class=\"ds-markdown-paragraph\"><strong>8. Z\u00e1kazn\u00edci z Evropsk\u00e9 unie a Velk\u00e9 Brit\u00e1nie<\/strong><br>Tv\u00e1 z\u00e1konn\u00e1 pr\u00e1va z\u016fst\u00e1vaj\u00ed nedot\u010dena. Na\u0161e 30denn\u00ed z\u00e1ruka vr\u00e1cen\u00ed pen\u011bz je nav\u00edc k tv\u00e9mu z\u00e1konn\u00e9mu pr\u00e1vu odstoupit od smlouvy do 14 dn\u016f od obdr\u017een\u00ed.<\/p><p class=\"ds-markdown-paragraph\"><strong>9. Kontaktn\u00ed informace<\/strong><br>Pro jak\u00e9koli ot\u00e1zky ohledn\u011b na\u0161ich z\u00e1sad vr\u00e1cen\u00ed a refundace:<br><strong>E-mail:<\/strong> info@easyselfies.com<br><strong>Doba odezvy:<\/strong> Do 24 hodin b\u011bhem pracovn\u00edch dn\u016f<\/p>\t\t\t\t\t\t\t\t<\/div>\n\t\t\t\t<\/div>\n\t\t\t\t\t<\/div>\n\t\t\t\t<\/div>\n\t\t\t\t<\/div>\n\t\t","protected":false},"excerpt":{"rendered":"<p>Z\u00e1sady vr\u00e1cen\u00ed a refundace pro EasySelfies.com Posledn\u00ed aktualizace: May 24, 2024 1. Na\u0161e 30denn\u00ed z\u00e1ruka vr\u00e1cen\u00ed pen\u011bzNab\u00edz\u00edme 30denn\u00ed z\u00e1ruku vr\u00e1cen\u00ed pen\u011bz od data doru\u010den\u00ed. Pokud nejsi z jak\u00e9hokoli d\u016fvodu spokojen se sv\u00fdm SelfieShow stativem, m\u016f\u017ee\u0161 ho vr\u00e1tit a z\u00edskat plnou refundaci ceny produktu. 2. Sledov\u00e1n\u00ed objedn\u00e1vkyJakmile bude tv\u00e1 platba potvrzena a objedn\u00e1vka odesl\u00e1na, po\u0161leme ti [&hellip;]<\/p>\n","protected":false},"author":1,"featured_media":0,"parent":0,"menu_order":0,"comment_status":"closed","ping_status":"closed","template":"","meta":{"footnotes":""},"class_list":["post-32653","page","type-page","status-publish","hentry"],"_links":{"self":[{"href":"https:\/\/easyselfies.com\/cs\/wp-json\/wp\/v2\/pages\/32653","targetHints":{"allow":["GET"]}}],"collection":[{"href":"https:\/\/easyselfies.com\/cs\/wp-json\/wp\/v2\/pages"}],"about":[{"href":"https:\/\/easyselfies.com\/cs\/wp-json\/wp\/v2\/types\/page"}],"author":[{"embeddable":true,"href":"https:\/\/easyselfies.com\/cs\/wp-json\/wp\/v2\/users\/1"}],"replies":[{"embeddable":true,"href":"https:\/\/easyselfies.com\/cs\/wp-json\/wp\/v2\/comments?post=32653"}],"version-history":[{"count":1,"href":"https:\/\/easyselfies.com\/cs\/wp-json\/wp\/v2\/pages\/32653\/revisions"}],"predecessor-version":[{"id":32654,"href":"https:\/\/easyselfies.com\/cs\/wp-json\/wp\/v2\/pages\/32653\/revisions\/32654"}],"wp:attachment":[{"href":"https:\/\/easyselfies.com\/cs\/wp-json\/wp\/v2\/media?parent=32653"}],"curies":[{"name":"wp","href":"https:\/\/api.w.org\/{rel}","templated":true}]}}