{"id":32795,"date":"2020-10-23T01:55:21","date_gmt":"2020-10-23T01:55:21","guid":{"rendered":"https:\/\/easyselfies.com\/ueber-uns\/"},"modified":"2020-10-23T01:55:21","modified_gmt":"2020-10-23T01:55:21","slug":"ueber-uns","status":"publish","type":"page","link":"https:\/\/easyselfies.com\/de\/ueber-uns\/","title":{"rendered":"\u00dcber uns"},"content":{"rendered":"<h2>Wir setzen Ihre Idee in die Realit\u00e4t um.<\/h2>\n<p>Jedes gro\u00dfartige Produkt entsteht aus einem einfachen, menschlichen Problem. Im Fall von EasySelfies war dieses Problem ein Familienurlaub, der beinahe nicht stattgefunden h\u00e4tte. <\/p>\n<p>Unser Gr\u00fcnder, James Frank, befand sich mit seiner Familie auf einer lang ersehnten Reise. Die Landschaft war atemberaubend, die Momente unbezahlbar, aber die Fotos? Eine Katastrophe.  <\/p>\n<p>Stellt euch das vor: Der Arm seiner Frau war zu kurz f\u00fcr ein Gruppen-Selfie. Seine Tochter k\u00e4mpfte mit einem billigen, wackeligen Selfie-Stick. Das Handy seines Sohnes balancierte wackelig auf einem Stein f\u00fcr ein perfektes Foto. Sein Vater fand einfach nicht den richtigen Winkel, und seine Mutter fehlte komplett auf den Bildern.   <\/p>\n<p>In diesem Moment, umgeben von den Menschen, die er am meisten liebte, erkannte James, dass es ihnen nicht gelang, die Erinnerungen festzuhalten, die sie schaffen wollten. Er sah den universellen Kampf: <strong>Die richtige Technologie f\u00fcr perfekte, m\u00fchelose Fotos gab es f\u00fcr den Normalb\u00fcrger einfach nicht.<\/strong> <\/p>\n<p>\t\t\t\t\t\t\t\t\t\t\t\t\t\t\t<img decoding=\"async\" width=\"159\" height=\"65\" src=\"https:\/\/easyselfies.com\/wp-content\/uploads\/2020\/10\/img1-about.png\" alt=\"Smartic\">\t\t\t\t\t\t\t\t\t\t\t\t\t\t\t<\/p>\n<p><strong>James Frank<\/strong> \/ CEO<\/p>\n<p>\t\t\t\t\t\t\t\t\t\t\t\t\t\t\t<img fetchpriority=\"high\" decoding=\"async\" width=\"768\" height=\"1152\" src=\"https:\/\/easyselfies.com\/wp-content\/uploads\/2025\/11\/20251109_1644_Selfie-Stick-Packaging_remix_01k9mdnx1keg29whratrmsmrfd-768x1152.webp\" alt=\"\" srcset=\"https:\/\/easyselfies.com\/wp-content\/uploads\/2025\/11\/20251109_1644_Selfie-Stick-Packaging_remix_01k9mdnx1keg29whratrmsmrfd-768x1152.webp 768w, https:\/\/easyselfies.com\/wp-content\/uploads\/2025\/11\/20251109_1644_Selfie-Stick-Packaging_remix_01k9mdnx1keg29whratrmsmrfd-200x300.webp 200w, https:\/\/easyselfies.com\/wp-content\/uploads\/2025\/11\/20251109_1644_Selfie-Stick-Packaging_remix_01k9mdnx1keg29whratrmsmrfd-683x1024.webp 683w, https:\/\/easyselfies.com\/wp-content\/uploads\/2025\/11\/20251109_1644_Selfie-Stick-Packaging_remix_01k9mdnx1keg29whratrmsmrfd-400x600.webp 400w, https:\/\/easyselfies.com\/wp-content\/uploads\/2025\/11\/20251109_1644_Selfie-Stick-Packaging_remix_01k9mdnx1keg29whratrmsmrfd.webp 1024w\" sizes=\"(max-width: 768px) 100vw, 768px\">\t\t\t\t\t\t\t\t\t\t\t\t\t\t\t<\/p>\n<h3>\n Kostenloser Versand<br \/>\n\t\t\t\t\t<\/h3>\n<h3>\n Sichere Zahlungen<br \/>\n\t\t\t\t\t<\/h3>\n<h3>\n Hohe Standards<br \/>\n\t\t\t\t\t<\/h3>\n","protected":false},"excerpt":{"rendered":"<p>Wir setzen Ihre Idee in die Realit\u00e4t um. Jedes gro\u00dfartige Produkt entsteht aus einem einfachen, menschlichen Problem. Im Fall von EasySelfies war dieses Problem ein Familienurlaub, der beinahe nicht stattgefunden h\u00e4tte. Unser Gr\u00fcnder, James Frank, befand sich mit seiner Familie auf einer lang ersehnten Reise. Die Landschaft war atemberaubend, die Momente unbezahlbar, aber die Fotos? [&hellip;]<\/p>\n","protected":false},"author":1,"featured_media":0,"parent":0,"menu_order":0,"comment_status":"closed","ping_status":"closed","template":"elementor_header_footer","meta":{"footnotes":""},"class_list":["post-32795","page","type-page","status-publish","hentry"],"_links":{"self":[{"href":"https:\/\/easyselfies.com\/de\/wp-json\/wp\/v2\/pages\/32795","targetHints":{"allow":["GET"]}}],"collection":[{"href":"https:\/\/easyselfies.com\/de\/wp-json\/wp\/v2\/pages"}],"about":[{"href":"https:\/\/easyselfies.com\/de\/wp-json\/wp\/v2\/types\/page"}],"author":[{"embeddable":true,"href":"https:\/\/easyselfies.com\/de\/wp-json\/wp\/v2\/users\/1"}],"replies":[{"embeddable":true,"href":"https:\/\/easyselfies.com\/de\/wp-json\/wp\/v2\/comments?post=32795"}],"version-history":[{"count":0,"href":"https:\/\/easyselfies.com\/de\/wp-json\/wp\/v2\/pages\/32795\/revisions"}],"wp:attachment":[{"href":"https:\/\/easyselfies.com\/de\/wp-json\/wp\/v2\/media?parent=32795"}],"curies":[{"name":"wp","href":"https:\/\/api.w.org\/{rel}","templated":true}]}}