{"id":32861,"date":"2025-11-11T16:10:32","date_gmt":"2025-11-11T16:10:32","guid":{"rendered":"https:\/\/easyselfies.com\/rueckerstattungs-und-rueckgabebestimmungen\/"},"modified":"2025-11-30T20:19:37","modified_gmt":"2025-11-30T20:19:37","slug":"rueckerstattungs-und-rueckgabebestimmungen","status":"publish","type":"page","link":"https:\/\/easyselfies.com\/de\/rueckerstattungs-und-rueckgabebestimmungen\/","title":{"rendered":"R\u00fcckerstattungs- und R\u00fcckgabebestimmungen"},"content":{"rendered":"\t\t<div data-elementor-type=\"wp-page\" data-elementor-id=\"32861\" class=\"elementor elementor-32861 elementor-14\" data-elementor-post-type=\"page\">\n\t\t\t\t<div class=\"elementor-element elementor-element-798a3c65 e-flex e-con-boxed e-con e-parent\" data-id=\"798a3c65\" data-element_type=\"container\">\n\t\t\t\t\t<div class=\"e-con-inner\">\n\t\t\t\t<div class=\"elementor-element elementor-element-278711f elementor-widget elementor-widget-text-editor\" data-id=\"278711f\" data-element_type=\"widget\" data-widget_type=\"text-editor.default\">\n\t\t\t\t<div class=\"elementor-widget-container\">\n\t\t\t\t\t\t\t\t\t<h3><strong>R\u00fcckerstattungs- und R\u00fcckgabebestimmungen f\u00fcr <a href=\"https:\/\/easyselfies.com\/de\/\" target=\"_blank\" rel=\"noopener noreferrer\">EasySelfies.com<\/a><\/strong><\/h3><p class=\"ds-markdown-paragraph\"><strong>Zuletzt aktualisiert:<\/strong> 24. Mai 2024<\/p><p class=\"ds-markdown-paragraph\"><strong>1. Unsere 30-Tage-Geld-zur\u00fcck-Garantie<\/strong><br>Wir bieten eine 30-Tage-Geld-zur\u00fcck-Garantie ab Lieferdatum. Sollten Sie aus irgendeinem Grund mit Ihrem SelfieShow-Stativ nicht zufrieden sein, k\u00f6nnen Sie es zur\u00fccksenden und erhalten den vollen Kaufpreis erstattet. <\/p><p class=\"ds-markdown-paragraph\"><strong>2. Auftragsverfolgung<\/strong><br>Sobald Ihre Zahlung best\u00e4tigt und Ihre Bestellung versandt wurde, erhalten Sie eine Best\u00e4tigungs-E-Mail mit einem Tracking-Code. Mit diesem Code k\u00f6nnen Sie den Lieferstatus Ihres Pakets verfolgen. <\/p><p class=\"ds-markdown-paragraph\"><strong>3.R\u00fcckgabebedingungen<\/strong><br>Um f\u00fcr eine R\u00fcckgabe berechtigt zu sein, muss Ihr Artikel folgende Bedingungen erf\u00fcllen:<\/p><ul><li><p class=\"ds-markdown-paragraph\">R\u00fcckgabe innerhalb von 30 Tagen nach Lieferung.<\/p><\/li><li><p class=\"ds-markdown-paragraph\">In Originalverpackung und inklusive aller Originalteile und Zubeh\u00f6rteile.<\/p><\/li><li><p class=\"ds-markdown-paragraph\">Das Produkt kann verwendet werden, darf aber nicht besch\u00e4digt, kaputt oder unvollst\u00e4ndig sein.<\/p><\/li><\/ul><p class=\"ds-markdown-paragraph\"><strong>4. So leiten Sie eine R\u00fcckgabe einn<\/strong><br>Bitte befolgen Sie diese Schritte:<\/p><ol start=\"1\"><li><p class=\"ds-markdown-paragraph\">Kontaktieren Sie unser Kundenservice-Team unter <strong>returns@easyselfies.com<\/strong> Um eine R\u00fccksendegenehmigungsnummer und ein vorausbezahltes R\u00fccksendeetikett anzufordern.<\/p><\/li><li><p class=\"ds-markdown-paragraph\">Verpacken Sie den Artikel sicher in seiner Originalverpackung.<\/p><\/li><li><p class=\"ds-markdown-paragraph\">Die R\u00fccksendegenehmigungsnummer muss deutlich sichtbar auf der Au\u00dfenseite des Pakets angebracht sein.<\/p><\/li><li><p class=\"ds-markdown-paragraph\">Bitte verwenden Sie den beigef\u00fcgten Versandaufkleber, um das Paket an unser Retourenzentrum zur\u00fcckzusenden:<br>[Ihre physische R\u00fccksendeadresse muss hier eingef\u00fcgt werden]<\/p><\/li><\/ol><p class=\"ds-markdown-paragraph\"><strong>5. R\u00fcckerstattungsabwicklung<\/strong><\/p><ul><li><p class=\"ds-markdown-paragraph\">Sobald wir Ihre R\u00fccksendung erhalten und gepr\u00fcft haben, werden wir Sie \u00fcber die Genehmigung oder Ablehnung Ihrer R\u00fcckerstattung informieren.<\/p><\/li><li><p class=\"ds-markdown-paragraph\">Wenn Ihr Antrag genehmigt wird, erfolgt die R\u00fcckerstattung innerhalb von 5-7 Werktagen \u00fcber Ihre urspr\u00fcngliche Zahlungsmethode.<\/p><\/li><li><p class=\"ds-markdown-paragraph\">Bitte beachten Sie, dass die urspr\u00fcnglichen Versandkosten nicht erstattet werden.<\/p><\/li><\/ul><p class=\"ds-markdown-paragraph\"><strong>6. Besch\u00e4digte oder defekte Artikel<\/strong><br>Wenn Sie ein besch\u00e4digtes oder defektes Produkt erhalten:<\/p><ul><li><p class=\"ds-markdown-paragraph\">Kontaktieren Sie uns umgehend unter <strong>support@easyselfies.com<\/strong><\/p><\/li><li><p class=\"ds-markdown-paragraph\">Bitte geben Sie Ihre Bestellnummer und Fotos des besch\u00e4digten\/defekten Artikels an.<\/p><\/li><li><p class=\"ds-markdown-paragraph\">Wir senden Ihnen umgehend kostenlos einen Ersatz oder erstatten Ihnen den vollen Kaufpreis.<\/p><\/li><\/ul><p class=\"ds-markdown-paragraph\"><strong>7. Versandkosten f\u00fcr die R\u00fccksendung<\/strong><br>Wir stellen f\u00fcr alle R\u00fccksendungen im Rahmen unserer 30-Tage-Geld-zur\u00fcck-Garantie vorfrankierte R\u00fccksendeetiketten zur Verf\u00fcgung. Der R\u00fcckversand ist f\u00fcr den Kunden kostenlos. <\/p><p class=\"ds-markdown-paragraph\"><strong>8. Kunden aus der Europ\u00e4ischen Union und Gro\u00dfbritannien<\/strong><br>Ihre gesetzlichen Rechte bleiben unber\u00fchrt. Unsere 30-Tage-Geld-zur\u00fcck-Garantie gilt zus\u00e4tzlich zu Ihrem gesetzlichen Widerrufsrecht innerhalb von 14 Tagen nach Erhalt der Ware. <\/p><p class=\"ds-markdown-paragraph\"><strong>9. Kontaktinformationen<\/strong><br>Bei Fragen zu unseren R\u00fcckgabe- und Erstattungsrichtlinien:<br><strong>E-Mail:<\/strong> info@easyselfies.com<br><strong>Ansprechzeit:<\/strong> Innerhalb von 24 Stunden an Werktagen<\/p>\t\t\t\t\t\t\t\t<\/div>\n\t\t\t\t<\/div>\n\t\t\t\t\t<\/div>\n\t\t\t\t<\/div>\n\t\t\t\t<\/div>\n\t\t","protected":false},"excerpt":{"rendered":"<p>R\u00fcckerstattungs- und R\u00fcckgabebestimmungen f\u00fcr EasySelfies.com Zuletzt aktualisiert: 24. Mai 2024 1. Unsere 30-Tage-Geld-zur\u00fcck-GarantieWir bieten eine 30-Tage-Geld-zur\u00fcck-Garantie ab Lieferdatum. Sollten Sie aus irgendeinem Grund mit Ihrem SelfieShow-Stativ nicht zufrieden sein, k\u00f6nnen Sie es zur\u00fccksenden und erhalten den vollen Kaufpreis erstattet. 2. AuftragsverfolgungSobald Ihre Zahlung best\u00e4tigt und Ihre Bestellung versandt wurde, erhalten Sie eine Best\u00e4tigungs-E-Mail mit einem [&hellip;]<\/p>\n","protected":false},"author":1,"featured_media":0,"parent":0,"menu_order":0,"comment_status":"closed","ping_status":"closed","template":"","meta":{"footnotes":""},"class_list":["post-32861","page","type-page","status-publish","hentry"],"_links":{"self":[{"href":"https:\/\/easyselfies.com\/de\/wp-json\/wp\/v2\/pages\/32861","targetHints":{"allow":["GET"]}}],"collection":[{"href":"https:\/\/easyselfies.com\/de\/wp-json\/wp\/v2\/pages"}],"about":[{"href":"https:\/\/easyselfies.com\/de\/wp-json\/wp\/v2\/types\/page"}],"author":[{"embeddable":true,"href":"https:\/\/easyselfies.com\/de\/wp-json\/wp\/v2\/users\/1"}],"replies":[{"embeddable":true,"href":"https:\/\/easyselfies.com\/de\/wp-json\/wp\/v2\/comments?post=32861"}],"version-history":[{"count":1,"href":"https:\/\/easyselfies.com\/de\/wp-json\/wp\/v2\/pages\/32861\/revisions"}],"predecessor-version":[{"id":32862,"href":"https:\/\/easyselfies.com\/de\/wp-json\/wp\/v2\/pages\/32861\/revisions\/32862"}],"wp:attachment":[{"href":"https:\/\/easyselfies.com\/de\/wp-json\/wp\/v2\/media?parent=32861"}],"curies":[{"name":"wp","href":"https:\/\/api.w.org\/{rel}","templated":true}]}}