{"id":32930,"date":"2025-11-11T16:17:37","date_gmt":"2025-11-11T16:17:37","guid":{"rendered":"https:\/\/easyselfies.com\/verkaufsbedingungen\/"},"modified":"2025-11-30T20:47:38","modified_gmt":"2025-11-30T20:47:38","slug":"verkaufsbedingungen","status":"publish","type":"page","link":"https:\/\/easyselfies.com\/de\/verkaufsbedingungen\/","title":{"rendered":"Verkaufsbedingungen"},"content":{"rendered":"\t\t<div data-elementor-type=\"wp-page\" data-elementor-id=\"32930\" class=\"elementor elementor-32930 elementor-31172\" data-elementor-post-type=\"page\">\n\t\t\t\t<div class=\"elementor-element elementor-element-5fb7590 e-flex e-con-boxed e-con e-parent\" data-id=\"5fb7590\" data-element_type=\"container\">\n\t\t\t\t\t<div class=\"e-con-inner\">\n\t\t<div class=\"elementor-element elementor-element-369baf4 e-con-full e-flex e-con e-child\" data-id=\"369baf4\" data-element_type=\"container\">\n\t\t\t\t<div class=\"elementor-element elementor-element-301d7f9 elementor-widget elementor-widget-text-editor\" data-id=\"301d7f9\" data-element_type=\"widget\" data-widget_type=\"text-editor.default\">\n\t\t\t\t<div class=\"elementor-widget-container\">\n\t\t\t\t\t\t\t\t\t<h3><strong>Verkaufsbedingungen \u2013 <a href=\"https:\/\/easyselfies.com\/de\/\" target=\"_blank\" rel=\"noopener noreferrer\">EasySelfies.com<\/a><\/strong><\/h3><p class=\"ds-markdown-paragraph\"><strong>Zuletzt aktualisiert:<\/strong> 24. Mai 2024<\/p><p class=\"ds-markdown-paragraph\"><strong>1. Zustimmung zu den Bedingungen<\/strong><br>Indem Sie eine Bestellung aufgeben bei <a href=\"https:\/\/easyselfies.com\/de\/\" target=\"_blank\" rel=\"noopener noreferrer\">EasySelfies.com<\/a> (&#8222;wir\u201c, \u201euns\u201c oder \u201eunser\u201c), Sie erkl\u00e4ren sich mit diesen Verkaufsbedingungen und unserer Datenschutzerkl\u00e4rung einverstanden. Bitte lesen Sie diese Bedingungen sorgf\u00e4ltig durch, bevor Sie Ihre Bestellung aufgeben. <\/p><p class=\"ds-markdown-paragraph\"><strong>2. Produkte und Preise<\/strong><\/p><ul><li><p class=\"ds-markdown-paragraph\">Alle Produkte werden vorbehaltlich der Verf\u00fcgbarkeit angeboten.<\/p><\/li><li><p class=\"ds-markdown-paragraph\">Wir behalten uns das Recht vor, die Mengen zu begrenzen.<\/p><\/li><li><p class=\"ds-markdown-paragraph\">Die Preise sind in Euro (\u20ac) angegeben und beinhalten die jeweils geltenden Steuern.<\/p><\/li><li><p class=\"ds-markdown-paragraph\">Wir behalten uns das Recht vor, die Preise jederzeit anzupassen. Bereits aufgegebene Bestellungen werden jedoch zu dem zum Zeitpunkt des Kaufs angezeigten Preis ausgef\u00fchrt.<\/p><\/li><li><p class=\"ds-markdown-paragraph\">Die Produktbilder dienen nur zur Veranschaulichung; die tats\u00e4chlichen Produkte k\u00f6nnen geringf\u00fcgig abweichen.<\/p><\/li><\/ul><p class=\"ds-markdown-paragraph\"><strong>3. Bestellvorgang<\/strong><\/p><ul><li><p class=\"ds-markdown-paragraph\">Die Auftragsannahme erfolgt mit dem Versand Ihrer Auftragsbest\u00e4tigungs-E-Mail.<\/p><\/li><li><p class=\"ds-markdown-paragraph\">Wir behalten uns das Recht vor, jede Bestellung vor dem Versand zu stornieren.<\/p><\/li><li><p class=\"ds-markdown-paragraph\">Sie m\u00fcssen genaue und vollst\u00e4ndige Versandinformationen angeben.<\/p><\/li><li><p class=\"ds-markdown-paragraph\">Bestellungen k\u00f6nnen einer Betrugspr\u00fcfung und -verifizierung unterliegen.<\/p><\/li><\/ul><p class=\"ds-markdown-paragraph\"><strong>4. Zahlungsbedingungen<\/strong><\/p><ul><li><p class=\"ds-markdown-paragraph\">Wir akzeptieren alle g\u00e4ngigen Kredit- und Debitkarten.<\/p><\/li><li><p class=\"ds-markdown-paragraph\">Die Zahlungsabwicklung erfolgt sicher \u00fcber PCI-konforme Zahlungsdienstleister.<\/p><\/li><li><p class=\"ds-markdown-paragraph\">Ihre Karte wird bei der Bestellung belastet.<\/p><\/li><li><p class=\"ds-markdown-paragraph\">Wenn die Zahlung nicht verarbeitet werden kann, wird Ihre Bestellung nicht ausgef\u00fchrt.<\/p><\/li><\/ul><p class=\"ds-markdown-paragraph\"><strong>5. Versand und Lieferung<\/strong><\/p><ul><li><p class=\"ds-markdown-paragraph\">Wir versenden weltweit.<\/p><\/li><li><p class=\"ds-markdown-paragraph\">Lieferzeiten sind Sch\u00e4tzungen und k\u00f6nnen nicht garantiert werden.<\/p><\/li><li><p class=\"ds-markdown-paragraph\">Die Gefahr des Verlusts geht mit der \u00dcbergabe an Sie \u00fcber.<\/p><\/li><li><p class=\"ds-markdown-paragraph\">Sie sind f\u00fcr die Angabe einer korrekten Lieferadresse verantwortlich. Wir \u00fcbernehmen keine Haftung f\u00fcr Pakete, die aufgrund einer vom Kunden angegebenen falschen Adresse verloren gehen oder sich versp\u00e4ten. <\/p><\/li><\/ul><p class=\"ds-markdown-paragraph\"><strong>6. R\u00fcckgabe und Erstattung<\/strong><\/p><ul><li><p class=\"ds-markdown-paragraph\">Wir bieten eine 30-Tage-Geld-zur\u00fcck-Garantie. Sollten Sie aus irgendeinem Grund mit Ihrem Kauf nicht zufrieden sein, k\u00f6nnen Sie ihn innerhalb von 30 Tagen nach Lieferung zur\u00fccksenden und erhalten den vollen Kaufpreis erstattet. <\/p><\/li><li><p class=\"ds-markdown-paragraph\">Das Produkt muss in der Originalverpackung zur\u00fcckgesendet werden und alle Originalteile und Zubeh\u00f6rteile enthalten.<\/p><\/li><li><p class=\"ds-markdown-paragraph\">Das Produkt darf nicht besch\u00e4digt, zerbrochen oder unvollst\u00e4ndig sein, au\u00dfer in dem Umfang, der f\u00fcr eine angemessene Pr\u00fcfung erforderlich ist.<\/p><\/li><li><p class=\"ds-markdown-paragraph\">R\u00fcckerstattungen erfolgen \u00fcber die urspr\u00fcngliche Zahlungsmethode.<\/p><\/li><li><p class=\"ds-markdown-paragraph\">Der Kunde tr\u00e4gt die Kosten f\u00fcr den R\u00fcckversand, es sei denn, die R\u00fccksendung ist auf einen Defekt oder einen Fehler unsererseits zur\u00fcckzuf\u00fchren.<\/p><\/li><\/ul><p class=\"ds-markdown-paragraph\"><strong>7. Gew\u00e4hrleistung und Haftung<\/strong><\/p><ul><li><p class=\"ds-markdown-paragraph\">F\u00fcr die Produkte gelten die jeweiligen Herstellergarantien.<\/p><\/li><li><p class=\"ds-markdown-paragraph\">Unsere Haftung ist auf den Kaufpreis des Produkts beschr\u00e4nkt.<\/p><\/li><li><p class=\"ds-markdown-paragraph\">Wir haften nicht f\u00fcr indirekte oder Folgesch\u00e4den.<\/p><\/li><li><p class=\"ds-markdown-paragraph\">In einigen Rechtsordnungen sind Haftungsbeschr\u00e4nkungen m\u00f6glicherweise nicht zul\u00e4ssig, daher trifft dies unter Umst\u00e4nden nicht auf Sie zu.<\/p><\/li><\/ul><p class=\"ds-markdown-paragraph\"><strong>8. Geistiges Eigentum<\/strong><\/p><ul><li><p class=\"ds-markdown-paragraph\">Alle Inhalte dieser Website, einschlie\u00dflich Produktdesigns und Logos, sind unser Eigentum.<\/p><\/li><li><p class=\"ds-markdown-paragraph\">Die Nutzung unseres geistigen Eigentums ist ohne schriftliche Genehmigung nicht gestattet.<\/p><\/li><\/ul><p class=\"ds-markdown-paragraph\"><strong>9. Verbotene Verwendungen<\/strong><br>Sie d\u00fcrfen unsere Produkte nicht verwenden f\u00fcr:<\/p><ul><li><p class=\"ds-markdown-paragraph\">Jeglicher rechtswidriger Zweck.<\/p><\/li><li><p class=\"ds-markdown-paragraph\">Gewerblicher Weiterverkauf ohne Genehmigung.<\/p><\/li><li><p class=\"ds-markdown-paragraph\">Jeglicher Zweck, der unserem Ruf schaden k\u00f6nnte.<\/p><\/li><\/ul><p class=\"ds-markdown-paragraph\"><strong>10. Geltendes Recht<\/strong><br>Diese Bedingungen unterliegen dem Recht von England und Wales.<\/p><p class=\"ds-markdown-paragraph\"><strong>11. \u00c4nderungen der Bedingungen<\/strong><br>Wir behalten uns das Recht vor, diese Bedingungen jederzeit zu aktualisieren. Die jeweils aktuellen Bedingungen werden stets auf unserer Website ver\u00f6ffentlicht. <\/p><p class=\"ds-markdown-paragraph\"><strong>12. Kontaktinformationen<\/strong><br>Bei Fragen zu diesen Verkaufsbedingungen:<br><strong>E-Mail:<\/strong> info@easyselfies.com<br><strong>Wir bem\u00fchen uns, innerhalb von 2 Werktagen zu antworten.<\/strong><\/p>\t\t\t\t\t\t\t\t<\/div>\n\t\t\t\t<\/div>\n\t\t\t\t<\/div>\n\t\t\t\t\t<\/div>\n\t\t\t\t<\/div>\n\t\t\t\t<\/div>\n\t\t","protected":false},"excerpt":{"rendered":"<p>Verkaufsbedingungen \u2013 EasySelfies.com Zuletzt aktualisiert: 24. Mai 2024 1. Zustimmung zu den BedingungenIndem Sie eine Bestellung aufgeben bei EasySelfies.com (&#8222;wir\u201c, \u201euns\u201c oder \u201eunser\u201c), Sie erkl\u00e4ren sich mit diesen Verkaufsbedingungen und unserer Datenschutzerkl\u00e4rung einverstanden. Bitte lesen Sie diese Bedingungen sorgf\u00e4ltig durch, bevor Sie Ihre Bestellung aufgeben. 2. Produkte und Preise Alle Produkte werden vorbehaltlich der Verf\u00fcgbarkeit [&hellip;]<\/p>\n","protected":false},"author":1,"featured_media":0,"parent":0,"menu_order":0,"comment_status":"closed","ping_status":"closed","template":"","meta":{"footnotes":""},"class_list":["post-32930","page","type-page","status-publish","hentry"],"_links":{"self":[{"href":"https:\/\/easyselfies.com\/de\/wp-json\/wp\/v2\/pages\/32930","targetHints":{"allow":["GET"]}}],"collection":[{"href":"https:\/\/easyselfies.com\/de\/wp-json\/wp\/v2\/pages"}],"about":[{"href":"https:\/\/easyselfies.com\/de\/wp-json\/wp\/v2\/types\/page"}],"author":[{"embeddable":true,"href":"https:\/\/easyselfies.com\/de\/wp-json\/wp\/v2\/users\/1"}],"replies":[{"embeddable":true,"href":"https:\/\/easyselfies.com\/de\/wp-json\/wp\/v2\/comments?post=32930"}],"version-history":[{"count":1,"href":"https:\/\/easyselfies.com\/de\/wp-json\/wp\/v2\/pages\/32930\/revisions"}],"predecessor-version":[{"id":32931,"href":"https:\/\/easyselfies.com\/de\/wp-json\/wp\/v2\/pages\/32930\/revisions\/32931"}],"wp:attachment":[{"href":"https:\/\/easyselfies.com\/de\/wp-json\/wp\/v2\/media?parent=32930"}],"curies":[{"name":"wp","href":"https:\/\/api.w.org\/{rel}","templated":true}]}}