{"id":32285,"date":"2020-10-23T01:55:21","date_gmt":"2020-10-23T01:55:21","guid":{"rendered":"https:\/\/easyselfies.com\/sobre-nosotros\/"},"modified":"2020-10-23T01:55:21","modified_gmt":"2020-10-23T01:55:21","slug":"sobre-nosotros","status":"publish","type":"page","link":"https:\/\/easyselfies.com\/es\/sobre-nosotros\/","title":{"rendered":"Sobre nosotros"},"content":{"rendered":"<h2>Convertimos tu idea en<br \/>\n realidad<\/h2>\n<p>Todo gran producto nace de un problema humano y sencillo. Para EasySelfies, ese problema fue unas vacaciones familiares que casi no llegan a ser.<\/p>\n<p>Nuestro fundador, James Frank, estaba en un viaje largamente esperado con toda su familia. El paisaje era impresionante, los momentos no ten\u00edan precio, pero \u00bflas fotos? Eran un desastre.<\/p>\n<p>Imag\u00ednate esto: el brazo de su esposa no era lo suficientemente largo para un selfie grupal. Su hija ten\u00eda problemas con un palo selfie barato e inestable. El tel\u00e9fono de su hijo estaba peligrosamente equilibrado sobre una roca para una foto programada. Su padre no consegu\u00eda encontrar el \u00e1ngulo, y su madre se qued\u00f3 fuera de las fotos por completo.<\/p>\n<p>En ese momento, rodeado de las personas que m\u00e1s amaba, James se dio cuenta de que no estaban logrando capturar los recuerdos que hab\u00edan venido a crear. Vio la lucha universal: <strong>simplemente no exist\u00eda la tecnolog\u00eda adecuada para obtener fotos perfectas y sin esfuerzo para la gente com\u00fan.<\/strong><\/p>\n<p>\t\t\t\t\t\t\t\t\t\t\t\t\t\t\t<img decoding=\"async\" width=\"159\" height=\"65\" src=\"https:\/\/easyselfies.com\/wp-content\/uploads\/2020\/10\/img1-about.png\" alt=\"Smartic\">\t\t\t\t\t\t\t\t\t\t\t\t\t\t\t<\/p>\n<p><strong>James Frank<\/strong> \/ CEO<\/p>\n<p>\t\t\t\t\t\t\t\t\t\t\t\t\t\t\t<img fetchpriority=\"high\" decoding=\"async\" width=\"768\" height=\"1152\" src=\"https:\/\/easyselfies.com\/wp-content\/uploads\/2025\/11\/20251109_1644_Selfie-Stick-Packaging_remix_01k9mdnx1keg29whratrmsmrfd-768x1152.webp\" alt=\"\" srcset=\"https:\/\/easyselfies.com\/wp-content\/uploads\/2025\/11\/20251109_1644_Selfie-Stick-Packaging_remix_01k9mdnx1keg29whratrmsmrfd-768x1152.webp 768w, https:\/\/easyselfies.com\/wp-content\/uploads\/2025\/11\/20251109_1644_Selfie-Stick-Packaging_remix_01k9mdnx1keg29whratrmsmrfd-200x300.webp 200w, https:\/\/easyselfies.com\/wp-content\/uploads\/2025\/11\/20251109_1644_Selfie-Stick-Packaging_remix_01k9mdnx1keg29whratrmsmrfd-683x1024.webp 683w, https:\/\/easyselfies.com\/wp-content\/uploads\/2025\/11\/20251109_1644_Selfie-Stick-Packaging_remix_01k9mdnx1keg29whratrmsmrfd-400x600.webp 400w, https:\/\/easyselfies.com\/wp-content\/uploads\/2025\/11\/20251109_1644_Selfie-Stick-Packaging_remix_01k9mdnx1keg29whratrmsmrfd.webp 1024w\" sizes=\"(max-width: 768px) 100vw, 768px\">\t\t\t\t\t\t\t\t\t\t\t\t\t\t\t<\/p>\n<h3>\n  Env\u00edo gratuito<br \/>\n\t\t\t\t\t<\/h3>\n<h3>\n  Pagos seguros<br \/>\n\t\t\t\t\t<\/h3>\n<h3>\n  Altos est\u00e1ndares<br \/>\n\t\t\t\t\t<\/h3>\n","protected":false},"excerpt":{"rendered":"<p>Convertimos tu idea en realidad Todo gran producto nace de un problema humano y sencillo. Para EasySelfies, ese problema fue unas vacaciones familiares que casi no llegan a ser. Nuestro fundador, James Frank, estaba en un viaje largamente esperado con toda su familia. El paisaje era impresionante, los momentos no ten\u00edan precio, pero \u00bflas fotos? [&hellip;]<\/p>\n","protected":false},"author":1,"featured_media":0,"parent":0,"menu_order":0,"comment_status":"closed","ping_status":"closed","template":"elementor_header_footer","meta":{"footnotes":""},"class_list":["post-32285","page","type-page","status-publish","hentry"],"_links":{"self":[{"href":"https:\/\/easyselfies.com\/es\/wp-json\/wp\/v2\/pages\/32285","targetHints":{"allow":["GET"]}}],"collection":[{"href":"https:\/\/easyselfies.com\/es\/wp-json\/wp\/v2\/pages"}],"about":[{"href":"https:\/\/easyselfies.com\/es\/wp-json\/wp\/v2\/types\/page"}],"author":[{"embeddable":true,"href":"https:\/\/easyselfies.com\/es\/wp-json\/wp\/v2\/users\/1"}],"replies":[{"embeddable":true,"href":"https:\/\/easyselfies.com\/es\/wp-json\/wp\/v2\/comments?post=32285"}],"version-history":[{"count":0,"href":"https:\/\/easyselfies.com\/es\/wp-json\/wp\/v2\/pages\/32285\/revisions"}],"wp:attachment":[{"href":"https:\/\/easyselfies.com\/es\/wp-json\/wp\/v2\/media?parent=32285"}],"curies":[{"name":"wp","href":"https:\/\/api.w.org\/{rel}","templated":true}]}}