{"id":32347,"date":"2025-04-18T13:21:26","date_gmt":"2025-04-18T13:21:26","guid":{"rendered":"https:\/\/easyselfies.com\/politica-de-privacidad\/"},"modified":"2025-11-28T18:43:46","modified_gmt":"2025-11-28T18:43:46","slug":"politica-de-privacidad","status":"publish","type":"page","link":"https:\/\/easyselfies.com\/es\/politica-de-privacidad\/","title":{"rendered":"pol\u00edtica de privacidad"},"content":{"rendered":"\t\t<div data-elementor-type=\"wp-page\" data-elementor-id=\"32347\" class=\"elementor elementor-32347 elementor-3\" data-elementor-post-type=\"page\">\n\t\t\t\t<div class=\"elementor-element elementor-element-196904b2 e-flex e-con-boxed e-con e-parent\" data-id=\"196904b2\" data-element_type=\"container\">\n\t\t\t\t\t<div class=\"e-con-inner\">\n\t\t\t\t<div class=\"elementor-element elementor-element-7e7e243b elementor-widget elementor-widget-text-editor\" data-id=\"7e7e243b\" data-element_type=\"widget\" data-widget_type=\"text-editor.default\">\n\t\t\t\t<div class=\"elementor-widget-container\">\n\t\t\t\t\t\t\t\t\t\n<h3><strong>Pol\u00edtica de privacidad para <a href=\"https:\/\/easyselfies.com\/es\/\" target=\"_blank\" rel=\"noopener noreferrer\">EasySelfies.com<\/a><\/strong><\/h3>\n<p class=\"ds-markdown-paragraph\"><strong>\u00daltima actualizaci\u00f3n:<\/strong> 24 de mayo de 2024<\/p>\n<p class=\"ds-markdown-paragraph\"><strong>1. Introducci\u00f3n<\/strong><\/p>\n<p class=\"ds-markdown-paragraph\">Bienvenido a <a href=\"https:\/\/easyselfies.com\/es\/\" target=\"_blank\" rel=\"noopener noreferrer\">EasySelfies.com<\/a> (Nos comprometemos a proteger su privacidad y a gestionar sus datos con transparencia y cuidado. Esta Pol\u00edtica de Privacidad explica c\u00f3mo recopilamos, usamos y protegemos su informaci\u00f3n personal cuando visita nuestro sitio web y compra nuestros productos.  <\/p>\n<p class=\"ds-markdown-paragraph\">Al usar <a href=\"https:\/\/easyselfies.com\/es\/\" target=\"_blank\" rel=\"noopener noreferrer\">EasySelfies.com<\/a>, Usted acepta las pr\u00e1cticas descritas en esta pol\u00edtica.<\/p>\n<p class=\"ds-markdown-paragraph\"><strong>2. Informaci\u00f3n que recopilamos<\/strong><\/p>\n<p class=\"ds-markdown-paragraph\">Recopilamos la informaci\u00f3n necesaria para procesar sus pedidos y brindarle una experiencia de cliente fluida. Esto incluye: <\/p>\n<ul>\n<li>\n<p class=\"ds-markdown-paragraph\"><strong>Identificadores personales:<\/strong> Su nombre, direcci\u00f3n de env\u00edo, direcci\u00f3n de correo electr\u00f3nico y n\u00famero de tel\u00e9fono.<\/p>\n<\/li>\n<li>\n<p class=\"ds-markdown-paragraph\"><strong>Informaci\u00f3n de pago:<\/strong> Los datos de su tarjeta de cr\u00e9dito\/d\u00e9bito. Tenga en cuenta que todos los pagos se procesan mediante nuestros procesadores de pago externos seguros. No almacenamos los datos completos de su tarjeta en nuestros servidores.  <\/p>\n<\/li>\n<li>\n<p class=\"ds-markdown-paragraph\"><strong>Informaci\u00f3n del pedido:<\/strong> Detalles sobre los productos que compras y tu historial de transacciones.<\/p>\n<\/li>\n<li>\n<p class=\"ds-markdown-paragraph\"><strong>Datos de comunicaci\u00f3n:<\/strong> Cualquier correspondencia que tengamos con usted, incluidas las consultas de atenci\u00f3n al cliente.<\/p>\n<\/li>\n<li>\n<p class=\"ds-markdown-paragraph\"><strong>Datos t\u00e9cnicos:<\/strong> Su direcci\u00f3n IP, tipo de navegador e informaci\u00f3n sobre su visita a nuestro sitio web (recopilada a trav\u00e9s de cookies y tecnolog\u00edas similares) para ayudarnos a mejorar la funcionalidad de nuestro sitio.<\/p>\n<\/li>\n<\/ul>\n<p class=\"ds-markdown-paragraph\"><strong>3. \u00bfPor qu\u00e9 recopilamos su informaci\u00f3n? (Base legal)<\/strong><\/p>\n<p class=\"ds-markdown-paragraph\">Recopilamos y utilizamos su informaci\u00f3n personal para los siguientes fines comerciales leg\u00edtimos:<\/p>\n<ul>\n<li>\n<p class=\"ds-markdown-paragraph\"><strong>Para cumplir con su pedido:<\/strong> Necesitamos su nombre, direcci\u00f3n y datos de contacto para procesar su pago, entregarle el producto y enviarle confirmaciones de pedido y notificaciones de env\u00edo. Esto es un requisito contractual. <\/p>\n<\/li>\n<li>\n<p class=\"ds-markdown-paragraph\"><strong>Para comunicarnos contigo:<\/strong> Utilizamos su correo electr\u00f3nico y n\u00famero de tel\u00e9fono para brindar atenci\u00f3n al cliente, responder a sus consultas y notificarle sobre actualizaciones importantes con respecto a su pedido.<\/p>\n<\/li>\n<li>\n<p class=\"ds-markdown-paragraph\"><strong>Para mejorar nuestro sitio web:<\/strong> We analyze technical and usage data to understand how our website is performing and how we can enhance your experience.<\/p>\n<\/li>\n<\/ul>\n<p class=\"ds-markdown-paragraph\"><strong>4. C\u00f3mo compartimos su informaci\u00f3n<\/strong><\/p>\n<p class=\"ds-markdown-paragraph\">Valoramos su confianza y no vendemos ni alquilamos su informaci\u00f3n personal a terceros. Solo compartimos sus datos con socios de confianza que nos ayudan a operar nuestro sitio web y a gestionar nuestra actividad, bajo estrictos acuerdos de confidencialidad: <\/p>\n<ul>\n<li>\n<p class=\"ds-markdown-paragraph\"><strong>Socios de env\u00edo:<\/strong> Compartimos su nombre y direcci\u00f3n de env\u00edo con los servicios de entrega (por ejemplo, FedEx, DHL, servicios postales nacionales) para enviarle su producto.<\/p>\n<\/li>\n<li>\n<p class=\"ds-markdown-paragraph\"><strong>Procesadores de pago:<\/strong> Compartimos datos de transacciones con pasarelas de pago seguras para procesar sus pagos.<\/p>\n<\/li>\n<li>\n<p class=\"ds-markdown-paragraph\"><strong>Proveedores de servicios:<\/strong> Podemos utilizar servicios de terceros para alojamiento de sitios web, an\u00e1lisis y atenci\u00f3n al cliente.<\/p>\n<\/li>\n<\/ul>\n<p class=\"ds-markdown-paragraph\"><strong>5. Retenci\u00f3n de datos<\/strong><\/p>\n<p class=\"ds-markdown-paragraph\">Conservaremos su informaci\u00f3n personal \u00fanicamente durante el tiempo necesario para los fines establecidos en esta pol\u00edtica, o seg\u00fan sea necesario para cumplir con nuestras obligaciones legales, resolver disputas y hacer cumplir nuestros acuerdos. Normalmente, conservamos la informaci\u00f3n de los pedidos durante un m\u00ednimo de 4 a\u00f1os para fines fiscales y de garant\u00eda. <\/p>\n<p class=\"ds-markdown-paragraph\"><strong>6. Sus derechos de protecci\u00f3n de datos<\/strong><\/p>\n<p class=\"ds-markdown-paragraph\">Dependiendo de su ubicaci\u00f3n, usted puede tener los siguientes derechos con respecto a sus datos personales:<\/p>\n<ul>\n<li>\n<p class=\"ds-markdown-paragraph\"><strong>El derecho de acceso:<\/strong> Puede solicitar una copia de los datos personales que tenemos sobre usted.<\/p>\n<\/li>\n<li>\n<p class=\"ds-markdown-paragraph\"><strong>El derecho a la rectificaci\u00f3n:<\/strong> Puede solicitar que corrijamos cualquier dato inexacto o incompleto.<\/p>\n<\/li>\n<li>\n<p class=\"ds-markdown-paragraph\"><strong>El derecho al borrado:<\/strong> Puede solicitar que eliminemos sus datos personales, sujeto a ciertas limitaciones legales.<\/p>\n<\/li>\n<li>\n<p class=\"ds-markdown-paragraph\"><strong>El derecho a objetar:<\/strong> Puede oponerse a determinados tipos de tratamiento, como el marketing directo.<\/p>\n<\/li>\n<\/ul>\n<p class=\"ds-markdown-paragraph\">Para ejercer cualquiera de estos derechos, cont\u00e1ctenos en info@easyselfies.com.<br><br><\/p>\n<p class=\"ds-markdown-paragraph\"><strong>7. Galletas<\/strong><\/p>\n<p class=\"ds-markdown-paragraph\">Nuestro sitio web utiliza cookies para distinguirle de otros usuarios. Esto nos ayuda a brindarle una buena experiencia cuando navega por nuestro sitio y tambi\u00e9n nos permite mejorarlo. Puede configurar su navegador para rechazar todas o algunas de las cookies del navegador, pero esto puede afectar su experiencia de usuario.<\/p>\n<p class=\"ds-markdown-paragraph\"><strong>8. Cambios a esta Pol\u00edtica de Privacidad<\/strong><\/p>\n<p class=\"ds-markdown-paragraph\">Es posible que actualicemos esta pol\u00edtica de vez en cuando. La \u00faltima versi\u00f3n siempre se publicar\u00e1 en esta p\u00e1gina con una fecha de \u00ab\u00daltima actualizaci\u00f3n\u00bb actualizada. Lo alentamos a revisar esta pol\u00edtica peri\u00f3dicamente.<\/p>\n<p class=\"ds-markdown-paragraph\"><strong>9. Contacta con nosotros<\/strong><\/p>\n<p class=\"ds-markdown-paragraph\">Si tiene alguna pregunta sobre esta Pol\u00edtica de privacidad o c\u00f3mo manejamos sus datos, cont\u00e1ctenos:<\/p>\n<p class=\"ds-markdown-paragraph\"><strong>Correo electr\u00f3nico:<\/strong> info@easyselfies.com<br><strong>Sitio web:<\/strong> <a href=\"https:\/\/easyselfies.com\/es\/contacta-con-nosotros\/\" target=\"_blank\" rel=\"noopener noreferrer\">https:\/\/easyselfies.com\/contact<\/a><\/p>\t\t\t\t\t\t\t\t<\/div>\n\t\t\t\t<\/div>\n\t\t\t\t\t<\/div>\n\t\t\t\t<\/div>\n\t\t\t\t<\/div>\n\t\t","protected":false},"excerpt":{"rendered":"<p>Pol\u00edtica de privacidad para EasySelfies.com \u00daltima actualizaci\u00f3n: 24 de mayo de 2024 1. Introducci\u00f3n Bienvenido a EasySelfies.com (Nos comprometemos a proteger su privacidad y a gestionar sus datos con transparencia y cuidado. Esta Pol\u00edtica de Privacidad explica c\u00f3mo recopilamos, usamos y protegemos su informaci\u00f3n personal cuando visita nuestro sitio web y compra nuestros productos. Al [&hellip;]<\/p>\n","protected":false},"author":1,"featured_media":0,"parent":0,"menu_order":0,"comment_status":"closed","ping_status":"closed","template":"","meta":{"footnotes":""},"class_list":["post-32347","page","type-page","status-publish","hentry"],"_links":{"self":[{"href":"https:\/\/easyselfies.com\/es\/wp-json\/wp\/v2\/pages\/32347","targetHints":{"allow":["GET"]}}],"collection":[{"href":"https:\/\/easyselfies.com\/es\/wp-json\/wp\/v2\/pages"}],"about":[{"href":"https:\/\/easyselfies.com\/es\/wp-json\/wp\/v2\/types\/page"}],"author":[{"embeddable":true,"href":"https:\/\/easyselfies.com\/es\/wp-json\/wp\/v2\/users\/1"}],"replies":[{"embeddable":true,"href":"https:\/\/easyselfies.com\/es\/wp-json\/wp\/v2\/comments?post=32347"}],"version-history":[{"count":3,"href":"https:\/\/easyselfies.com\/es\/wp-json\/wp\/v2\/pages\/32347\/revisions"}],"predecessor-version":[{"id":32350,"href":"https:\/\/easyselfies.com\/es\/wp-json\/wp\/v2\/pages\/32347\/revisions\/32350"}],"wp:attachment":[{"href":"https:\/\/easyselfies.com\/es\/wp-json\/wp\/v2\/media?parent=32347"}],"curies":[{"name":"wp","href":"https:\/\/api.w.org\/{rel}","templated":true}]}}