{"id":32351,"date":"2025-11-11T16:10:32","date_gmt":"2025-11-11T16:10:32","guid":{"rendered":"https:\/\/easyselfies.com\/politica-de-reembolsos-y-devoluciones\/"},"modified":"2025-11-28T18:54:09","modified_gmt":"2025-11-28T18:54:09","slug":"politica-de-reembolsos-y-devoluciones","status":"publish","type":"page","link":"https:\/\/easyselfies.com\/es\/politica-de-reembolsos-y-devoluciones\/","title":{"rendered":"Pol\u00edtica de reembolsos y devoluciones"},"content":{"rendered":"\t\t<div data-elementor-type=\"wp-page\" data-elementor-id=\"32351\" class=\"elementor elementor-32351 elementor-14\" data-elementor-post-type=\"page\">\n\t\t\t\t<div class=\"elementor-element elementor-element-798a3c65 e-flex e-con-boxed e-con e-parent\" data-id=\"798a3c65\" data-element_type=\"container\">\n\t\t\t\t\t<div class=\"e-con-inner\">\n\t\t\t\t<div class=\"elementor-element elementor-element-278711f elementor-widget elementor-widget-text-editor\" data-id=\"278711f\" data-element_type=\"widget\" data-widget_type=\"text-editor.default\">\n\t\t\t\t<div class=\"elementor-widget-container\">\n\t\t\t\t\t\t\t\t\t<h3><strong>Pol\u00edtica de reembolsos y devoluciones para <a href=\"https:\/\/easyselfies.com\/es\/\" target=\"_blank\" rel=\"noopener noreferrer\">EasySelfies.com<\/a><\/strong><\/h3><p class=\"ds-markdown-paragraph\"><strong>\u00daltima actualizaci\u00f3n:<\/strong> 24 de mayo de 2024<\/p><p class=\"ds-markdown-paragraph\"><strong>1. Nuestra garant\u00eda de devoluci\u00f3n de dinero de 30 d\u00edas<\/strong><br>Ofrecemos una garant\u00eda de devoluci\u00f3n de dinero de 30 d\u00edas a partir de la fecha de entrega. Si no est\u00e1 satisfecho con su tr\u00edpode SelfieShow por cualquier motivo, puede devolverlo y obtener un reembolso completo del precio del producto. <\/p><p class=\"ds-markdown-paragraph\"><strong> 2. Seguimiento de pedidos<\/strong><br>Una vez confirmado el pago y enviado el pedido, le enviaremos un correo electr\u00f3nico de confirmaci\u00f3n con un c\u00f3digo de seguimiento. Este c\u00f3digo le permitir\u00e1 seguir el estado de entrega de su paquete. <\/p><p class=\"ds-markdown-paragraph\"><strong>3. Condiciones de devoluci\u00f3n<\/strong><br>Para ser elegible para una devoluci\u00f3n, su art\u00edculo debe ser:<\/p><ul><li><p class=\"ds-markdown-paragraph\">Devuelto dentro de los 30 d\u00edas siguientes a la entrega.<\/p><\/li><li><p class=\"ds-markdown-paragraph\">En su embalaje original e incluye todas las piezas y accesorios originales.<\/p><\/li><li><p class=\"ds-markdown-paragraph\">El producto se puede utilizar, pero no debe estar da\u00f1ado, roto o faltarle piezas.<\/p><\/li><\/ul><p class=\"ds-markdown-paragraph\"><strong>4. C\u00f3mo iniciar una devoluci\u00f3n<\/strong><br>Por favor siga estos pasos:<\/p><ol start=\"1\"><li><p class=\"ds-markdown-paragraph\">Contacte con nuestro equipo de atenci\u00f3n al cliente en <strong>returns@easyselfies.com<\/strong> para solicitar un N\u00famero de Autorizaci\u00f3n de Devoluci\u00f3n y una etiqueta de env\u00edo de devoluci\u00f3n prepaga.<\/p><\/li><li><p class=\"ds-markdown-paragraph\">Empaque el art\u00edculo de forma segura en su embalaje original.<\/p><\/li><li><p class=\"ds-markdown-paragraph\">Incluya el N\u00famero de Autorizaci\u00f3n de Devoluci\u00f3n claramente visible en el exterior del paquete.<\/p><\/li><li><p class=\"ds-markdown-paragraph\">Utilice la etiqueta de env\u00edo proporcionada para devolver el paquete a nuestro centro de devoluciones en:<br>[Debe insertar aqu\u00ed su direcci\u00f3n de devoluci\u00f3n f\u00edsica]<\/p><\/li><\/ol><p class=\"ds-markdown-paragraph\"><strong>5. Procesamiento de reembolsos<\/strong><\/p><ul><li><p class=\"ds-markdown-paragraph\">Una vez que recibamos e inspeccionemos su art\u00edculo devuelto, le notificaremos la aprobaci\u00f3n o el rechazo de su reembolso.<\/p><\/li><li><p class=\"ds-markdown-paragraph\">Si se aprueba, su reembolso se procesar\u00e1 a su m\u00e9todo de pago original dentro de 5 a 7 d\u00edas h\u00e1biles.<\/p><\/li><li><p class=\"ds-markdown-paragraph\">Tenga en cuenta que los costos de env\u00edo originales no son reembolsables.<\/p><\/li><\/ul><p class=\"ds-markdown-paragraph\"><strong>6. Art\u00edculos da\u00f1ados o defectuosos<\/strong><br>Si recibe un producto da\u00f1ado o defectuoso:<\/p><ul><li><p class=\"ds-markdown-paragraph\">Cont\u00e1ctenos inmediatamente al <strong>support@easyselfies.com<\/strong><\/p><\/li><li><p class=\"ds-markdown-paragraph\">Proporcione su n\u00famero de pedido y fotograf\u00edas del art\u00edculo da\u00f1ado\/defectuoso<\/p><\/li><li><p class=\"ds-markdown-paragraph\">Le enviaremos r\u00e1pidamente un reemplazo sin costo adicional o le proporcionaremos un reembolso completo.<\/p><\/li><\/ul><p class=\"ds-markdown-paragraph\"><strong>7. Costos de env\u00edo de devoluci\u00f3n<\/strong><br>Proporcionamos etiquetas de env\u00edo de devoluci\u00f3n prepagadas para todas las devoluciones realizadas bajo nuestra Garant\u00eda de Devoluci\u00f3n de Dinero de 30 d\u00edas. El env\u00edo de devoluci\u00f3n es gratuito para el cliente. <\/p><p class=\"ds-markdown-paragraph\"><strong>8. Clientes de la Uni\u00f3n Europea y el Reino Unido<\/strong><br>Your statutory rights are unaffected. Our 30-Day Money-Back Guarantee is in addition to your legal right to withdraw from the contract within 14 days of receipt. <\/p><p class=\"ds-markdown-paragraph\"><strong>9. Informaci\u00f3n del contacto<\/strong><br>Para cualquier pregunta sobre nuestra Pol\u00edtica de devoluciones y reembolsos:<br><strong>Correo electr\u00f3nico:<\/strong> info@easyselfies.com<br><strong>Tiempo de respuesta:<\/strong> Within 24 hours during business days<\/p>\t\t\t\t\t\t\t\t<\/div>\n\t\t\t\t<\/div>\n\t\t\t\t\t<\/div>\n\t\t\t\t<\/div>\n\t\t\t\t<\/div>\n\t\t","protected":false},"excerpt":{"rendered":"<p>Pol\u00edtica de reembolsos y devoluciones para EasySelfies.com \u00daltima actualizaci\u00f3n: 24 de mayo de 2024 1. Nuestra garant\u00eda de devoluci\u00f3n de dinero de 30 d\u00edasOfrecemos una garant\u00eda de devoluci\u00f3n de dinero de 30 d\u00edas a partir de la fecha de entrega. Si no est\u00e1 satisfecho con su tr\u00edpode SelfieShow por cualquier motivo, puede devolverlo y obtener [&hellip;]<\/p>\n","protected":false},"author":1,"featured_media":0,"parent":0,"menu_order":0,"comment_status":"closed","ping_status":"closed","template":"","meta":{"footnotes":""},"class_list":["post-32351","page","type-page","status-publish","hentry"],"_links":{"self":[{"href":"https:\/\/easyselfies.com\/es\/wp-json\/wp\/v2\/pages\/32351","targetHints":{"allow":["GET"]}}],"collection":[{"href":"https:\/\/easyselfies.com\/es\/wp-json\/wp\/v2\/pages"}],"about":[{"href":"https:\/\/easyselfies.com\/es\/wp-json\/wp\/v2\/types\/page"}],"author":[{"embeddable":true,"href":"https:\/\/easyselfies.com\/es\/wp-json\/wp\/v2\/users\/1"}],"replies":[{"embeddable":true,"href":"https:\/\/easyselfies.com\/es\/wp-json\/wp\/v2\/comments?post=32351"}],"version-history":[{"count":1,"href":"https:\/\/easyselfies.com\/es\/wp-json\/wp\/v2\/pages\/32351\/revisions"}],"predecessor-version":[{"id":32352,"href":"https:\/\/easyselfies.com\/es\/wp-json\/wp\/v2\/pages\/32351\/revisions\/32352"}],"wp:attachment":[{"href":"https:\/\/easyselfies.com\/es\/wp-json\/wp\/v2\/media?parent=32351"}],"curies":[{"name":"wp","href":"https:\/\/api.w.org\/{rel}","templated":true}]}}