{"id":32388,"date":"2025-11-11T16:17:37","date_gmt":"2025-11-11T16:17:37","guid":{"rendered":"https:\/\/easyselfies.com\/condiciones-de-venta\/"},"modified":"2025-11-28T20:52:03","modified_gmt":"2025-11-28T20:52:03","slug":"condiciones-de-venta","status":"publish","type":"page","link":"https:\/\/easyselfies.com\/es\/condiciones-de-venta\/","title":{"rendered":"Condiciones de venta"},"content":{"rendered":"\t\t<div data-elementor-type=\"wp-page\" data-elementor-id=\"32388\" class=\"elementor elementor-32388 elementor-31172\" data-elementor-post-type=\"page\">\n\t\t\t\t<div class=\"elementor-element elementor-element-5fb7590 e-flex e-con-boxed e-con e-parent\" data-id=\"5fb7590\" data-element_type=\"container\">\n\t\t\t\t\t<div class=\"e-con-inner\">\n\t\t<div class=\"elementor-element elementor-element-369baf4 e-con-full e-flex e-con e-child\" data-id=\"369baf4\" data-element_type=\"container\">\n\t\t\t\t<div class=\"elementor-element elementor-element-301d7f9 elementor-widget elementor-widget-text-editor\" data-id=\"301d7f9\" data-element_type=\"widget\" data-widget_type=\"text-editor.default\">\n\t\t\t\t<div class=\"elementor-widget-container\">\n\t\t\t\t\t\t\t\t\t<h3><strong>Condiciones de venta \u2013 <a href=\"https:\/\/easyselfies.com\/es\/\" target=\"_blank\" rel=\"noopener noreferrer\">EasySelfies.com<\/a><\/strong><\/h3><p class=\"ds-markdown-paragraph\"><strong>\u00daltima actualizaci\u00f3n:<\/strong> 24 de mayo de 2024<\/p><p class=\"ds-markdown-paragraph\"><strong>11. Aceptaci\u00f3n de los t\u00e9rminos<\/strong><br>Al realizar un pedido con <a href=\"https:\/\/easyselfies.com\/es\/\" target=\"_blank\" rel=\"noopener noreferrer\">EasySelfies.com<\/a> (\u00abnosotros\u00bb, \u00abnos\u00bb o \u00abnuestro\u00bb),Acepta estas Condiciones de Venta y nuestra Pol\u00edtica de Privacidad. Lea atentamente estas condiciones antes de realizar su pedido. <\/p><p class=\"ds-markdown-paragraph\"><strong>2. Productos y precios<\/strong><\/p><ul><li><p class=\"ds-markdown-paragraph\">Todos los productos est\u00e1n sujetos a disponibilidad.<\/p><\/li><li><p class=\"ds-markdown-paragraph\">Nos reservamos el derecho de limitar las cantidades.<\/p><\/li><li><p class=\"ds-markdown-paragraph\">Los precios se muestran en Euros (\u20ac) e incluyen los impuestos aplicables.<\/p><\/li><li><p class=\"ds-markdown-paragraph\">Nos reservamos el derecho de ajustar los precios en cualquier momento, aunque los pedidos ya realizados se mantendr\u00e1n al precio que se muestra en el momento de la compra.<\/p><\/li><li><p class=\"ds-markdown-paragraph\">Las im\u00e1genes de los productos son para fines ilustrativos; los productos reales pueden variar ligeramente.<\/p><\/li><\/ul><p class=\"ds-markdown-paragraph\"><strong>3. Proceso de pedido<\/strong><\/p><ul><li><p class=\"ds-markdown-paragraph\">La aceptaci\u00f3n del pedido se produce cuando enviamos su correo electr\u00f3nico de confirmaci\u00f3n del pedido.<\/p><\/li><li><p class=\"ds-markdown-paragraph\">Nos reservamos el derecho de cancelar cualquier pedido antes del env\u00edo.<\/p><\/li><li><p class=\"ds-markdown-paragraph\">Debe proporcionar informaci\u00f3n de env\u00edo precisa y completa.<\/p><\/li><li><p class=\"ds-markdown-paragraph\">Los pedidos pueden estar sujetos a pruebas y verificaci\u00f3n de fraude.<\/p><\/li><\/ul><p class=\"ds-markdown-paragraph\"><strong>4. Condiciones de pago<\/strong><\/p><ul><li><p class=\"ds-markdown-paragraph\">Aceptamos las principales tarjetas de cr\u00e9dito y d\u00e9bito.<\/p><\/li><li><p class=\"ds-markdown-paragraph\">El pago se procesa de forma segura a trav\u00e9s de procesadores de pago compatibles con PCI.<\/p><\/li><li><p class=\"ds-markdown-paragraph\">Se cargar\u00e1 el importe a su tarjeta cuando realice su pedido.<\/p><\/li><li><p class=\"ds-markdown-paragraph\">Si no se puede procesar el pago, su pedido no se completar\u00e1.<\/p><\/li><\/ul><p class=\"ds-markdown-paragraph\"><strong>5. Env\u00edo y entrega<\/strong><\/p><ul><li><p class=\"ds-markdown-paragraph\">Realizamos env\u00edos a todo el mundo.<\/p><\/li><li><p class=\"ds-markdown-paragraph\">Los tiempos de entrega son estimados y no est\u00e1n garantizados.<\/p><\/li><li><p class=\"ds-markdown-paragraph\">El riesgo de p\u00e9rdida pasa a usted en el momento de la entrega.<\/p><\/li><li><p class=\"ds-markdown-paragraph\">Usted es responsable de proporcionar una direcci\u00f3n de env\u00edo correcta. No nos responsabilizamos de los paquetes perdidos o retrasados \u200b\u200bdebido a una direcci\u00f3n incorrecta proporcionada por el cliente. <\/p><\/li><\/ul><p class=\"ds-markdown-paragraph\"><strong>6. Devoluciones y reembolsos<\/strong><\/p><ul><li><p class=\"ds-markdown-paragraph\">Ofrecemos una garant\u00eda de devoluci\u00f3n de dinero de 30 d\u00edas. Si no est\u00e1 satisfecho con su compra por cualquier motivo, puede devolverla dentro de los 30 d\u00edas posteriores a la entrega para obtener un reembolso completo. <\/p><\/li><li><p class=\"ds-markdown-paragraph\">El producto debe devolverse en su embalaje original y debe incluir todas las piezas y accesorios originales.<\/p><\/li><li><p class=\"ds-markdown-paragraph\">El producto no debe estar da\u00f1ado, roto o tener partes faltantes m\u00e1s all\u00e1 de las necesarias para una inspecci\u00f3n razonable.<\/p><\/li><li><p class=\"ds-markdown-paragraph\">Los reembolsos se emitir\u00e1n al m\u00e9todo de pago original.<\/p><\/li><li><p class=\"ds-markdown-paragraph\">Los clientes son responsables del costo del env\u00edo de devoluci\u00f3n a menos que la devoluci\u00f3n se deba a un defecto o un error de nuestra parte.<\/p><\/li><\/ul><p class=\"ds-markdown-paragraph\"><strong>7. Garant\u00eda y responsabilidad<\/strong><\/p><ul><li><p class=\"ds-markdown-paragraph\">Los productos vienen con las garant\u00edas del fabricante aplicables.<\/p><\/li><li><p class=\"ds-markdown-paragraph\">Nuestra responsabilidad se limita al precio de compra del producto.<\/p><\/li><li><p class=\"ds-markdown-paragraph\">No seremos responsables de da\u00f1os indirectos o consecuentes.<\/p><\/li><li><p class=\"ds-markdown-paragraph\">Es posible que algunas jurisdicciones no permitan limitaciones de responsabilidad, por lo que esto podr\u00eda no aplicarse en su caso.<\/p><\/li><\/ul><p class=\"ds-markdown-paragraph\"><strong>8. Propiedad intelectual<\/strong><\/p><ul><li><p class=\"ds-markdown-paragraph\">Todo el contenido de este sitio, incluidos los dise\u00f1os de productos y logotipos, son de nuestra propiedad.<\/p><\/li><li><p class=\"ds-markdown-paragraph\">No puede utilizar nuestra propiedad intelectual sin permiso por escrito.<\/p><\/li><\/ul><p class=\"ds-markdown-paragraph\"><strong>9. Usos prohibidos<\/strong><br>No podr\u00e1 utilizar nuestros productos para:<\/p><ul><li><p class=\"ds-markdown-paragraph\">Cualquier prop\u00f3sito il\u00edcito.<\/p><\/li><li><p class=\"ds-markdown-paragraph\">Reventa comercial sin autorizaci\u00f3n.<\/p><\/li><li><p class=\"ds-markdown-paragraph\">Cualquier prop\u00f3sito que pueda da\u00f1ar nuestra reputaci\u00f3n.<\/p><\/li><\/ul><p class=\"ds-markdown-paragraph\"><strong>10. Ley aplicable<\/strong><br>Estos t\u00e9rminos se rigen por las leyes de Inglaterra y Gales.<\/p><p class=\"ds-markdown-paragraph\"><strong>11. Cambios a los t\u00e9rminos<\/strong><br>Nos reservamos el derecho de actualizar estos t\u00e9rminos en cualquier momento. Los t\u00e9rminos actuales siempre estar\u00e1n publicados en nuestro sitio web.<\/p><p class=\"ds-markdown-paragraph\"><strong>12. Informaci\u00f3n del contacto<\/strong><br>Para preguntas sobre estos T\u00e9rminos de Venta:<br><strong>Correo electr\u00f3nico:<\/strong> info@easyselfies.com<br><strong>Nuestro objetivo es responder dentro de 2 d\u00edas h\u00e1biles.<\/strong><\/p>\t\t\t\t\t\t\t\t<\/div>\n\t\t\t\t<\/div>\n\t\t\t\t<\/div>\n\t\t\t\t\t<\/div>\n\t\t\t\t<\/div>\n\t\t\t\t<\/div>\n\t\t","protected":false},"excerpt":{"rendered":"<p>Condiciones de venta \u2013 EasySelfies.com \u00daltima actualizaci\u00f3n: 24 de mayo de 2024 11. Aceptaci\u00f3n de los t\u00e9rminosAl realizar un pedido con EasySelfies.com (\u00abnosotros\u00bb, \u00abnos\u00bb o \u00abnuestro\u00bb),Acepta estas Condiciones de Venta y nuestra Pol\u00edtica de Privacidad. Lea atentamente estas condiciones antes de realizar su pedido. 2. Productos y precios Todos los productos est\u00e1n sujetos a disponibilidad. [&hellip;]<\/p>\n","protected":false},"author":1,"featured_media":0,"parent":0,"menu_order":0,"comment_status":"closed","ping_status":"closed","template":"","meta":{"footnotes":""},"class_list":["post-32388","page","type-page","status-publish","hentry"],"_links":{"self":[{"href":"https:\/\/easyselfies.com\/es\/wp-json\/wp\/v2\/pages\/32388","targetHints":{"allow":["GET"]}}],"collection":[{"href":"https:\/\/easyselfies.com\/es\/wp-json\/wp\/v2\/pages"}],"about":[{"href":"https:\/\/easyselfies.com\/es\/wp-json\/wp\/v2\/types\/page"}],"author":[{"embeddable":true,"href":"https:\/\/easyselfies.com\/es\/wp-json\/wp\/v2\/users\/1"}],"replies":[{"embeddable":true,"href":"https:\/\/easyselfies.com\/es\/wp-json\/wp\/v2\/comments?post=32388"}],"version-history":[{"count":3,"href":"https:\/\/easyselfies.com\/es\/wp-json\/wp\/v2\/pages\/32388\/revisions"}],"predecessor-version":[{"id":32461,"href":"https:\/\/easyselfies.com\/es\/wp-json\/wp\/v2\/pages\/32388\/revisions\/32461"}],"wp:attachment":[{"href":"https:\/\/easyselfies.com\/es\/wp-json\/wp\/v2\/media?parent=32388"}],"curies":[{"name":"wp","href":"https:\/\/api.w.org\/{rel}","templated":true}]}}