{"id":32657,"date":"2020-10-23T01:55:21","date_gmt":"2020-10-23T01:55:21","guid":{"rendered":"https:\/\/easyselfies.com\/a-propos-de-nous\/"},"modified":"2020-10-23T01:55:21","modified_gmt":"2020-10-23T01:55:21","slug":"a-propos-de-nous","status":"publish","type":"page","link":"https:\/\/easyselfies.com\/fr\/a-propos-de-nous\/","title":{"rendered":"\u00c0 propos de nous"},"content":{"rendered":"<h2>Nous transformons ton id\u00e9e en<br \/>\nr\u00e9alit\u00e9<\/h2>\n<p>Chaque grand produit na\u00eet d&rsquo;un probl\u00e8me humain simple. Pour EasySelfies, ce probl\u00e8me \u00e9tait une vacance en famille qui a failli ne pas avoir lieu. <\/p>\n<p>Notre fondateur, James Frank, \u00e9tait en voyage tant attendu avec toute sa famille. Le paysage \u00e9tait \u00e0 couper le souffle, les moments \u00e9taient pr\u00e9cieux, mais les photos ? C&rsquo;\u00e9tait un d\u00e9sastre.  <\/p>\n<p>Imagine la sc\u00e8ne : le bras de sa femme n&rsquo;\u00e9tait pas assez long pour un selfie de groupe. Sa fille luttait avec une perche \u00e0 selfie bon march\u00e9 et bancale. Le t\u00e9l\u00e9phone de son fils \u00e9tait en \u00e9quilibre pr\u00e9caire sur un rocher pour une photo avec retardateur. Son p\u00e8re n&rsquo;arrivait pas \u00e0 trouver le bon angle, et sa m\u00e8re \u00e9tait compl\u00e8tement exclue des photos.   <\/p>\n<p>\u00c0 ce moment-l\u00e0, entour\u00e9 des personnes qu&rsquo;il aimait le plus, James a r\u00e9alis\u00e9 qu&rsquo;ils n&rsquo;arrivaient pas \u00e0 capturer les souvenirs qu&rsquo;ils \u00e9taient venus cr\u00e9er. Il a vu la lutte universelle : <strong>la technologie adapt\u00e9e pour des photos parfaites et sans effort n&rsquo;existait tout simplement pas pour les gens ordinaires.<\/strong> <\/p>\n<p>\t\t\t\t\t\t\t\t\t\t\t\t\t\t\t<img decoding=\"async\" width=\"159\" height=\"65\" src=\"https:\/\/easyselfies.com\/wp-content\/uploads\/2020\/10\/img1-about.png\" alt=\"Smartic\">\t\t\t\t\t\t\t\t\t\t\t\t\t\t\t<\/p>\n<p><strong>James Frank<\/strong> \/ PDG<\/p>\n<p>\t\t\t\t\t\t\t\t\t\t\t\t\t\t\t<img fetchpriority=\"high\" decoding=\"async\" width=\"768\" height=\"1152\" src=\"https:\/\/easyselfies.com\/wp-content\/uploads\/2025\/11\/20251109_1644_Selfie-Stick-Packaging_remix_01k9mdnx1keg29whratrmsmrfd-768x1152.webp\" alt=\"\" srcset=\"https:\/\/easyselfies.com\/wp-content\/uploads\/2025\/11\/20251109_1644_Selfie-Stick-Packaging_remix_01k9mdnx1keg29whratrmsmrfd-768x1152.webp 768w, https:\/\/easyselfies.com\/wp-content\/uploads\/2025\/11\/20251109_1644_Selfie-Stick-Packaging_remix_01k9mdnx1keg29whratrmsmrfd-200x300.webp 200w, https:\/\/easyselfies.com\/wp-content\/uploads\/2025\/11\/20251109_1644_Selfie-Stick-Packaging_remix_01k9mdnx1keg29whratrmsmrfd-683x1024.webp 683w, https:\/\/easyselfies.com\/wp-content\/uploads\/2025\/11\/20251109_1644_Selfie-Stick-Packaging_remix_01k9mdnx1keg29whratrmsmrfd-400x600.webp 400w, https:\/\/easyselfies.com\/wp-content\/uploads\/2025\/11\/20251109_1644_Selfie-Stick-Packaging_remix_01k9mdnx1keg29whratrmsmrfd.webp 1024w\" sizes=\"(max-width: 768px) 100vw, 768px\">\t\t\t\t\t\t\t\t\t\t\t\t\t\t\t<\/p>\n<h3>\n  Livraison gratuite<br \/>\n\t\t\t\t\t<\/h3>\n<h3>\n  Paiements s\u00e9curis\u00e9s<br \/>\n\t\t\t\t\t<\/h3>\n<h3>\n  Normes \u00e9lev\u00e9es<br \/>\n\t\t\t\t\t<\/h3>\n","protected":false},"excerpt":{"rendered":"<p>Nous transformons ton id\u00e9e en r\u00e9alit\u00e9 Chaque grand produit na\u00eet d&rsquo;un probl\u00e8me humain simple. Pour EasySelfies, ce probl\u00e8me \u00e9tait une vacance en famille qui a failli ne pas avoir lieu. Notre fondateur, James Frank, \u00e9tait en voyage tant attendu avec toute sa famille. Le paysage \u00e9tait \u00e0 couper le souffle, les moments \u00e9taient pr\u00e9cieux, mais [&hellip;]<\/p>\n","protected":false},"author":1,"featured_media":0,"parent":0,"menu_order":0,"comment_status":"closed","ping_status":"closed","template":"elementor_header_footer","meta":{"footnotes":""},"class_list":["post-32657","page","type-page","status-publish","hentry"],"_links":{"self":[{"href":"https:\/\/easyselfies.com\/fr\/wp-json\/wp\/v2\/pages\/32657","targetHints":{"allow":["GET"]}}],"collection":[{"href":"https:\/\/easyselfies.com\/fr\/wp-json\/wp\/v2\/pages"}],"about":[{"href":"https:\/\/easyselfies.com\/fr\/wp-json\/wp\/v2\/types\/page"}],"author":[{"embeddable":true,"href":"https:\/\/easyselfies.com\/fr\/wp-json\/wp\/v2\/users\/1"}],"replies":[{"embeddable":true,"href":"https:\/\/easyselfies.com\/fr\/wp-json\/wp\/v2\/comments?post=32657"}],"version-history":[{"count":0,"href":"https:\/\/easyselfies.com\/fr\/wp-json\/wp\/v2\/pages\/32657\/revisions"}],"wp:attachment":[{"href":"https:\/\/easyselfies.com\/fr\/wp-json\/wp\/v2\/media?parent=32657"}],"curies":[{"name":"wp","href":"https:\/\/api.w.org\/{rel}","templated":true}]}}