{"id":32788,"date":"2025-11-11T16:10:32","date_gmt":"2025-11-11T16:10:32","guid":{"rendered":"https:\/\/easyselfies.com\/politique-de-remboursement-et-de-retour\/"},"modified":"2025-11-29T00:03:32","modified_gmt":"2025-11-29T00:03:32","slug":"politique-de-remboursement-et-de-retour","status":"publish","type":"page","link":"https:\/\/easyselfies.com\/fr\/politique-de-remboursement-et-de-retour\/","title":{"rendered":"Politique de remboursement et de retour"},"content":{"rendered":"\t\t<div data-elementor-type=\"wp-page\" data-elementor-id=\"32788\" class=\"elementor elementor-32788 elementor-14\" data-elementor-post-type=\"page\">\n\t\t\t\t<div class=\"elementor-element elementor-element-798a3c65 e-flex e-con-boxed e-con e-parent\" data-id=\"798a3c65\" data-element_type=\"container\">\n\t\t\t\t\t<div class=\"e-con-inner\">\n\t\t\t\t<div class=\"elementor-element elementor-element-278711f elementor-widget elementor-widget-text-editor\" data-id=\"278711f\" data-element_type=\"widget\" data-widget_type=\"text-editor.default\">\n\t\t\t\t<div class=\"elementor-widget-container\">\n\t\t\t\t\t\t\t\t\t<h3><strong>Politique de remboursement et de retour pour <a href=\"https:\/\/easyselfies.com\/fr\/\" target=\"_blank\" rel=\"noopener noreferrer\">EasySelfies.com<\/a><\/strong><\/h3><p class=\"ds-markdown-paragraph\"><strong>Derni\u00e8re mise \u00e0 jour :<\/strong> 24 mai 2024<\/p><p class=\"ds-markdown-paragraph\"><strong>1. Garantie satisfait ou rembours\u00e9 de 30 jours<\/strong> <\/p><p class=\"ds-markdown-paragraph\"><strong>2. Suivi de commande<\/strong><br>Une fois votre paiement confirm\u00e9 et votre commande exp\u00e9di\u00e9e, nous vous enverrons un courriel de confirmation contenant un code de suivi. Ce code vous permettra de suivre l&rsquo;\u00e9tat de la livraison de votre colis. <\/p><p class=\"ds-markdown-paragraph\"><strong>3. Conditions de retour<\/strong><\/p><ul><li><p class=\"ds-markdown-paragraph\">Retourn\u00e9 dans les 30 jours suivant la livraison.<\/p><\/li><li><p class=\"ds-markdown-paragraph\">Dans son emballage d&rsquo;origine et comprenant toutes les pi\u00e8ces et accessoires d&rsquo;origine.<\/p><\/li><li><p class=\"ds-markdown-paragraph\">Le produit peut \u00eatre utilis\u00e9, mais il ne doit pas \u00eatre endommag\u00e9, cass\u00e9 ou incomplet.<\/p><\/li><\/ul><p class=\"ds-markdown-paragraph\"><strong>4. Comment effectuer un retour<\/strong><\/p><ol start=\"1\"><li><p class=\"ds-markdown-paragraph\">Contactez notre service client \u00e0 l&rsquo;adresse<strong> returns@easyselfies.com <\/strong>pour demander un num\u00e9ro d&rsquo;autorisation de retour et une \u00e9tiquette de retour pr\u00e9pay\u00e9e.<\/p><\/li><li><p class=\"ds-markdown-paragraph\">Emballez l&rsquo;article soigneusement dans son emballage d&rsquo;origine.<\/p><\/li><li><p class=\"ds-markdown-paragraph\">Veuillez inclure le num\u00e9ro d&rsquo;autorisation de retour clairement visible \u00e0 l&rsquo;ext\u00e9rieur du colis.<\/p><\/li><li><p class=\"ds-markdown-paragraph\">Utilisez l&rsquo;\u00e9tiquette d&rsquo;exp\u00e9dition fournie pour renvoyer le colis \u00e0 notre centre de retours \u00e0 l&rsquo;adresse suivante :<br>[Votre adresse de retour physique doit \u00eatre ins\u00e9r\u00e9e ici]<\/p><\/li><\/ol><p class=\"ds-markdown-paragraph\"><strong>5. Traitement des remboursements<\/strong><\/p><ul><li><p class=\"ds-markdown-paragraph\">Une fois que nous aurons re\u00e7u et inspect\u00e9 votre article retourn\u00e9, nous vous informerons de l&rsquo;approbation ou du refus de votre remboursement.<\/p><\/li><li><p class=\"ds-markdown-paragraph\">Si votre demande est approuv\u00e9e, votre remboursement sera trait\u00e9 selon votre mode de paiement initial dans un d\u00e9lai de 5 \u00e0 7 jours ouvrables.<\/p><\/li><li><p class=\"ds-markdown-paragraph\">Veuillez noter que les frais d&rsquo;exp\u00e9dition initiaux ne sont pas remboursables.<\/p><\/li><\/ul><p class=\"ds-markdown-paragraph\"><strong>6. Articles endommag\u00e9s ou d\u00e9fectueux<\/strong><\/p><ul><li><p class=\"ds-markdown-paragraph\">Contactez-nous imm\u00e9diatement \u00e0 l&rsquo;adresse <strong>support@easyselfies.com<\/strong><\/p><\/li><li><p class=\"ds-markdown-paragraph\">Veuillez fournir votre num\u00e9ro de commande et des photos de l&rsquo;article endommag\u00e9\/d\u00e9fectueux.<\/p><\/li><li><p class=\"ds-markdown-paragraph\">Nous vous enverrons rapidement un remplacement sans frais suppl\u00e9mentaires ou nous vous rembourserons int\u00e9gralement.<\/p><\/li><\/ul><p class=\"ds-markdown-paragraph\"><strong>7. Frais de retour<\/strong> <\/p><p class=\"ds-markdown-paragraph\"><strong>8. Clients de l&rsquo;Union europ\u00e9enne et du Royaume-Uni<\/strong> <\/p><p class=\"ds-markdown-paragraph\"><strong>9. Coordonn\u00e9e<\/strong>s<br>Pour toute question concernant notre politique de retours et de remboursements :<br><strong>Email:<\/strong> info@easyselfies.com<br><strong>D\u00e9lai de r\u00e9ponse :<\/strong> 24 heures ouvrables<\/p>\t\t\t\t\t\t\t\t<\/div>\n\t\t\t\t<\/div>\n\t\t\t\t\t<\/div>\n\t\t\t\t<\/div>\n\t\t\t\t<\/div>\n\t\t","protected":false},"excerpt":{"rendered":"<p>Politique de remboursement et de retour pour EasySelfies.com Derni\u00e8re mise \u00e0 jour : 24 mai 2024 1. Garantie satisfait ou rembours\u00e9 de 30 jours 2. Suivi de commandeUne fois votre paiement confirm\u00e9 et votre commande exp\u00e9di\u00e9e, nous vous enverrons un courriel de confirmation contenant un code de suivi. Ce code vous permettra de suivre l&rsquo;\u00e9tat [&hellip;]<\/p>\n","protected":false},"author":1,"featured_media":0,"parent":0,"menu_order":0,"comment_status":"closed","ping_status":"closed","template":"","meta":{"footnotes":""},"class_list":["post-32788","page","type-page","status-publish","hentry"],"_links":{"self":[{"href":"https:\/\/easyselfies.com\/fr\/wp-json\/wp\/v2\/pages\/32788","targetHints":{"allow":["GET"]}}],"collection":[{"href":"https:\/\/easyselfies.com\/fr\/wp-json\/wp\/v2\/pages"}],"about":[{"href":"https:\/\/easyselfies.com\/fr\/wp-json\/wp\/v2\/types\/page"}],"author":[{"embeddable":true,"href":"https:\/\/easyselfies.com\/fr\/wp-json\/wp\/v2\/users\/1"}],"replies":[{"embeddable":true,"href":"https:\/\/easyselfies.com\/fr\/wp-json\/wp\/v2\/comments?post=32788"}],"version-history":[{"count":1,"href":"https:\/\/easyselfies.com\/fr\/wp-json\/wp\/v2\/pages\/32788\/revisions"}],"predecessor-version":[{"id":32789,"href":"https:\/\/easyselfies.com\/fr\/wp-json\/wp\/v2\/pages\/32788\/revisions\/32789"}],"wp:attachment":[{"href":"https:\/\/easyselfies.com\/fr\/wp-json\/wp\/v2\/media?parent=32788"}],"curies":[{"name":"wp","href":"https:\/\/api.w.org\/{rel}","templated":true}]}}