{"id":32613,"date":"2020-10-23T01:55:21","date_gmt":"2020-10-23T01:55:21","guid":{"rendered":"https:\/\/easyselfies.com\/o-nas\/"},"modified":"2020-10-23T01:55:21","modified_gmt":"2020-10-23T01:55:21","slug":"o-nas","status":"publish","type":"page","link":"https:\/\/easyselfies.com\/pl\/o-nas\/","title":{"rendered":"O nas"},"content":{"rendered":"<h2>Zamieniamy Tw\u00f3j pomys\u0142 w<br \/>\nrzeczywisto\u015b\u0107<\/h2>\n<p>Ka\u017cdy \u015bwietny produkt rodzi si\u0119 z prostego, ludzkiego problemu. W przypadku EasySelfies, tym problemem by\u0142y wakacje rodzinne, kt\u00f3re prawie si\u0119 nie uda\u0142y. <\/p>\n<p>Nasz za\u0142o\u017cyciel, James Frank, by\u0142 na d\u0142ugo wyczekiwanym wyje\u017adzie z ca\u0142\u0105 rodzin\u0105. Sceneria zapiera\u0142a dech w piersiach, chwile by\u0142y bezcenne, ale zdj\u0119cia? By\u0142y katastrof\u0105.  <\/p>\n<p>Wyobra\u017a sobie: r\u0119ka jego \u017cony nie by\u0142a wystarczaj\u0105co d\u0142uga, by zrobi\u0107 grupowe selfie. Jego c\u00f3rka m\u0119czy\u0142a si\u0119 z tanim, chwiejnym kijem do selfie. Telefon syna by\u0142 ryzykownie oparty o ska\u0142\u0119 do zdj\u0119cia z samowyzwalaczem. Jego ojciec nie m\u00f3g\u0142 ustawi\u0107 odpowiedniego k\u0105ta, a mama w og\u00f3le nie za\u0142apa\u0142a si\u0119 na zdj\u0119cia.   <\/p>\n<p>W tej chwili, otoczony przez najbli\u017csze osoby, James zda\u0142 sobie spraw\u0119, \u017ce nie udaje im si\u0119 uchwyci\u0107 wspomnie\u0144, po kt\u00f3re przyjechali. Dostrzeg\u0142 uniwersalny problem: <strong>odpowiednia technologia do robienia idealnych, bezproblemowych zdj\u0119\u0107 po prostu nie istnia\u0142a dla zwyk\u0142ych ludzi.<\/strong> <\/p>\n<p>\t\t\t\t\t\t\t\t\t\t\t\t\t\t\t<img decoding=\"async\" width=\"159\" height=\"65\" src=\"https:\/\/easyselfies.com\/wp-content\/uploads\/2020\/10\/img1-about.png\" alt=\"Smartic\">\t\t\t\t\t\t\t\t\t\t\t\t\t\t\t<\/p>\n<p><strong>James Frank<\/strong> \/ Dyrektor generalny<\/p>\n<p>\t\t\t\t\t\t\t\t\t\t\t\t\t\t\t<img fetchpriority=\"high\" decoding=\"async\" width=\"768\" height=\"1152\" src=\"https:\/\/easyselfies.com\/wp-content\/uploads\/2025\/11\/20251109_1644_Selfie-Stick-Packaging_remix_01k9mdnx1keg29whratrmsmrfd-768x1152.webp\" alt=\"\" srcset=\"https:\/\/easyselfies.com\/wp-content\/uploads\/2025\/11\/20251109_1644_Selfie-Stick-Packaging_remix_01k9mdnx1keg29whratrmsmrfd-768x1152.webp 768w, https:\/\/easyselfies.com\/wp-content\/uploads\/2025\/11\/20251109_1644_Selfie-Stick-Packaging_remix_01k9mdnx1keg29whratrmsmrfd-200x300.webp 200w, https:\/\/easyselfies.com\/wp-content\/uploads\/2025\/11\/20251109_1644_Selfie-Stick-Packaging_remix_01k9mdnx1keg29whratrmsmrfd-683x1024.webp 683w, https:\/\/easyselfies.com\/wp-content\/uploads\/2025\/11\/20251109_1644_Selfie-Stick-Packaging_remix_01k9mdnx1keg29whratrmsmrfd-400x600.webp 400w, https:\/\/easyselfies.com\/wp-content\/uploads\/2025\/11\/20251109_1644_Selfie-Stick-Packaging_remix_01k9mdnx1keg29whratrmsmrfd.webp 1024w\" sizes=\"(max-width: 768px) 100vw, 768px\">\t\t\t\t\t\t\t\t\t\t\t\t\t\t\t<\/p>\n<h3>\n Darmowa dostawa<br \/>\n\t\t\t\t\t<\/h3>\n<h3>\n Bezpieczne p\u0142atno\u015bci<br \/>\n\t\t\t\t\t<\/h3>\n<h3>\n Wysokie standardy<br \/>\n\t\t\t\t\t<\/h3>\n","protected":false},"excerpt":{"rendered":"<p>Zamieniamy Tw\u00f3j pomys\u0142 w rzeczywisto\u015b\u0107 Ka\u017cdy \u015bwietny produkt rodzi si\u0119 z prostego, ludzkiego problemu. W przypadku EasySelfies, tym problemem by\u0142y wakacje rodzinne, kt\u00f3re prawie si\u0119 nie uda\u0142y. Nasz za\u0142o\u017cyciel, James Frank, by\u0142 na d\u0142ugo wyczekiwanym wyje\u017adzie z ca\u0142\u0105 rodzin\u0105. Sceneria zapiera\u0142a dech w piersiach, chwile by\u0142y bezcenne, ale zdj\u0119cia? By\u0142y katastrof\u0105. Wyobra\u017a sobie: r\u0119ka jego [&hellip;]<\/p>\n","protected":false},"author":1,"featured_media":0,"parent":0,"menu_order":0,"comment_status":"closed","ping_status":"closed","template":"elementor_header_footer","meta":{"footnotes":""},"class_list":["post-32613","page","type-page","status-publish","hentry"],"_links":{"self":[{"href":"https:\/\/easyselfies.com\/pl\/wp-json\/wp\/v2\/pages\/32613","targetHints":{"allow":["GET"]}}],"collection":[{"href":"https:\/\/easyselfies.com\/pl\/wp-json\/wp\/v2\/pages"}],"about":[{"href":"https:\/\/easyselfies.com\/pl\/wp-json\/wp\/v2\/types\/page"}],"author":[{"embeddable":true,"href":"https:\/\/easyselfies.com\/pl\/wp-json\/wp\/v2\/users\/1"}],"replies":[{"embeddable":true,"href":"https:\/\/easyselfies.com\/pl\/wp-json\/wp\/v2\/comments?post=32613"}],"version-history":[{"count":0,"href":"https:\/\/easyselfies.com\/pl\/wp-json\/wp\/v2\/pages\/32613\/revisions"}],"wp:attachment":[{"href":"https:\/\/easyselfies.com\/pl\/wp-json\/wp\/v2\/media?parent=32613"}],"curies":[{"name":"wp","href":"https:\/\/api.w.org\/{rel}","templated":true}]}}