{"id":32723,"date":"2025-11-11T16:10:32","date_gmt":"2025-11-11T16:10:32","guid":{"rendered":"https:\/\/easyselfies.com\/polityka-zwrotow-i-reklamacji\/"},"modified":"2025-11-28T23:19:28","modified_gmt":"2025-11-28T23:19:28","slug":"polityka-zwrotow-i-reklamacji","status":"publish","type":"page","link":"https:\/\/easyselfies.com\/pl\/polityka-zwrotow-i-reklamacji\/","title":{"rendered":"Polityka zwrot\u00f3w i reklamacji"},"content":{"rendered":"\t\t<div data-elementor-type=\"wp-page\" data-elementor-id=\"32723\" class=\"elementor elementor-32723 elementor-14\" data-elementor-post-type=\"page\">\n\t\t\t\t<div class=\"elementor-element elementor-element-798a3c65 e-flex e-con-boxed e-con e-parent\" data-id=\"798a3c65\" data-element_type=\"container\">\n\t\t\t\t\t<div class=\"e-con-inner\">\n\t\t\t\t<div class=\"elementor-element elementor-element-278711f elementor-widget elementor-widget-text-editor\" data-id=\"278711f\" data-element_type=\"widget\" data-widget_type=\"text-editor.default\">\n\t\t\t\t<div class=\"elementor-widget-container\">\n\t\t\t\t\t\t\t\t\t<h3><strong>Polityka zwrot\u00f3w i reklamacji <a href=\"https:\/\/easyselfies.com\/pl\/\" target=\"_blank\" rel=\"noopener noreferrer\">EasySelfies.com<\/a><\/strong><\/h3><p class=\"ds-markdown-paragraph\"><strong>Ostatnia aktualizacja:<\/strong> 24 maja 2024 r.<\/p><p class=\"ds-markdown-paragraph\"><strong>1. Nasza 30-dniowa gwarancja zwrotu pieni\u0119dzy<\/strong><br>Oferujemy 30-dniow\u0105 gwarancj\u0119 zwrotu pieni\u0119dzy od daty dostawy. Je\u015bli z jakiegokolwiek powodu nie jeste\u015b zadowolony ze swojego statywu SelfieShow, mo\u017cesz go zwr\u00f3ci\u0107 i otrzyma\u0107 pe\u0142ny zwrot ceny produktu. <\/p><p class=\"ds-markdown-paragraph\"><strong>2. \u015aledzenie zam\u00f3wienia<\/strong><br>Po potwierdzeniu p\u0142atno\u015bci i wys\u0142aniu zam\u00f3wienia, wy\u015blemy Ci e-mail z potwierdzeniem i kodem \u015bledzenia. Kod ten umo\u017cliwi Ci monitorowanie statusu dostawy Twojej paczki. <\/p><p class=\"ds-markdown-paragraph\"><strong>3. Warunki zwrotu<\/strong><br>Aby kwalifikowa\u0107 si\u0119 do zwrotu, zakupiony przedmiot musi spe\u0142nia\u0107 nast\u0119puj\u0105ce warunki:<\/p><ul><li><p class=\"ds-markdown-paragraph\">Zwrot w ci\u0105gu 30 dni od daty dostawy.<\/p><\/li><li><p class=\"ds-markdown-paragraph\">W oryginalnym opakowaniu, ze wszystkimi oryginalnymi cz\u0119\u015bciami i akcesoriami.<\/p><\/li><li><p class=\"ds-markdown-paragraph\">Produkt mo\u017ce by\u0107 u\u017cywany, jednak nie mo\u017ce by\u0107 uszkodzony, zepsuty ani mie\u0107 brakuj\u0105cych cz\u0119\u015bci.<\/p><\/li><\/ul><p class=\"ds-markdown-paragraph\"><strong>4. Jak zainicjowa\u0107 zwrot<\/strong><br>Prosz\u0119 wykona\u0107 nast\u0119puj\u0105ce kroki:<\/p><ol start=\"1\"><li><p class=\"ds-markdown-paragraph\">Skontaktuj si\u0119 z naszym zespo\u0142em obs\u0142ugi klienta pod adresem <strong>returns@easyselfies.com<\/strong> aby poprosi\u0107 o numer autoryzacji zwrotu i przedp\u0142acon\u0105 etykiet\u0119 zwrotn\u0105.<\/p><\/li><li><p class=\"ds-markdown-paragraph\">Zapakuj przedmiot bezpiecznie w oryginalne opakowanie.<\/p><\/li><li><p class=\"ds-markdown-paragraph\">Na zewn\u0105trz opakowania nale\u017cy wyra\u017anie umie\u015bci\u0107 numer autoryzacji zwrotu.<\/p><\/li><li><p class=\"ds-markdown-paragraph\">U\u017cyj do\u0142\u0105czonej etykiety wysy\u0142kowej, aby odes\u0142a\u0107 paczk\u0119 do naszego centrum zwrot\u00f3w pod adresem:<br>[Tutaj nale\u017cy wpisa\u0107 adres zwrotny]<\/p><\/li><\/ol><p class=\"ds-markdown-paragraph\"><strong>5. Przetwarzanie zwrot\u00f3w<\/strong><\/p><ul><li><p class=\"ds-markdown-paragraph\">Po otrzymaniu i sprawdzeniu zwr\u00f3conego przez Ciebie towaru powiadomimy Ci\u0119 o zatwierdzeniu lub odrzuceniu zwrotu pieni\u0119dzy.<\/p><\/li><li><p class=\"ds-markdown-paragraph\">W przypadku zatwierdzenia zwrotu, zostanie on zrealizowany w ci\u0105gu 5\u20137 dni roboczych na oryginaln\u0105 metod\u0119 p\u0142atno\u015bci.<\/p><\/li><li><p class=\"ds-markdown-paragraph\">Nale\u017cy pami\u0119ta\u0107, \u017ce pierwotny koszt wysy\u0142ki nie podlega zwrotowi.<\/p><\/li><\/ul><p class=\"ds-markdown-paragraph\"><strong>6. Uszkodzone lub wadliwe przedmioty<\/strong><br>Je\u015bli otrzymasz uszkodzony lub wadliwy produkt:<\/p><ul><li><p class=\"ds-markdown-paragraph\">Contact us immediately at <strong>support@easyselfies.com<\/strong><\/p><\/li><li><p class=\"ds-markdown-paragraph\">Podaj numer zam\u00f3wienia i zdj\u0119cia uszkodzonego\/wadliwego przedmiotu<\/p><\/li><li><p class=\"ds-markdown-paragraph\">Niezw\u0142ocznie wy\u015blemy zamiennik bez dodatkowych koszt\u00f3w lub zwr\u00f3cimy pe\u0142n\u0105 kwot\u0119<\/p><\/li><\/ul><p class=\"ds-markdown-paragraph\"><strong>7. Koszty wysy\u0142ki zwrotnej<\/strong><br>Zapewniamy przedp\u0142acone etykiety zwrotne dla wszystkich zwrot\u00f3w dokonywanych w ramach naszej 30-dniowej Gwarancji Zwrotu Pieni\u0119dzy. Wysy\u0142ka zwrotna jest bezp\u0142atna dla klienta. <\/p><p class=\"ds-markdown-paragraph\"><strong>8.Klienci z Unii Europejskiej i Wielkiej Brytanii<\/strong><br>Twoje prawa ustawowe pozostaj\u0105 nienaruszone. Nasza 30-dniowa gwarancja zwrotu pieni\u0119dzy stanowi uzupe\u0142nienie przys\u0142uguj\u0105cego Ci prawa do odst\u0105pienia od umowy w ci\u0105gu 14 dni od jej otrzymania. <\/p><p class=\"ds-markdown-paragraph\"><strong>9.Informacje kontaktowe<\/strong><br>W przypadku pyta\u0144 dotycz\u0105cych naszej Polityki zwrot\u00f3w i refundacji:<br><strong>E-mail:<\/strong> info@easyselfies.com<br><strong>Czas reakcji:<\/strong> Within 24 hours during business days<\/p>\t\t\t\t\t\t\t\t<\/div>\n\t\t\t\t<\/div>\n\t\t\t\t\t<\/div>\n\t\t\t\t<\/div>\n\t\t\t\t<\/div>\n\t\t","protected":false},"excerpt":{"rendered":"<p>Polityka zwrot\u00f3w i reklamacji EasySelfies.com Ostatnia aktualizacja: 24 maja 2024 r. 1. Nasza 30-dniowa gwarancja zwrotu pieni\u0119dzyOferujemy 30-dniow\u0105 gwarancj\u0119 zwrotu pieni\u0119dzy od daty dostawy. Je\u015bli z jakiegokolwiek powodu nie jeste\u015b zadowolony ze swojego statywu SelfieShow, mo\u017cesz go zwr\u00f3ci\u0107 i otrzyma\u0107 pe\u0142ny zwrot ceny produktu. 2. \u015aledzenie zam\u00f3wieniaPo potwierdzeniu p\u0142atno\u015bci i wys\u0142aniu zam\u00f3wienia, wy\u015blemy Ci e-mail [&hellip;]<\/p>\n","protected":false},"author":1,"featured_media":0,"parent":0,"menu_order":0,"comment_status":"closed","ping_status":"closed","template":"","meta":{"footnotes":""},"class_list":["post-32723","page","type-page","status-publish","hentry"],"_links":{"self":[{"href":"https:\/\/easyselfies.com\/pl\/wp-json\/wp\/v2\/pages\/32723","targetHints":{"allow":["GET"]}}],"collection":[{"href":"https:\/\/easyselfies.com\/pl\/wp-json\/wp\/v2\/pages"}],"about":[{"href":"https:\/\/easyselfies.com\/pl\/wp-json\/wp\/v2\/types\/page"}],"author":[{"embeddable":true,"href":"https:\/\/easyselfies.com\/pl\/wp-json\/wp\/v2\/users\/1"}],"replies":[{"embeddable":true,"href":"https:\/\/easyselfies.com\/pl\/wp-json\/wp\/v2\/comments?post=32723"}],"version-history":[{"count":1,"href":"https:\/\/easyselfies.com\/pl\/wp-json\/wp\/v2\/pages\/32723\/revisions"}],"predecessor-version":[{"id":32724,"href":"https:\/\/easyselfies.com\/pl\/wp-json\/wp\/v2\/pages\/32723\/revisions\/32724"}],"wp:attachment":[{"href":"https:\/\/easyselfies.com\/pl\/wp-json\/wp\/v2\/media?parent=32723"}],"curies":[{"name":"wp","href":"https:\/\/api.w.org\/{rel}","templated":true}]}}