{"id":32786,"date":"2025-11-11T16:17:37","date_gmt":"2025-11-11T16:17:37","guid":{"rendered":"https:\/\/easyselfies.com\/warunki-sprzedazy\/"},"modified":"2025-11-28T23:59:50","modified_gmt":"2025-11-28T23:59:50","slug":"warunki-sprzedazy","status":"publish","type":"page","link":"https:\/\/easyselfies.com\/pl\/warunki-sprzedazy\/","title":{"rendered":"Warunki sprzeda\u017cy"},"content":{"rendered":"\t\t<div data-elementor-type=\"wp-page\" data-elementor-id=\"32786\" class=\"elementor elementor-32786 elementor-31172\" data-elementor-post-type=\"page\">\n\t\t\t\t<div class=\"elementor-element elementor-element-5fb7590 e-flex e-con-boxed e-con e-parent\" data-id=\"5fb7590\" data-element_type=\"container\">\n\t\t\t\t\t<div class=\"e-con-inner\">\n\t\t<div class=\"elementor-element elementor-element-369baf4 e-con-full e-flex e-con e-child\" data-id=\"369baf4\" data-element_type=\"container\">\n\t\t\t\t<div class=\"elementor-element elementor-element-301d7f9 elementor-widget elementor-widget-text-editor\" data-id=\"301d7f9\" data-element_type=\"widget\" data-widget_type=\"text-editor.default\">\n\t\t\t\t<div class=\"elementor-widget-container\">\n\t\t\t\t\t\t\t\t\t<h3><strong>Warunki sprzeda\u017cy \u2013 <a href=\"https:\/\/easyselfies.com\/pl\/\" target=\"_blank\" rel=\"noopener noreferrer\">EasySelfies.com<\/a><\/strong><\/h3><p class=\"ds-markdown-paragraph\"><strong>Ostatnia aktualizacja:<\/strong> 24 maja 2024 r.<\/p><p class=\"ds-markdown-paragraph\"><strong>1. Zgoda na Warunki<\/strong><br>Sk\u0142adaj\u0105c zam\u00f3wienie u <a href=\"https:\/\/easyselfies.com\/pl\/\" target=\"_blank\" rel=\"noopener noreferrer\">EasySelfies.com<\/a> (\u201emy\u201d, \u201enas\u201d lub \u201enasz\u201d), Zgadzasz si\u0119 na przestrzeganie niniejszych Warunk\u00f3w Sprzeda\u017cy oraz naszej Polityki Prywatno\u015bci. Prosimy o uwa\u017cne zapoznanie si\u0119 z niniejszymi Warunkami przed z\u0142o\u017ceniem zam\u00f3wienia. <\/p><p class=\"ds-markdown-paragraph\"><strong>2. Produkty i ceny<\/strong><\/p><ul><li><p class=\"ds-markdown-paragraph\">Dost\u0119pno\u015b\u0107 wszystkich produkt\u00f3w jest zale\u017cna od ich dost\u0119pno\u015bci.<\/p><\/li><li><p class=\"ds-markdown-paragraph\">Zastrzegamy sobie prawo do ograniczenia ilo\u015bci.<\/p><\/li><li><p class=\"ds-markdown-paragraph\">Ceny podane s\u0105 w euro (\u20ac) i zawieraj\u0105 obowi\u0105zuj\u0105ce podatki.<\/p><\/li><li><p class=\"ds-markdown-paragraph\">Zastrzegamy sobie prawo do zmiany cen w dowolnym momencie, natomiast zam\u00f3wienia z\u0142o\u017cone ju\u017c wcze\u015bniej b\u0119d\u0105 realizowane po cenie widocznej w momencie zakupu.<\/p><\/li><li><p class=\"ds-markdown-paragraph\">Zdj\u0119cia produkt\u00f3w maj\u0105 charakter pogl\u0105dowy, rzeczywiste produkty mog\u0105 si\u0119 nieznacznie r\u00f3\u017cni\u0107.<\/p><\/li><\/ul><p class=\"ds-markdown-paragraph\"><strong>3. Proces zamawiania<\/strong><\/p><ul><li><p class=\"ds-markdown-paragraph\">Przyj\u0119cie zam\u00f3wienia nast\u0119puje w momencie wys\u0142ania przez nas e-maila z potwierdzeniem zam\u00f3wienia.<\/p><\/li><li><p class=\"ds-markdown-paragraph\">Zastrzegamy sobie prawo do anulowania zam\u00f3wienia przed jego wysy\u0142k\u0105.<\/p><\/li><li><p class=\"ds-markdown-paragraph\">Musisz poda\u0107 dok\u0142adne i kompletne dane dotycz\u0105ce wysy\u0142ki.<\/p><\/li><li><p class=\"ds-markdown-paragraph\">Zam\u00f3wienia mog\u0105 podlega\u0107 kontroli i weryfikacji pod k\u0105tem oszustw.<\/p><\/li><\/ul><p class=\"ds-markdown-paragraph\"><strong>4. Warunki p\u0142atno\u015bci<\/strong><\/p><ul><li><p class=\"ds-markdown-paragraph\">Akceptujemy g\u0142\u00f3wne karty kredytowe i debetowe.<\/p><\/li><li><p class=\"ds-markdown-paragraph\">P\u0142atno\u015bci s\u0105 przetwarzane w spos\u00f3b bezpieczny za po\u015brednictwem procesor\u00f3w p\u0142atno\u015bci zgodnych ze standardem PCI.<\/p><\/li><li><p class=\"ds-markdown-paragraph\">Twoja karta zostanie obci\u0105\u017cona w momencie z\u0142o\u017cenia zam\u00f3wienia.<\/p><\/li><li><p class=\"ds-markdown-paragraph\">Je\u015bli p\u0142atno\u015b\u0107 nie mo\u017ce zosta\u0107 zrealizowana, zam\u00f3wienie nie zostanie zrealizowane.<\/p><\/li><\/ul><p class=\"ds-markdown-paragraph\"><strong>5. Wysy\u0142ka i dostawa<\/strong><\/p><ul><li><p class=\"ds-markdown-paragraph\">Wysy\u0142amy na ca\u0142y \u015bwiat.<\/p><\/li><li><p class=\"ds-markdown-paragraph\">Podane terminy dostawy s\u0105 szacunkowe i nie s\u0105 gwarantowane.<\/p><\/li><li><p class=\"ds-markdown-paragraph\">Ryzyko utraty przechodzi na Ciebie w momencie dostawy.<\/p><\/li><li><p class=\"ds-markdown-paragraph\">Klient jest odpowiedzialny za podanie prawid\u0142owego adresu wysy\u0142ki. Nie ponosimy odpowiedzialno\u015bci za przesy\u0142ki zagubione lub op\u00f3\u017anione z powodu podania nieprawid\u0142owego adresu przez klienta. <\/p><\/li><\/ul><p class=\"ds-markdown-paragraph\"><strong>6. Zwroty i refundacje<\/strong><\/p><ul><li><p class=\"ds-markdown-paragraph\">Oferujemy 30-dniow\u0105 gwarancj\u0119 zwrotu pieni\u0119dzy. Je\u015bli z jakiegokolwiek powodu nie jeste\u015b zadowolony z zakupu, mo\u017cesz go zwr\u00f3ci\u0107 w ci\u0105gu 30 dni od daty dostawy i otrzyma\u0107 pe\u0142ny zwrot pieni\u0119dzy. <\/p><\/li><li><p class=\"ds-markdown-paragraph\">Zwracany produkt musi zosta\u0107 zwr\u00f3cony w oryginalnym opakowaniu i musi zawiera\u0107 wszystkie oryginalne cz\u0119\u015bci i akcesoria.<\/p><\/li><li><p class=\"ds-markdown-paragraph\">Produkt nie mo\u017ce by\u0107 uszkodzony, p\u0119kni\u0119ty ani nie mo\u017ce mu brakowa\u0107 cz\u0119\u015bci wykraczaj\u0105cych poza zakres niezb\u0119dny do przeprowadzenia prawid\u0142owej kontroli.<\/p><\/li><li><p class=\"ds-markdown-paragraph\">Zwroty zostan\u0105 dokonane t\u0105 sam\u0105 metod\u0105 p\u0142atno\u015bci, jak\u0105 dokonano pierwotnej p\u0142atno\u015bci.<\/p><\/li><li><p class=\"ds-markdown-paragraph\">Klienci odpowiadaj\u0105 za koszt przesy\u0142ki zwrotnej, chyba \u017ce zwrot jest spowodowany wad\u0105 lub b\u0142\u0119dem z naszej strony.<\/p><\/li><\/ul><p class=\"ds-markdown-paragraph\"><strong>7. Gwarancja i odpowiedzialno\u015b\u0107<\/strong><\/p><ul><li><p class=\"ds-markdown-paragraph\">Produkty obj\u0119te s\u0105 stosown\u0105 gwarancj\u0105 producenta.<\/p><\/li><li><p class=\"ds-markdown-paragraph\">Nasza odpowiedzialno\u015b\u0107 ograniczona jest do ceny zakupu produktu.<\/p><\/li><li><p class=\"ds-markdown-paragraph\">Nie ponosimy odpowiedzialno\u015bci za szkody po\u015brednie i nast\u0119pcze.<\/p><\/li><li><p class=\"ds-markdown-paragraph\">W niekt\u00f3rych jurysdykcjach ograniczenie odpowiedzialno\u015bci mo\u017ce by\u0107 niedozwolone, wi\u0119c ta zasada mo\u017ce Ci\u0119 nie dotyczy\u0107.<\/p><\/li><\/ul><p class=\"ds-markdown-paragraph\"><strong>8. W\u0142asno\u015b\u0107 intelektualna<\/strong><\/p><ul><li><p class=\"ds-markdown-paragraph\">Wszelkie tre\u015bci znajduj\u0105ce si\u0119 na tej stronie, \u0142\u0105cznie z projektami produkt\u00f3w i logami, s\u0105 nasz\u0105 w\u0142asno\u015bci\u0105.<\/p><\/li><li><p class=\"ds-markdown-paragraph\">Nie mo\u017cesz wykorzystywa\u0107 naszej w\u0142asno\u015bci intelektualnej bez pisemnej zgody.<\/p><\/li><\/ul><p class=\"ds-markdown-paragraph\"><strong>9. Zabronione zastosowania<\/strong><br>Naszych produkt\u00f3w nie wolno u\u017cywa\u0107 do:<\/p><ul><li><p class=\"ds-markdown-paragraph\">Jakikolwiek cel niezgodny z prawem.<\/p><\/li><li><p class=\"ds-markdown-paragraph\">Odsprzeda\u017c komercyjna bez zezwolenia.<\/p><\/li><li><p class=\"ds-markdown-paragraph\">Jakikolwiek cel, kt\u00f3ry m\u00f3g\u0142by zaszkodzi\u0107 naszej reputacji.<\/p><\/li><\/ul><p class=\"ds-markdown-paragraph\"><strong>10. Governing Law<\/strong><br>Niniejsze warunki podlegaj\u0105 prawu Anglii i Walii.<\/p><p class=\"ds-markdown-paragraph\"><strong>11. Zmiany Warunk\u00f3w<\/strong><br>Zastrzegamy sobie prawo do aktualizacji niniejszego regulaminu w dowolnym momencie. Aktualny regulamin b\u0119dzie zawsze publikowany na naszej stronie internetowej. <\/p><p class=\"ds-markdown-paragraph\"><strong>12. Informacje kontaktowe<\/strong><br>W przypadku pyta\u0144 dotycz\u0105cych niniejszych Warunk\u00f3w Sprzeda\u017cy:<br><strong>E-mail:<\/strong> info@easyselfies.com<br>Staramy si\u0119 odpowiedzie\u0107 w ci\u0105gu 2 dni roboczych.<\/p>\t\t\t\t\t\t\t\t<\/div>\n\t\t\t\t<\/div>\n\t\t\t\t<\/div>\n\t\t\t\t\t<\/div>\n\t\t\t\t<\/div>\n\t\t\t\t<\/div>\n\t\t","protected":false},"excerpt":{"rendered":"<p>Warunki sprzeda\u017cy \u2013 EasySelfies.com Ostatnia aktualizacja: 24 maja 2024 r. 1. Zgoda na WarunkiSk\u0142adaj\u0105c zam\u00f3wienie u EasySelfies.com (\u201emy\u201d, \u201enas\u201d lub \u201enasz\u201d), Zgadzasz si\u0119 na przestrzeganie niniejszych Warunk\u00f3w Sprzeda\u017cy oraz naszej Polityki Prywatno\u015bci. Prosimy o uwa\u017cne zapoznanie si\u0119 z niniejszymi Warunkami przed z\u0142o\u017ceniem zam\u00f3wienia. 2. Produkty i ceny Dost\u0119pno\u015b\u0107 wszystkich produkt\u00f3w jest zale\u017cna od ich dost\u0119pno\u015bci. [&hellip;]<\/p>\n","protected":false},"author":1,"featured_media":0,"parent":0,"menu_order":0,"comment_status":"closed","ping_status":"closed","template":"","meta":{"footnotes":""},"class_list":["post-32786","page","type-page","status-publish","hentry"],"_links":{"self":[{"href":"https:\/\/easyselfies.com\/pl\/wp-json\/wp\/v2\/pages\/32786","targetHints":{"allow":["GET"]}}],"collection":[{"href":"https:\/\/easyselfies.com\/pl\/wp-json\/wp\/v2\/pages"}],"about":[{"href":"https:\/\/easyselfies.com\/pl\/wp-json\/wp\/v2\/types\/page"}],"author":[{"embeddable":true,"href":"https:\/\/easyselfies.com\/pl\/wp-json\/wp\/v2\/users\/1"}],"replies":[{"embeddable":true,"href":"https:\/\/easyselfies.com\/pl\/wp-json\/wp\/v2\/comments?post=32786"}],"version-history":[{"count":1,"href":"https:\/\/easyselfies.com\/pl\/wp-json\/wp\/v2\/pages\/32786\/revisions"}],"predecessor-version":[{"id":32787,"href":"https:\/\/easyselfies.com\/pl\/wp-json\/wp\/v2\/pages\/32786\/revisions\/32787"}],"wp:attachment":[{"href":"https:\/\/easyselfies.com\/pl\/wp-json\/wp\/v2\/media?parent=32786"}],"curies":[{"name":"wp","href":"https:\/\/api.w.org\/{rel}","templated":true}]}}