{"id":32934,"date":"2025-11-24T14:57:43","date_gmt":"2025-11-24T14:57:43","guid":{"rendered":"https:\/\/easyselfies.com\/sledz-swoje-zamowienie\/"},"modified":"2025-11-30T20:52:36","modified_gmt":"2025-11-30T20:52:36","slug":"sledz-swoje-zamowienie","status":"publish","type":"page","link":"https:\/\/easyselfies.com\/pl\/sledz-swoje-zamowienie\/","title":{"rendered":"\u015bled\u017a swoje zam\u00f3wienie"},"content":{"rendered":"\t\t<div data-elementor-type=\"wp-page\" data-elementor-id=\"32934\" class=\"elementor elementor-32934 elementor-32073\" data-elementor-post-type=\"page\">\n\t\t\t\t<div class=\"elementor-element elementor-element-5dabb26 e-flex e-con-boxed e-con e-parent\" data-id=\"5dabb26\" data-element_type=\"container\">\n\t\t\t\t\t<div class=\"e-con-inner\">\n\t\t\t\t<div class=\"elementor-element elementor-element-197f598 elementor-button-align-stretch elementor-widget elementor-widget-form\" data-id=\"197f598\" data-element_type=\"widget\" data-settings=\"{&quot;button_width&quot;:&quot;25&quot;,&quot;step_next_label&quot;:&quot;Nast\\u0119pny&quot;,&quot;step_previous_label&quot;:&quot;Poprzedni&quot;,&quot;step_type&quot;:&quot;number_text&quot;,&quot;step_icon_shape&quot;:&quot;circle&quot;}\" data-widget_type=\"form.default\">\n\t\t\t\t<div class=\"elementor-widget-container\">\n\t\t\t\t\t\t\t<form class=\"elementor-form\" method=\"post\" name=\"\u015bled\u017a swoje zam\u00f3wienie\">\n\t\t\t<input type=\"hidden\" name=\"post_id\" value=\"32934\"\/>\n\t\t\t<input type=\"hidden\" name=\"form_id\" value=\"197f598\"\/>\n\t\t\t<input type=\"hidden\" name=\"referer_title\" value=\"\u015bled\u017a swoje zam\u00f3wienie - Easyselfie stick\" \/>\n\n\t\t\t\t\t\t\t<input type=\"hidden\" name=\"queried_id\" value=\"32934\"\/>\n\t\t\t\n\t\t\t<div class=\"elementor-form-fields-wrapper elementor-labels-above\">\n\t\t\t\t\t\t\t\t<div class=\"elementor-field-type-textarea elementor-field-group elementor-column elementor-field-group-name elementor-col-100\">\n\t\t\t\t\t\t\t\t\t\t\t\t<label for=\"form-field-name\" class=\"elementor-field-label\">\n\t\t\t\t\t\t\t\tnumer \u015bledzenia:\t\t\t\t\t\t\t<\/label>\n\t\t\t\t\t\t<textarea class=\"elementor-field-textual elementor-field  elementor-size-sm\" name=\"form_fields[name]\" id=\"form-field-name\" rows=\"1\" placeholder=\"wpisz tutaj sw\u00f3j numer \u015bledzenia \"><\/textarea>\t\t\t\t<\/div>\n\t\t\t\t\t\t\t\t<div class=\"elementor-field-group elementor-column elementor-field-type-submit elementor-col-25 e-form__buttons\">\n\t\t\t\t\t<button class=\"elementor-button elementor-size-sm\" type=\"submit\">\n\t\t\t\t\t\t<span class=\"elementor-button-content-wrapper\">\n\t\t\t\t\t\t\t\t\t\t\t\t\t\t\t\t\t\t\t\t\t\t<span class=\"elementor-button-text\">sk\u0142ada\u0107<\/span>\n\t\t\t\t\t\t\t\t\t\t\t\t\t<\/span>\n\t\t\t\t\t<\/button>\n\t\t\t\t<\/div>\n\t\t\t<\/div>\n\t\t<\/form>\n\t\t\t\t\t\t<\/div>\n\t\t\t\t<\/div>\n\t\t\t\t\t<\/div>\n\t\t\t\t<\/div>\n\t\t\t\t<\/div>\n\t\t","protected":false},"excerpt":{"rendered":"","protected":false},"author":1,"featured_media":0,"parent":0,"menu_order":0,"comment_status":"closed","ping_status":"closed","template":"","meta":{"footnotes":""},"class_list":["post-32934","page","type-page","status-publish","hentry"],"_links":{"self":[{"href":"https:\/\/easyselfies.com\/pl\/wp-json\/wp\/v2\/pages\/32934","targetHints":{"allow":["GET"]}}],"collection":[{"href":"https:\/\/easyselfies.com\/pl\/wp-json\/wp\/v2\/pages"}],"about":[{"href":"https:\/\/easyselfies.com\/pl\/wp-json\/wp\/v2\/types\/page"}],"author":[{"embeddable":true,"href":"https:\/\/easyselfies.com\/pl\/wp-json\/wp\/v2\/users\/1"}],"replies":[{"embeddable":true,"href":"https:\/\/easyselfies.com\/pl\/wp-json\/wp\/v2\/comments?post=32934"}],"version-history":[{"count":1,"href":"https:\/\/easyselfies.com\/pl\/wp-json\/wp\/v2\/pages\/32934\/revisions"}],"predecessor-version":[{"id":32935,"href":"https:\/\/easyselfies.com\/pl\/wp-json\/wp\/v2\/pages\/32934\/revisions\/32935"}],"wp:attachment":[{"href":"https:\/\/easyselfies.com\/pl\/wp-json\/wp\/v2\/media?parent=32934"}],"curies":[{"name":"wp","href":"https:\/\/api.w.org\/{rel}","templated":true}]}}