{"id":32394,"date":"2020-10-23T01:55:21","date_gmt":"2020-10-23T01:55:21","guid":{"rendered":"https:\/\/easyselfies.com\/despre-noi\/"},"modified":"2020-10-23T01:55:21","modified_gmt":"2020-10-23T01:55:21","slug":"despre-noi","status":"publish","type":"page","link":"https:\/\/easyselfies.com\/ro\/despre-noi\/","title":{"rendered":"Despre noi"},"content":{"rendered":"<h2>Transform\u0103m ideea ta \u00een realitate<\/h2>\n<p>Fiecare produs excelent se na\u0219te dintr-o problem\u0103 simpl\u0103, uman\u0103. Pentru EasySelfies, problema era o vacan\u021b\u0103 \u00een familie care aproape c\u0103 nu a mai fost.<\/p>\n<p>Fondatorul nostru, James Frank, se afla \u00eentr-o c\u0103l\u0103torie mult a\u0219teptat\u0103 cu \u00eentreaga sa familie. Peisajul era uluitor, momentele erau nepre\u021buite, dar fotografiile? Au fost un dezastru.<\/p>\n<p>Imagineaz\u0103-\u021bi: bra\u021bul so\u021biei sale nu era suficient de lung pentru un selfie de grup. Fiica lui se chinuia cu un stick de selfie ieftin \u0219i nesigur. Telefonul fiului s\u0103u st\u0103tea precar echilibrat pe o piatr\u0103 pentru o fotografie cronometrat\u0103. Tat\u0103l s\u0103u nu a putut pricepe unghiul, iar mama sa a fost complet exclus\u0103 din filme.<\/p>\n<p>\u00cen acel moment, \u00eenconjurat de oamenii pe care \u00eei iubea cel mai mult, James \u0219i-a dat seama c\u0103 nu reu\u0219eau s\u0103 surprind\u0103 amintirile pe care veniser\u0103 s\u0103 le creeze. El a v\u0103zut lupta universal\u0103: <strong>Tehnologia potrivit\u0103 pentru fotografii perfecte \u0219i f\u0103r\u0103 efort pur \u0219i simplu nu exista pentru oamenii obi\u0219nui\u021bi.<\/strong><\/p>\n<p>\t\t\t\t\t\t\t\t\t\t\t\t\t\t\t<img decoding=\"async\" width=\"159\" height=\"65\" src=\"https:\/\/easyselfies.com\/wp-content\/uploads\/2020\/10\/img1-about.png\" alt=\"Smartic\">\t\t\t\t\t\t\t\t\t\t\t\t\t\t\t<\/p>\n<p><strong>James Frank<\/strong> \/ CEO<\/p>\n<p>\t\t\t\t\t\t\t\t\t\t\t\t\t\t\t<img fetchpriority=\"high\" decoding=\"async\" width=\"768\" height=\"1152\" src=\"https:\/\/easyselfies.com\/wp-content\/uploads\/2025\/11\/20251109_1644_Selfie-Stick-Packaging_remix_01k9mdnx1keg29whratrmsmrfd-768x1152.webp\" alt=\"\" srcset=\"https:\/\/easyselfies.com\/wp-content\/uploads\/2025\/11\/20251109_1644_Selfie-Stick-Packaging_remix_01k9mdnx1keg29whratrmsmrfd-768x1152.webp 768w, https:\/\/easyselfies.com\/wp-content\/uploads\/2025\/11\/20251109_1644_Selfie-Stick-Packaging_remix_01k9mdnx1keg29whratrmsmrfd-200x300.webp 200w, https:\/\/easyselfies.com\/wp-content\/uploads\/2025\/11\/20251109_1644_Selfie-Stick-Packaging_remix_01k9mdnx1keg29whratrmsmrfd-683x1024.webp 683w, https:\/\/easyselfies.com\/wp-content\/uploads\/2025\/11\/20251109_1644_Selfie-Stick-Packaging_remix_01k9mdnx1keg29whratrmsmrfd-400x600.webp 400w, https:\/\/easyselfies.com\/wp-content\/uploads\/2025\/11\/20251109_1644_Selfie-Stick-Packaging_remix_01k9mdnx1keg29whratrmsmrfd.webp 1024w\" sizes=\"(max-width: 768px) 100vw, 768px\">\t\t\t\t\t\t\t\t\t\t\t\t\t\t\t<\/p>\n<h3>\n Free Shipping<br \/>\n\t\t\t\t\t<\/h3>\n<h3>\n Pl\u0103\u021bi sigure<br \/>\n\t\t\t\t\t<\/h3>\n<h3>\n Standarde \u00eenalte<br \/>\n\t\t\t\t\t<\/h3>\n","protected":false},"excerpt":{"rendered":"<p>Transform\u0103m ideea ta \u00een realitate Fiecare produs excelent se na\u0219te dintr-o problem\u0103 simpl\u0103, uman\u0103. Pentru EasySelfies, problema era o vacan\u021b\u0103 \u00een familie care aproape c\u0103 nu a mai fost. Fondatorul nostru, James Frank, se afla \u00eentr-o c\u0103l\u0103torie mult a\u0219teptat\u0103 cu \u00eentreaga sa familie. Peisajul era uluitor, momentele erau nepre\u021buite, dar fotografiile? Au fost un dezastru. [&hellip;]<\/p>\n","protected":false},"author":1,"featured_media":0,"parent":0,"menu_order":0,"comment_status":"closed","ping_status":"closed","template":"elementor_header_footer","meta":{"footnotes":""},"class_list":["post-32394","page","type-page","status-publish","hentry"],"_links":{"self":[{"href":"https:\/\/easyselfies.com\/ro\/wp-json\/wp\/v2\/pages\/32394","targetHints":{"allow":["GET"]}}],"collection":[{"href":"https:\/\/easyselfies.com\/ro\/wp-json\/wp\/v2\/pages"}],"about":[{"href":"https:\/\/easyselfies.com\/ro\/wp-json\/wp\/v2\/types\/page"}],"author":[{"embeddable":true,"href":"https:\/\/easyselfies.com\/ro\/wp-json\/wp\/v2\/users\/1"}],"replies":[{"embeddable":true,"href":"https:\/\/easyselfies.com\/ro\/wp-json\/wp\/v2\/comments?post=32394"}],"version-history":[{"count":0,"href":"https:\/\/easyselfies.com\/ro\/wp-json\/wp\/v2\/pages\/32394\/revisions"}],"wp:attachment":[{"href":"https:\/\/easyselfies.com\/ro\/wp-json\/wp\/v2\/media?parent=32394"}],"curies":[{"name":"wp","href":"https:\/\/api.w.org\/{rel}","templated":true}]}}