{"id":32475,"date":"2025-11-11T16:10:32","date_gmt":"2025-11-11T16:10:32","guid":{"rendered":"https:\/\/easyselfies.com\/politica-de-rambursare-si-returnare\/"},"modified":"2025-11-28T21:07:25","modified_gmt":"2025-11-28T21:07:25","slug":"politica-de-rambursare-si-returnare","status":"publish","type":"page","link":"https:\/\/easyselfies.com\/ro\/politica-de-rambursare-si-returnare\/","title":{"rendered":"Politica de Rambursare \u0219i Returnare"},"content":{"rendered":"\t\t<div data-elementor-type=\"wp-page\" data-elementor-id=\"32475\" class=\"elementor elementor-32475 elementor-14\" data-elementor-post-type=\"page\">\n\t\t\t\t<div class=\"elementor-element elementor-element-798a3c65 e-flex e-con-boxed e-con e-parent\" data-id=\"798a3c65\" data-element_type=\"container\">\n\t\t\t\t\t<div class=\"e-con-inner\">\n\t\t\t\t<div class=\"elementor-element elementor-element-278711f elementor-widget elementor-widget-text-editor\" data-id=\"278711f\" data-element_type=\"widget\" data-widget_type=\"text-editor.default\">\n\t\t\t\t<div class=\"elementor-widget-container\">\n\t\t\t\t\t\t\t\t\t<h3><strong>Politica de Rambursare \u0219i Returnare pentru <a href=\"https:\/\/easyselfies.com\/ro\/\" target=\"_blank\" rel=\"noopener noreferrer\">EasySelfies.com<\/a><\/strong><\/h3><p class=\"ds-markdown-paragraph\"><strong>Ultima actualizare:<\/strong> 24 mai 2024<\/p><p class=\"ds-markdown-paragraph\"><strong>1. Garan\u021bia noastr\u0103 de returnare a banilor \u00een 30 de zile<\/strong><br>Oferim o garan\u021bie de returnare a banilor \u00een termen de 30 de zile de la data livr\u0103rii. Dac\u0103 nu e\u0219ti mul\u021bumit de trepiedul SelfieShow din orice motiv, \u00eel po\u021bi returna pentru o rambursare complet\u0103 a pre\u021bului produsului.<\/p><p class=\"ds-markdown-paragraph\"><strong>2. Urm\u0103rirea Comenzii<\/strong><br>Dup\u0103 confirmarea pl\u0103\u021bii \u0219i expedierea comenzii, \u00ee\u021bi vom trimite un email de confirmare cu un cod de urm\u0103rire. Acest cod \u00ee\u021bi va permite s\u0103 monitorizezi starea livr\u0103rii coletului t\u0103u.<\/p><p class=\"ds-markdown-paragraph\"><strong>3. Condi\u021bii de Returnare<\/strong><br>Pentru a fi eligibil pentru returnare, produsul t\u0103u trebuie s\u0103 fie:<\/p><ul><li><p class=\"ds-markdown-paragraph\">Returnat \u00een termen de 30 de zile de la livrare.<\/p><\/li><li><p class=\"ds-markdown-paragraph\">\u00cen ambalajul original \u0219i s\u0103 includ\u0103 toate piesele \u0219i accesoriile originale.<\/p><\/li><li><p class=\"ds-markdown-paragraph\">Produsul poate fi folosit, dar nu trebuie s\u0103 fie deteriorat, stricat sau s\u0103 \u00eei lipseasc\u0103 piese.<\/p><\/li><\/ul><p class=\"ds-markdown-paragraph\"><strong>4. Cum s\u0103 Ini\u021biezi o Returnare<\/strong><br>Te rug\u0103m s\u0103 urmezi ace\u0219ti pa\u0219i:<\/p><ol start=\"1\"><li><p class=\"ds-markdown-paragraph\">Contacteaz\u0103 echipa noastr\u0103 de servicii clien\u021bi la <strong>returns@easyselfies.com<\/strong> pentru a solicita un Num\u0103r de Autorizare pentru Returnare \u0219i o etichet\u0103 de expediere prepl\u0103tit\u0103.<\/p><\/li><li><p class=\"ds-markdown-paragraph\">Ambaleaz\u0103 produsul \u00een siguran\u021b\u0103 \u00een ambalajul s\u0103u original.<\/p><\/li><li><p class=\"ds-markdown-paragraph\">Include Num\u0103rul de Autorizare pentru Returnare vizibil clar pe exteriorul pachetului.<\/p><\/li><li><p class=\"ds-markdown-paragraph\">Folose\u0219te eticheta de expediere furnizat\u0103 pentru a trimite pachetul \u00eenapoi la centrul nostru de return\u0103ri la:<br>[Adresa Fizic\u0103 de Returnare Trebuie Inserat\u0103 Aici]<\/p><\/li><\/ol><p class=\"ds-markdown-paragraph\"><strong>5. Procesarea Ramburs\u0103rii<\/strong><\/p><ul><li><p class=\"ds-markdown-paragraph\">Dup\u0103 ce primim \u0219i inspect\u0103m produsul returnat, te vom notifica despre aprobarea sau respingerea ramburs\u0103rii tale.<\/p><\/li><li><p class=\"ds-markdown-paragraph\">Dac\u0103 este aprobat\u0103, rambursarea va fi procesat\u0103 c\u0103tre metoda ta original\u0103 de plat\u0103 \u00een termen de 5-7 zile lucr\u0103toare.<\/p><\/li><li><p class=\"ds-markdown-paragraph\">Te rug\u0103m s\u0103 re\u021bii c\u0103 costurile de expediere ini\u021biale nu sunt rambursabile.<\/p><\/li><\/ul><p class=\"ds-markdown-paragraph\"><strong>6. Produse Deteriorate sau Defecte<\/strong><br>Dac\u0103 prime\u0219ti un produs deteriorat sau defect:<\/p><ul><li><p class=\"ds-markdown-paragraph\">Contacteaz\u0103-ne imediat la <strong>support@easyselfies.com<\/strong><\/p><\/li><li><p class=\"ds-markdown-paragraph\">Furnizeaz\u0103 num\u0103rul comenzii \u0219i poze cu produsul deteriorat\/defect<\/p><\/li><li><p class=\"ds-markdown-paragraph\">Vom trimite prompt un \u00eenlocuitor f\u0103r\u0103 costuri suplimentare sau vom oferi o rambursare complet\u0103<\/p><\/li><\/ul><p class=\"ds-markdown-paragraph\"><strong>7. Costurile de Expediere pentru Returnare<\/strong><br>Oferim etichete de expediere prepl\u0103tite pentru toate return\u0103rile f\u0103cute \u00een cadrul Garan\u021biei noastre de returnare a banilor \u00een 30 de zile. Expedierea returului este gratuit\u0103 pentru client.<\/p><p class=\"ds-markdown-paragraph\"><strong>8. Clien\u021bi din Uniunea European\u0103 \u0219i UK<\/strong><br>Drepturile tale statutare nu sunt afectate. Garan\u021bia noastr\u0103 de returnare a banilor \u00een 30 de zile este \u00een plus fa\u021b\u0103 de dreptul t\u0103u legal de a te retrage din contract \u00een termen de 14 zile de la primire.<\/p><p class=\"ds-markdown-paragraph\"><strong>9. Informa\u021bii de Contact<\/strong><br>Pentru orice \u00eentreb\u0103ri despre Politica noastr\u0103 de Return\u0103ri \u0219i Ramburs\u0103ri:<br><strong>Email:<\/strong> info@easyselfies.com<br><strong>Timp de R\u0103spuns:<\/strong> \u00cen 24 de ore \u00een zilele lucr\u0103toare<\/p>\t\t\t\t\t\t\t\t<\/div>\n\t\t\t\t<\/div>\n\t\t\t\t\t<\/div>\n\t\t\t\t<\/div>\n\t\t\t\t<\/div>\n\t\t","protected":false},"excerpt":{"rendered":"<p>Politica de Rambursare \u0219i Returnare pentru EasySelfies.com Ultima actualizare: 24 mai 2024 1. Garan\u021bia noastr\u0103 de returnare a banilor \u00een 30 de zileOferim o garan\u021bie de returnare a banilor \u00een termen de 30 de zile de la data livr\u0103rii. Dac\u0103 nu e\u0219ti mul\u021bumit de trepiedul SelfieShow din orice motiv, \u00eel po\u021bi returna pentru o rambursare [&hellip;]<\/p>\n","protected":false},"author":1,"featured_media":0,"parent":0,"menu_order":0,"comment_status":"closed","ping_status":"closed","template":"","meta":{"footnotes":""},"class_list":["post-32475","page","type-page","status-publish","hentry"],"_links":{"self":[{"href":"https:\/\/easyselfies.com\/ro\/wp-json\/wp\/v2\/pages\/32475","targetHints":{"allow":["GET"]}}],"collection":[{"href":"https:\/\/easyselfies.com\/ro\/wp-json\/wp\/v2\/pages"}],"about":[{"href":"https:\/\/easyselfies.com\/ro\/wp-json\/wp\/v2\/types\/page"}],"author":[{"embeddable":true,"href":"https:\/\/easyselfies.com\/ro\/wp-json\/wp\/v2\/users\/1"}],"replies":[{"embeddable":true,"href":"https:\/\/easyselfies.com\/ro\/wp-json\/wp\/v2\/comments?post=32475"}],"version-history":[{"count":1,"href":"https:\/\/easyselfies.com\/ro\/wp-json\/wp\/v2\/pages\/32475\/revisions"}],"predecessor-version":[{"id":32476,"href":"https:\/\/easyselfies.com\/ro\/wp-json\/wp\/v2\/pages\/32475\/revisions\/32476"}],"wp:attachment":[{"href":"https:\/\/easyselfies.com\/ro\/wp-json\/wp\/v2\/media?parent=32475"}],"curies":[{"name":"wp","href":"https:\/\/api.w.org\/{rel}","templated":true}]}}