{"id":32542,"date":"2025-11-11T16:17:37","date_gmt":"2025-11-11T16:17:37","guid":{"rendered":"https:\/\/easyselfies.com\/conditii-de-vanzare\/"},"modified":"2025-11-28T21:32:33","modified_gmt":"2025-11-28T21:32:33","slug":"conditii-de-vanzare","status":"publish","type":"page","link":"https:\/\/easyselfies.com\/ro\/conditii-de-vanzare\/","title":{"rendered":"Condi\u021bii de v\u00e2nzare"},"content":{"rendered":"\t\t<div data-elementor-type=\"wp-page\" data-elementor-id=\"32542\" class=\"elementor elementor-32542 elementor-31172\" data-elementor-post-type=\"page\">\n\t\t\t\t<div class=\"elementor-element elementor-element-5fb7590 e-flex e-con-boxed e-con e-parent\" data-id=\"5fb7590\" data-element_type=\"container\">\n\t\t\t\t\t<div class=\"e-con-inner\">\n\t\t<div class=\"elementor-element elementor-element-369baf4 e-con-full e-flex e-con e-child\" data-id=\"369baf4\" data-element_type=\"container\">\n\t\t\t\t<div class=\"elementor-element elementor-element-301d7f9 elementor-widget elementor-widget-text-editor\" data-id=\"301d7f9\" data-element_type=\"widget\" data-widget_type=\"text-editor.default\">\n\t\t\t\t<div class=\"elementor-widget-container\">\n\t\t\t\t\t\t\t\t\t<h3><strong>Condi\u021bii de v\u00e2nzare \u2013 <a href=\"https:\/\/easyselfies.com\/ro\/\" target=\"_blank\" rel=\"noopener noreferrer\">EasySelfies.com<\/a><\/strong><\/h3><p class=\"ds-markdown-paragraph\"><strong>Ultima actualizare:<\/strong> 24 mai 2024<\/p><p class=\"ds-markdown-paragraph\"><strong>1. Acordul cu Termenii<\/strong><br>Prin plasarea unei comenzi cu <a href=\"https:\/\/easyselfies.com\/ro\/\" target=\"_blank\" rel=\"noopener noreferrer\">EasySelfies.com<\/a> (\u201enoi\u201d, \u201enou\u0103\u201d sau \u201eal nostru\/a noastr\u0103\/ai no\u0219tri\/ale noastre\u201d),Sunte\u021bi de acord s\u0103 respecta\u021bi ace\u0219ti Termeni de v\u00e2nzare \u0219i Politica noastr\u0103 de confiden\u021bialitate. V\u0103 rug\u0103m s\u0103 citi\u021bi cu aten\u021bie ace\u0219ti termeni \u00eenainte de a plasa comanda. <\/p><p class=\"ds-markdown-paragraph\"><strong>2. Produse \u0219i pre\u021buri<\/strong><\/p><ul><li><p class=\"ds-markdown-paragraph\">Toate produsele sunt supuse disponibilit\u0103\u021bii.<\/p><\/li><li><p class=\"ds-markdown-paragraph\">Ne rezerv\u0103m dreptul de a limita cantit\u0103\u021bile.<\/p><\/li><li><p class=\"ds-markdown-paragraph\">Pre\u021burile sunt afi\u0219ate \u00een euro (\u20ac) \u0219i includ taxele aplicabile.<\/p><\/li><li><p class=\"ds-markdown-paragraph\">Ne rezerv\u0103m dreptul de a ajusta pre\u021burile \u00een orice moment, \u00eens\u0103 comenzile deja plasate vor fi onorate la pre\u021bul afi\u0219at la momentul achizi\u021biei.<\/p><\/li><li><p class=\"ds-markdown-paragraph\">Product images are for illustrative purposes; actual products may vary slightly.<\/p><\/li><\/ul><p class=\"ds-markdown-paragraph\"><strong>3. Procesul de comand\u0103<\/strong><\/p><ul><li><p class=\"ds-markdown-paragraph\">Acceptarea comenzii are loc \u00een momentul \u00een care trimitem e-mailul de confirmare a comenzii.<\/p><\/li><li><p class=\"ds-markdown-paragraph\">Ne rezerv\u0103m dreptul de a anula orice comand\u0103 \u00eenainte de expediere.<\/p><\/li><li><p class=\"ds-markdown-paragraph\">Trebuie s\u0103 furniza\u021bi informa\u021bii de livrare corecte \u0219i complete.<\/p><\/li><li><p class=\"ds-markdown-paragraph\">Comenzile pot fi supuse unor teste de detectare \u0219i verificare a fraudelor.<\/p><\/li><\/ul><p class=\"ds-markdown-paragraph\"><strong>4. Condi\u021bii de plat\u0103<\/strong><\/p><ul><li><p class=\"ds-markdown-paragraph\">Accept\u0103m principalele carduri de credit \u0219i de debit.<\/p><\/li><li><p class=\"ds-markdown-paragraph\">Plata este procesat\u0103 \u00een siguran\u021b\u0103 prin intermediul procesatorilor de pl\u0103\u021bi compatibili PCI.<\/p><\/li><li><p class=\"ds-markdown-paragraph\">Cardul dumneavoastr\u0103 va fi debitat \u00een momentul plas\u0103rii comenzii.<\/p><\/li><li><p class=\"ds-markdown-paragraph\">Dac\u0103 plata nu poate fi procesat\u0103, comanda dumneavoastr\u0103 nu va fi onorat\u0103.<\/p><\/li><\/ul><p class=\"ds-markdown-paragraph\"><strong>5. Livrare \u0219i expediere<\/strong><\/p><ul><li><p class=\"ds-markdown-paragraph\">Livram in toata lumea.<\/p><\/li><li><p class=\"ds-markdown-paragraph\">Timpii de livrare sunt estima\u021bi \u0219i nu sunt garanta\u021bi.<\/p><\/li><li><p class=\"ds-markdown-paragraph\">Riscul de pierdere v\u0103 este transferat la livrare.<\/p><\/li><li><p class=\"ds-markdown-paragraph\">E\u0219ti responsabil pentru furnizarea unei adrese de livrare corecte. Nu suntem responsabili pentru coletele pierdute sau \u00eent\u00e2rziate din cauza unei adrese incorecte furnizate de client. <\/p><\/li><\/ul><p class=\"ds-markdown-paragraph\"><strong>6. Return\u0103ri \u0219i ramburs\u0103ri<\/strong><\/p><ul><li><p class=\"ds-markdown-paragraph\">Oferim o garan\u021bie de returnare a banilor \u00een 30 de zile. Dac\u0103 nu sunte\u021bi mul\u021bumit de achizi\u021bie, din orice motiv, o pute\u021bi returna \u00een termen de 30 de zile de la livrare pentru o rambursare complet\u0103. <\/p><\/li><li><p class=\"ds-markdown-paragraph\">Produsul trebuie returnat \u00een ambalajul original \u0219i trebuie s\u0103 includ\u0103 toate piesele \u0219i accesoriile originale.<\/p><\/li><li><p class=\"ds-markdown-paragraph\">Produsul nu trebuie s\u0103 fie deteriorat, spart sau s\u0103 lipseasc\u0103 piese dincolo de ceea ce este necesar pentru o inspec\u021bie rezonabil\u0103.<\/p><\/li><li><p class=\"ds-markdown-paragraph\">Ramburs\u0103rile vor fi emise prin metoda de plat\u0103 ini\u021bial\u0103.<\/p><\/li><li><p class=\"ds-markdown-paragraph\">Clien\u021bii sunt responsabili pentru costul transportului de returnare, cu excep\u021bia cazului \u00een care returul se datoreaz\u0103 unui defect sau unei erori din partea noastr\u0103.<\/p><\/li><\/ul><p class=\"ds-markdown-paragraph\"><strong>7. Garan\u021bie \u0219i r\u0103spundere<\/strong><\/p><ul><li><p class=\"ds-markdown-paragraph\">Produsele sunt \u00eenso\u021bite de garan\u021biile produc\u0103torului aplicabile.<\/p><\/li><li><p class=\"ds-markdown-paragraph\">R\u0103spunderea noastr\u0103 este limitat\u0103 la pre\u021bul de achizi\u021bie al produsului.<\/p><\/li><li><p class=\"ds-markdown-paragraph\">Nu suntem r\u0103spunz\u0103tori pentru daune indirecte sau consecutive.<\/p><\/li><li><p class=\"ds-markdown-paragraph\">Este posibil ca unele jurisdic\u021bii s\u0103 nu permit\u0103 limit\u0103ri ale r\u0103spunderii, a\u0219adar este posibil ca acest lucru s\u0103 nu se aplice \u00een cazul dumneavoastr\u0103.<\/p><\/li><\/ul><p class=\"ds-markdown-paragraph\"><strong>8. Proprietatea intelectual\u0103<\/strong><\/p><ul><li><p class=\"ds-markdown-paragraph\">\u00centregul con\u021binut de pe acest site, inclusiv design-urile produselor \u0219i logo-urile, este proprietatea noastr\u0103.<\/p><\/li><li><p class=\"ds-markdown-paragraph\">Nu ave\u021bi dreptul s\u0103 utiliza\u021bi proprietatea noastr\u0103 intelectual\u0103 f\u0103r\u0103 permisiune scris\u0103.<\/p><\/li><\/ul><p class=\"ds-markdown-paragraph\"><strong>9. Utiliz\u0103ri interzise<\/strong><br>Nu ave\u021bi dreptul s\u0103 utiliza\u021bi produsele noastre pentru:<\/p><ul><li><p class=\"ds-markdown-paragraph\">Orice scop ilegal.<\/p><\/li><li><p class=\"ds-markdown-paragraph\">Rev\u00e2nzare comercial\u0103 f\u0103r\u0103 autoriza\u021bie.<\/p><\/li><li><p class=\"ds-markdown-paragraph\">Orice scop care ar putea d\u0103una reputa\u021biei noastre.<\/p><\/li><\/ul><p class=\"ds-markdown-paragraph\"><strong>10.Legea aplicabil\u0103<\/strong><br>Ace\u0219ti termeni sunt guverna\u021bi de legile Angliei \u0219i \u021a\u0103rii Galilor.<\/p><p class=\"ds-markdown-paragraph\"><strong>11. Modific\u0103ri ale Termenilor<\/strong><br>Ne rezerv\u0103m dreptul de a actualiza ace\u0219ti termeni \u00een orice moment. Termenii actuali vor fi \u00eentotdeauna publica\u021bi pe site-ul nostru web. <\/p><p class=\"ds-markdown-paragraph\"><strong>12. Informa\u021bii de contact<\/strong><br>Pentru \u00eentreb\u0103ri despre ace\u0219ti Termeni de v\u00e2nzare:<br><strong>E-mail:<\/strong> info@easyselfies.com<br><strong>Ne propunem s\u0103 r\u0103spundem \u00een termen de 2 zile lucr\u0103toare.<\/strong><\/p>\t\t\t\t\t\t\t\t<\/div>\n\t\t\t\t<\/div>\n\t\t\t\t<\/div>\n\t\t\t\t\t<\/div>\n\t\t\t\t<\/div>\n\t\t\t\t<\/div>\n\t\t","protected":false},"excerpt":{"rendered":"<p>Condi\u021bii de v\u00e2nzare \u2013 EasySelfies.com Ultima actualizare: 24 mai 2024 1. Acordul cu TermeniiPrin plasarea unei comenzi cu EasySelfies.com (\u201enoi\u201d, \u201enou\u0103\u201d sau \u201eal nostru\/a noastr\u0103\/ai no\u0219tri\/ale noastre\u201d),Sunte\u021bi de acord s\u0103 respecta\u021bi ace\u0219ti Termeni de v\u00e2nzare \u0219i Politica noastr\u0103 de confiden\u021bialitate. V\u0103 rug\u0103m s\u0103 citi\u021bi cu aten\u021bie ace\u0219ti termeni \u00eenainte de a plasa comanda. 2. Produse [&hellip;]<\/p>\n","protected":false},"author":1,"featured_media":0,"parent":0,"menu_order":0,"comment_status":"closed","ping_status":"closed","template":"","meta":{"footnotes":""},"class_list":["post-32542","page","type-page","status-publish","hentry"],"_links":{"self":[{"href":"https:\/\/easyselfies.com\/ro\/wp-json\/wp\/v2\/pages\/32542","targetHints":{"allow":["GET"]}}],"collection":[{"href":"https:\/\/easyselfies.com\/ro\/wp-json\/wp\/v2\/pages"}],"about":[{"href":"https:\/\/easyselfies.com\/ro\/wp-json\/wp\/v2\/types\/page"}],"author":[{"embeddable":true,"href":"https:\/\/easyselfies.com\/ro\/wp-json\/wp\/v2\/users\/1"}],"replies":[{"embeddable":true,"href":"https:\/\/easyselfies.com\/ro\/wp-json\/wp\/v2\/comments?post=32542"}],"version-history":[{"count":1,"href":"https:\/\/easyselfies.com\/ro\/wp-json\/wp\/v2\/pages\/32542\/revisions"}],"predecessor-version":[{"id":32543,"href":"https:\/\/easyselfies.com\/ro\/wp-json\/wp\/v2\/pages\/32542\/revisions\/32543"}],"wp:attachment":[{"href":"https:\/\/easyselfies.com\/ro\/wp-json\/wp\/v2\/media?parent=32542"}],"curies":[{"name":"wp","href":"https:\/\/api.w.org\/{rel}","templated":true}]}}